{"id":106,"date":"2024-05-29T13:11:13","date_gmt":"2024-05-29T16:11:13","guid":{"rendered":"https:\/\/estilingueprofissional.com.br\/web\/?page_id=106"},"modified":"2024-08-05T16:39:44","modified_gmt":"2024-08-05T19:39:44","slug":"como-amarrar-a-borracha-do-estilingue","status":"publish","type":"page","link":"https:\/\/estilingueprofissional.com.br\/web\/como-amarrar-a-borracha-do-estilingue\/","title":{"rendered":"Como Amarrar a Borracha do Estilingue"},"content":{"rendered":"\n<h2 class=\"wp-block-heading\">Faixas el\u00e1sticas em oferta!<\/h2>\n\n\n\n<div class=\"wp-block-columns is-layout-flex wp-container-core-columns-is-layout-9d6595d7 wp-block-columns-is-layout-flex\">\n<div class=\"wp-block-column is-layout-flow wp-block-column-is-layout-flow\">\n<figure class=\"wp-block-image size-large\"><a href=\"https:\/\/shope.ee\/89vpvBLcY4\" target=\"_blank\" rel=\"noreferrer noopener\"><img loading=\"lazy\" decoding=\"async\" width=\"1024\" height=\"1024\" src=\"https:\/\/estilingueprofissional.com.br\/web\/wp-content\/uploads\/048-1024x1024.jpg\" alt=\"\" class=\"wp-image-290\" srcset=\"https:\/\/estilingueprofissional.com.br\/web\/wp-content\/uploads\/048-1024x1024.jpg 1024w, https:\/\/estilingueprofissional.com.br\/web\/wp-content\/uploads\/048-300x300.jpg 300w, https:\/\/estilingueprofissional.com.br\/web\/wp-content\/uploads\/048-150x150.jpg 150w, https:\/\/estilingueprofissional.com.br\/web\/wp-content\/uploads\/048-768x768.jpg 768w, https:\/\/estilingueprofissional.com.br\/web\/wp-content\/uploads\/048.jpg 1080w\" sizes=\"auto, (max-width: 1024px) 100vw, 1024px\" \/><\/a><figcaption class=\"wp-element-caption\"><strong><a href=\"https:\/\/shope.ee\/89vpvBLcY4\" target=\"_blank\" rel=\"noreferrer noopener\">Clique para ver oferta<\/a><\/strong><\/figcaption><\/figure>\n<\/div>\n\n\n\n<div class=\"wp-block-column is-layout-flow wp-block-column-is-layout-flow\">\n<figure class=\"wp-block-image size-full\"><a href=\"https:\/\/shope.ee\/1At0bX3Crd\" target=\"_blank\" rel=\"noreferrer noopener\"><img loading=\"lazy\" decoding=\"async\" width=\"932\" height=\"932\" src=\"https:\/\/estilingueprofissional.com.br\/web\/wp-content\/uploads\/049.jpg\" alt=\"\" class=\"wp-image-291\" srcset=\"https:\/\/estilingueprofissional.com.br\/web\/wp-content\/uploads\/049.jpg 932w, https:\/\/estilingueprofissional.com.br\/web\/wp-content\/uploads\/049-300x300.jpg 300w, https:\/\/estilingueprofissional.com.br\/web\/wp-content\/uploads\/049-150x150.jpg 150w, https:\/\/estilingueprofissional.com.br\/web\/wp-content\/uploads\/049-768x768.jpg 768w\" sizes=\"auto, (max-width: 932px) 100vw, 932px\" \/><\/a><figcaption class=\"wp-element-caption\"><a href=\"https:\/\/shope.ee\/1At0bX3Crd\" target=\"_blank\" rel=\"noreferrer noopener\">Clique para ver oferta<\/a><\/figcaption><\/figure>\n<\/div>\n\n\n\n<div class=\"wp-block-column is-layout-flow wp-block-column-is-layout-flow\">\n<figure class=\"wp-block-image size-large\"><a href=\"https:\/\/shope.ee\/a8FO77Qn\" target=\"_blank\" rel=\"noreferrer noopener\"><img loading=\"lazy\" decoding=\"async\" width=\"1024\" height=\"1024\" src=\"https:\/\/estilingueprofissional.com.br\/web\/wp-content\/uploads\/050-1024x1024.jpg\" alt=\"\" class=\"wp-image-292\" srcset=\"https:\/\/estilingueprofissional.com.br\/web\/wp-content\/uploads\/050-1024x1024.jpg 1024w, https:\/\/estilingueprofissional.com.br\/web\/wp-content\/uploads\/050-300x300.jpg 300w, https:\/\/estilingueprofissional.com.br\/web\/wp-content\/uploads\/050-150x150.jpg 150w, https:\/\/estilingueprofissional.com.br\/web\/wp-content\/uploads\/050-768x768.jpg 768w, https:\/\/estilingueprofissional.com.br\/web\/wp-content\/uploads\/050.jpg 1080w\" sizes=\"auto, (max-width: 1024px) 100vw, 1024px\" \/><\/a><figcaption class=\"wp-element-caption\"><a href=\"https:\/\/shope.ee\/a8FO77Qn\" target=\"_blank\" rel=\"noreferrer noopener\">Clique para ver oferta<\/a><\/figcaption><\/figure>\n<\/div>\n\n\n\n<div class=\"wp-block-column is-layout-flow wp-block-column-is-layout-flow\">\n<figure class=\"wp-block-image size-large\"><a href=\"https:\/\/shope.ee\/9pGPQy3kqG\" target=\"_blank\" rel=\"noreferrer noopener\"><img loading=\"lazy\" decoding=\"async\" width=\"1024\" height=\"1024\" src=\"https:\/\/estilingueprofissional.com.br\/web\/wp-content\/uploads\/051-1024x1024.jpg\" alt=\"\" class=\"wp-image-293\" srcset=\"https:\/\/estilingueprofissional.com.br\/web\/wp-content\/uploads\/051-1024x1024.jpg 1024w, https:\/\/estilingueprofissional.com.br\/web\/wp-content\/uploads\/051-300x300.jpg 300w, https:\/\/estilingueprofissional.com.br\/web\/wp-content\/uploads\/051-150x150.jpg 150w, https:\/\/estilingueprofissional.com.br\/web\/wp-content\/uploads\/051-768x768.jpg 768w, https:\/\/estilingueprofissional.com.br\/web\/wp-content\/uploads\/051.jpg 1080w\" sizes=\"auto, (max-width: 1024px) 100vw, 1024px\" \/><\/a><figcaption class=\"wp-element-caption\"><a href=\"https:\/\/shope.ee\/9pGPQy3kqG\" target=\"_blank\" rel=\"noreferrer noopener\">Clique para ver oferta<\/a><\/figcaption><\/figure>\n<\/div>\n<\/div>\n\n\n<h3>Dicas de como facilitar as amarra\u00e7\u00f5es no estilingue<\/h3>\n<p>Todos n\u00f3s j\u00e1 apanhamos um pouco na hora de amarrar a borracha do estilingue na forquilha ou na malha, n\u00e3o \u00e9 mesmo?<br \/>O processo exige um pouco de aten\u00e7\u00e3o, jeito e sensibilidade na for\u00e7a a ser aplicada para as amarras n\u00e3o ficarem frouxas (na forquilha) ou ficarem apertadas demais (na malha).<br \/>Claro que com a repeti\u00e7\u00e3o do processo a gente acaba se acostumando e at\u00e9 achando f\u00e1cil.<br \/>Por\u00e9m, apesar do processo n\u00e3o ser algo dif\u00edcil, algumas pessoas tem reclamado, ou pelo menos perguntado, se n\u00e3o existe um processo mais f\u00e1cil, pr\u00e1tico e r\u00e1pido para se amarrar as borrachas no estilingue, principalmente na forquilha.<br \/>A verdade \u00e9 que tamb\u00e9m sempre achei meio inc\u00f4modo amarrar as borrachas na forquilha. Dar o n\u00f3 contritor na parte da malha \u00e9 bem mais simples e f\u00e1cil de aprender.<br \/>Existem algumas formas para amarrar os el\u00e1sticos na forquilha do estilingue, sendo o m\u00e9todo mais tradicional, enrolar uma fita el\u00e1stica dando v\u00e1rias voltas apertadas em torno da forquilha, depois dando uma &#8220;PASSADA&#8221; por baixo na \u00faltima volta.<br \/>Pode n\u00e3o parecer, mas depois de amarrar uns tres estilingues as m\u00e3os j\u00e1 come\u00e7am a doer e a dar c\u00e3ibras.<\/p>\n<p><div class='embed-container'><iframe loading=\"lazy\" title=\"Como amarrar a borracha do estilingue\" width=\"1920\" height=\"1080\" src=\"https:\/\/www.youtube.com\/embed\/Id2vhNLORQI?feature=oembed\" frameborder=\"0\" allow=\"accelerometer; autoplay; clipboard-write; encrypted-media; gyroscope; picture-in-picture; web-share\" referrerpolicy=\"strict-origin-when-cross-origin\" allowfullscreen><\/iframe><\/div><\/p>\n<p>Por ser um processo &#8220;chatinho&#8221; \u00e9 que inventaram engenhocas para ajudar na hora de esticar e segurar as partes com seguran\u00e7a e sem desperd\u00edcio de trabalho. Na internet tem v\u00e1rios v\u00eddeos sobre este assunto onde mostram como usar alguns aparelhinhos ou at\u00e9 tesouras cir\u00fargicas. Na verdade estes equipamentos facilitam o processo, mas n\u00e3o o tornam t\u00e3o mais r\u00e1pido assim.<br \/>O m\u00e9todo mais r\u00e1pido que conhe\u00e7o \u00e9 passar o &#8220;ENFORCA GATO&#8221;, tecnicamente conhecido como abra\u00e7adeira de nylon, que venho usando h\u00e1 muito tempo nos estilingues com tripa de mico sem ter qualquer problema.<br \/>O truque est\u00e1 no uso de um acabamento de couro na extremidade que vai ser amarrado na forquilha, onde fa\u00e7o um pequeno corte nos cantos para facilitar o encaixe e evitar que solte com facilidade, uma vez que a press\u00e3o na parte central \u00e9 menor que nas extremidades.<\/p>\n<p><img decoding=\"async\" src=\"https:\/\/estilingueprofissional.com.br\/web\/wp-content\/uploads\/couro-tripa-300x188.jpg\" \/><\/p>\n<p>Como este m\u00e9todo que criei, tem dado muito certo com a tripa de mico, resolvi adot\u00e1~lo tamb\u00e9m para as fitas el\u00e1sticas.<br \/>Tive que fazer algumas adapta\u00e7\u00f5es baseadas nas reclama\u00e7\u00f5es mais comuns e fiquei muito satisfeito com o resultado positivo conseguido, apesar de exigir um pouco mais de aten\u00e7\u00e3o na hora de montar a coisa toda.<br \/>O problema que mais ocorre \u00e9 a fita el\u00e1stica se soltar das amarras, seja por falta de aperto na hora da montagem, ou tamb\u00e9m por pegarem a forquilha ao contr\u00e1rio na hora de dar o tiro, ou ainda por for\u00e7ar (esticar muito) na hora do tiro.<br \/>Observem estas fotos abaixo e notem que mesmo com el\u00e1stico ou outro tipo de fita na amarra\u00e7\u00e3o, a parte central da fita el\u00e1stica acaba sofrendo mais a a\u00e7\u00e3o da puxada e finalmente acaba se soltando.<\/p>\n<p><img decoding=\"async\" src=\"https:\/\/estilingueprofissional.com.br\/web\/wp-content\/uploads\/borracha-repuchada-300x170.jpg\" \/><\/p>\n<p>A solu\u00e7\u00e3o para este problema seria conseguir travar a faixa el\u00e1stica de forma que ela n\u00e3o &#8220;escorregasse&#8221; no meio das amarras. A solu\u00e7\u00e3o que encontrei para estes casos foi colocar um peda\u00e7o de palito de dente na dobra da fita el\u00e1stica, para servir de apoio na parte central, impedindo que a faixa se soltasse por baixo das amarras. Esta maneira acabou funcionando mesmo para as amarra\u00e7\u00f5es tradicionais que ficavam um pouquinho frouxas.<\/p>\n<p><img decoding=\"async\" src=\"https:\/\/estilingueprofissional.com.br\/web\/wp-content\/uploads\/palito-300x200.jpg\" \/><\/p>\n<p>Dito isto, vamos passar ent\u00e3o a ver como utilizar de forma adequada a abra\u00e7adeira de nylon (engasga gato).<br \/>A presilha (engasga gato)que tenho usado \u00e9 mais estreita (2,5mm) e tamb\u00e9m um pouco mais cumprida (150 a 200mm) para dar mais apoio na hora de puxar. Observe que o corpo da presilha n\u00e3o pode ter rebarbas cortantes para evitar estragos na fita el\u00e1stica. Procure comprar um produto de qualidade, afinal de contas estas presilhas custam centavos apenas, ent\u00e3o use a melhor que puder.<br \/>ATEN\u00c7\u00c3O: quando for usar este m\u00e9todo v\u00e1 puxando devagar a abra\u00e7adeira e ajustando a press\u00e3o na forquilha. Pare quando sentir que est\u00e1 firme.<\/p>\n<p><img decoding=\"async\" src=\"https:\/\/estilingueprofissional.com.br\/web\/wp-content\/uploads\/elastico-abracadeira-300x204.jpg\" \/><\/p>\n<p>O outro truque que tenho usado \u00e9 transpassar a presilha num peda\u00e7o de tripa de mico cortada no tamanho adequado a ponta da forquilha. Minhas forquilhas tem 2cm. e 2,5cm de largura, ent\u00e3o corto a tripa de mico com 3 e 4 cm.<\/p>\n<p><img decoding=\"async\" src=\"https:\/\/estilingueprofissional.com.br\/web\/wp-content\/uploads\/engasga-gato-300x186.jpg\" \/><\/p>\n<p>Veja em detalhe como o acabamento com o palito d\u00e1 maior seguran\u00e7a na amarra\u00e7\u00e3o, evitando que a parte central da fita el\u00e1stica acabe escorregando por debaixo tanto da amarra com el\u00e1stico como com a abra\u00e7adeira de nylon revestida com tripa de mico.<\/p>\n<p><img decoding=\"async\" src=\"https:\/\/estilingueprofissional.com.br\/web\/wp-content\/uploads\/detalhe-300x173.jpg\" \/><\/p>\n\n\n<h2 class=\"wp-block-heading\">Ofertas de sobreviv\u00eancia e buchcraft<\/h2>\n\n\n\n<div class=\"wp-block-columns is-layout-flex wp-container-core-columns-is-layout-9d6595d7 wp-block-columns-is-layout-flex\">\n<div class=\"wp-block-column is-layout-flow wp-block-column-is-layout-flow\"><div class=\"wp-block-image\">\n<figure class=\"aligncenter size-full\"><a href=\"https:\/\/s.shopee.com.br\/7zsrQFybDw\" target=\"_blank\" rel=\"noreferrer noopener\"><img loading=\"lazy\" decoding=\"async\" width=\"1024\" height=\"1024\" src=\"https:\/\/estilingueprofissional.com.br\/web\/wp-content\/uploads\/parafusadeira.jpg\" alt=\"Parafusadeira Snel sem fio\" class=\"wp-image-475\" srcset=\"https:\/\/estilingueprofissional.com.br\/web\/wp-content\/uploads\/parafusadeira.jpg 1024w, https:\/\/estilingueprofissional.com.br\/web\/wp-content\/uploads\/parafusadeira-300x300.jpg 300w, https:\/\/estilingueprofissional.com.br\/web\/wp-content\/uploads\/parafusadeira-150x150.jpg 150w, https:\/\/estilingueprofissional.com.br\/web\/wp-content\/uploads\/parafusadeira-768x768.jpg 768w\" sizes=\"auto, (max-width: 1024px) 100vw, 1024px\" \/><\/a><figcaption class=\"wp-element-caption\"><a href=\"https:\/\/s.shopee.com.br\/7zsrQFybDw\" target=\"_blank\" rel=\"noreferrer noopener\">Clique para ver oferta<\/a><\/figcaption><\/figure>\n<\/div><\/div>\n\n\n\n<div class=\"wp-block-column is-layout-flow wp-block-column-is-layout-flow\"><div class=\"wp-block-image\">\n<figure class=\"aligncenter size-full\"><a href=\"https:\/\/s.shopee.com.br\/qZuFp0XC\" target=\"_blank\" rel=\"noreferrer noopener\"><img loading=\"lazy\" decoding=\"async\" width=\"800\" height=\"800\" src=\"https:\/\/estilingueprofissional.com.br\/web\/wp-content\/uploads\/barbeador.jpg\" alt=\"Barbeador El\u00e9trico \/ M\u00e1quina De Barba El\u00e9trica Recarreg\u00e1vel Para Barba Masculina\" class=\"wp-image-483\" srcset=\"https:\/\/estilingueprofissional.com.br\/web\/wp-content\/uploads\/barbeador.jpg 800w, https:\/\/estilingueprofissional.com.br\/web\/wp-content\/uploads\/barbeador-300x300.jpg 300w, https:\/\/estilingueprofissional.com.br\/web\/wp-content\/uploads\/barbeador-150x150.jpg 150w, https:\/\/estilingueprofissional.com.br\/web\/wp-content\/uploads\/barbeador-768x768.jpg 768w\" sizes=\"auto, (max-width: 800px) 100vw, 800px\" \/><\/a><figcaption class=\"wp-element-caption\"><a href=\"https:\/\/s.shopee.com.br\/qZuFp0XC\">Clique para ver oferta<\/a><\/figcaption><\/figure>\n<\/div><\/div>\n\n\n\n<div class=\"wp-block-column is-layout-flow wp-block-column-is-layout-flow\"><div class=\"wp-block-image\">\n<figure class=\"aligncenter size-full\"><a href=\"https:\/\/shope.ee\/5peq9RBY9g\" target=\"_blank\" rel=\"noreferrer noopener\"><img loading=\"lazy\" decoding=\"async\" width=\"610\" height=\"610\" src=\"https:\/\/estilingueprofissional.com.br\/web\/wp-content\/uploads\/058.jpg\" alt=\"\" class=\"wp-image-295\" srcset=\"https:\/\/estilingueprofissional.com.br\/web\/wp-content\/uploads\/058.jpg 610w, https:\/\/estilingueprofissional.com.br\/web\/wp-content\/uploads\/058-300x300.jpg 300w, https:\/\/estilingueprofissional.com.br\/web\/wp-content\/uploads\/058-150x150.jpg 150w\" sizes=\"auto, (max-width: 610px) 100vw, 610px\" \/><\/a><figcaption class=\"wp-element-caption\"><a href=\"https:\/\/shope.ee\/5peq9RBY9g\" target=\"_blank\" rel=\"noreferrer noopener\">Clique para ver oferta<\/a><\/figcaption><\/figure>\n<\/div><\/div>\n\n\n\n<div class=\"wp-block-column is-layout-flow wp-block-column-is-layout-flow\"><div class=\"wp-block-image\">\n<figure class=\"aligncenter size-full\"><a href=\"https:\/\/s.shopee.com.br\/2LEUekYRPs\" target=\"_blank\" rel=\"noreferrer noopener\"><img loading=\"lazy\" decoding=\"async\" width=\"558\" height=\"558\" src=\"https:\/\/estilingueprofissional.com.br\/web\/wp-content\/uploads\/celular-readmi-13c.jpg\" alt=\"celular Xiaomi Redmi 13C\" class=\"wp-image-470\" srcset=\"https:\/\/estilingueprofissional.com.br\/web\/wp-content\/uploads\/celular-readmi-13c.jpg 558w, https:\/\/estilingueprofissional.com.br\/web\/wp-content\/uploads\/celular-readmi-13c-300x300.jpg 300w, https:\/\/estilingueprofissional.com.br\/web\/wp-content\/uploads\/celular-readmi-13c-150x150.jpg 150w\" sizes=\"auto, (max-width: 558px) 100vw, 558px\" \/><\/a><figcaption class=\"wp-element-caption\"><a href=\"https:\/\/s.shopee.com.br\/2LEUekYRPs\" target=\"_blank\" rel=\"noreferrer noopener\">Clique para ver oferta<\/a><\/figcaption><\/figure>\n<\/div><\/div>\n<\/div>\n","protected":false},"excerpt":{"rendered":"<p>Faixas el\u00e1sticas em oferta! Dicas de como facilitar as amarra\u00e7\u00f5es no estilingue Todos n\u00f3s j\u00e1 apanhamos um pouco na hora de amarrar a borracha do estilingue na forquilha ou na malha, n\u00e3o \u00e9 mesmo?O processo exige um pouco de aten\u00e7\u00e3o, jeito e sensibilidade na for\u00e7a a ser aplicada para as amarras n\u00e3o ficarem frouxas (na&hellip; <br \/> <a class=\"read-more\" href=\"https:\/\/estilingueprofissional.com.br\/web\/como-amarrar-a-borracha-do-estilingue\/\">Leia mais<\/a><\/p>\n","protected":false},"author":1,"featured_media":0,"parent":0,"menu_order":0,"comment_status":"closed","ping_status":"closed","template":"","meta":{"footnotes":""},"class_list":["post-106","page","type-page","status-publish","hentry"],"yoast_head":"<!-- This site is optimized with the Yoast SEO plugin v27.2 - https:\/\/yoast.com\/product\/yoast-seo-wordpress\/ -->\n<title>Como Amarrar a Borracha do Estilingue - Estilingue Profissional<\/title>\n<meta name=\"robots\" content=\"index, follow, max-snippet:-1, max-image-preview:large, max-video-preview:-1\" \/>\n<link rel=\"canonical\" href=\"https:\/\/estilingueprofissional.com.br\/web\/como-amarrar-a-borracha-do-estilingue\/\" \/>\n<meta property=\"og:locale\" content=\"pt_BR\" \/>\n<meta property=\"og:type\" content=\"article\" \/>\n<meta property=\"og:title\" content=\"Como Amarrar a Borracha do Estilingue - Estilingue Profissional\" \/>\n<meta property=\"og:description\" content=\"Faixas el\u00e1sticas em oferta! Dicas de como facilitar as amarra\u00e7\u00f5es no estilingue Todos n\u00f3s j\u00e1 apanhamos um pouco na hora de amarrar a borracha do estilingue na forquilha ou na malha, n\u00e3o \u00e9 mesmo?O processo exige um pouco de aten\u00e7\u00e3o, jeito e sensibilidade na for\u00e7a a ser aplicada para as amarras n\u00e3o ficarem frouxas (na&hellip; Leia mais\" \/>\n<meta property=\"og:url\" content=\"https:\/\/estilingueprofissional.com.br\/web\/como-amarrar-a-borracha-do-estilingue\/\" \/>\n<meta property=\"og:site_name\" content=\"Estilingue Profissional\" \/>\n<meta property=\"article:publisher\" content=\"https:\/\/www.facebook.com\/estilingueprofissional\" \/>\n<meta property=\"article:modified_time\" content=\"2024-08-05T19:39:44+00:00\" \/>\n<meta property=\"og:image\" content=\"https:\/\/estilingueprofissional.com.br\/web\/wp-content\/uploads\/048-1024x1024.jpg\" \/>\n<meta name=\"twitter:card\" content=\"summary_large_image\" \/>\n<meta name=\"twitter:label1\" content=\"Est. tempo de leitura\" \/>\n\t<meta name=\"twitter:data1\" content=\"8 minutos\" \/>\n<script type=\"application\/ld+json\" class=\"yoast-schema-graph\">{\"@context\":\"https:\/\/schema.org\",\"@graph\":[{\"@type\":\"WebPage\",\"@id\":\"https:\/\/estilingueprofissional.com.br\/web\/como-amarrar-a-borracha-do-estilingue\/\",\"url\":\"https:\/\/estilingueprofissional.com.br\/web\/como-amarrar-a-borracha-do-estilingue\/\",\"name\":\"Como Amarrar a Borracha do Estilingue - Estilingue Profissional\",\"isPartOf\":{\"@id\":\"https:\/\/estilingueprofissional.com.br\/web\/#website\"},\"primaryImageOfPage\":{\"@id\":\"https:\/\/estilingueprofissional.com.br\/web\/como-amarrar-a-borracha-do-estilingue\/#primaryimage\"},\"image\":{\"@id\":\"https:\/\/estilingueprofissional.com.br\/web\/como-amarrar-a-borracha-do-estilingue\/#primaryimage\"},\"thumbnailUrl\":\"https:\/\/estilingueprofissional.com.br\/web\/wp-content\/uploads\/048-1024x1024.jpg\",\"datePublished\":\"2024-05-29T16:11:13+00:00\",\"dateModified\":\"2024-08-05T19:39:44+00:00\",\"breadcrumb\":{\"@id\":\"https:\/\/estilingueprofissional.com.br\/web\/como-amarrar-a-borracha-do-estilingue\/#breadcrumb\"},\"inLanguage\":\"pt-BR\",\"potentialAction\":[{\"@type\":\"ReadAction\",\"target\":[\"https:\/\/estilingueprofissional.com.br\/web\/como-amarrar-a-borracha-do-estilingue\/\"]}]},{\"@type\":\"ImageObject\",\"inLanguage\":\"pt-BR\",\"@id\":\"https:\/\/estilingueprofissional.com.br\/web\/como-amarrar-a-borracha-do-estilingue\/#primaryimage\",\"url\":\"https:\/\/estilingueprofissional.com.br\/web\/wp-content\/uploads\/048.jpg\",\"contentUrl\":\"https:\/\/estilingueprofissional.com.br\/web\/wp-content\/uploads\/048.jpg\",\"width\":1080,\"height\":1080,\"caption\":\"xr:d:DAFRFO1d6ko:5,j:40068112104,t:22110512\"},{\"@type\":\"BreadcrumbList\",\"@id\":\"https:\/\/estilingueprofissional.com.br\/web\/como-amarrar-a-borracha-do-estilingue\/#breadcrumb\",\"itemListElement\":[{\"@type\":\"ListItem\",\"position\":1,\"name\":\"In\u00edcio\",\"item\":\"https:\/\/estilingueprofissional.com.br\/web\/\"},{\"@type\":\"ListItem\",\"position\":2,\"name\":\"Como Amarrar a Borracha do Estilingue\"}]},{\"@type\":\"WebSite\",\"@id\":\"https:\/\/estilingueprofissional.com.br\/web\/#website\",\"url\":\"https:\/\/estilingueprofissional.com.br\/web\/\",\"name\":\"Estilingue Profissional\",\"description\":\"\",\"potentialAction\":[{\"@type\":\"SearchAction\",\"target\":{\"@type\":\"EntryPoint\",\"urlTemplate\":\"https:\/\/estilingueprofissional.com.br\/web\/?s={search_term_string}\"},\"query-input\":{\"@type\":\"PropertyValueSpecification\",\"valueRequired\":true,\"valueName\":\"search_term_string\"}}],\"inLanguage\":\"pt-BR\"}]}<\/script>\n<!-- \/ Yoast SEO plugin. -->","yoast_head_json":{"title":"Como Amarrar a Borracha do Estilingue - Estilingue Profissional","robots":{"index":"index","follow":"follow","max-snippet":"max-snippet:-1","max-image-preview":"max-image-preview:large","max-video-preview":"max-video-preview:-1"},"canonical":"https:\/\/estilingueprofissional.com.br\/web\/como-amarrar-a-borracha-do-estilingue\/","og_locale":"pt_BR","og_type":"article","og_title":"Como Amarrar a Borracha do Estilingue - Estilingue Profissional","og_description":"Faixas el\u00e1sticas em oferta! Dicas de como facilitar as amarra\u00e7\u00f5es no estilingue Todos n\u00f3s j\u00e1 apanhamos um pouco na hora de amarrar a borracha do estilingue na forquilha ou na malha, n\u00e3o \u00e9 mesmo?O processo exige um pouco de aten\u00e7\u00e3o, jeito e sensibilidade na for\u00e7a a ser aplicada para as amarras n\u00e3o ficarem frouxas (na&hellip; Leia mais","og_url":"https:\/\/estilingueprofissional.com.br\/web\/como-amarrar-a-borracha-do-estilingue\/","og_site_name":"Estilingue Profissional","article_publisher":"https:\/\/www.facebook.com\/estilingueprofissional","article_modified_time":"2024-08-05T19:39:44+00:00","og_image":[{"url":"https:\/\/estilingueprofissional.com.br\/web\/wp-content\/uploads\/048-1024x1024.jpg","type":"","width":"","height":""}],"twitter_card":"summary_large_image","twitter_misc":{"Est. tempo de leitura":"8 minutos"},"schema":{"@context":"https:\/\/schema.org","@graph":[{"@type":"WebPage","@id":"https:\/\/estilingueprofissional.com.br\/web\/como-amarrar-a-borracha-do-estilingue\/","url":"https:\/\/estilingueprofissional.com.br\/web\/como-amarrar-a-borracha-do-estilingue\/","name":"Como Amarrar a Borracha do Estilingue - Estilingue Profissional","isPartOf":{"@id":"https:\/\/estilingueprofissional.com.br\/web\/#website"},"primaryImageOfPage":{"@id":"https:\/\/estilingueprofissional.com.br\/web\/como-amarrar-a-borracha-do-estilingue\/#primaryimage"},"image":{"@id":"https:\/\/estilingueprofissional.com.br\/web\/como-amarrar-a-borracha-do-estilingue\/#primaryimage"},"thumbnailUrl":"https:\/\/estilingueprofissional.com.br\/web\/wp-content\/uploads\/048-1024x1024.jpg","datePublished":"2024-05-29T16:11:13+00:00","dateModified":"2024-08-05T19:39:44+00:00","breadcrumb":{"@id":"https:\/\/estilingueprofissional.com.br\/web\/como-amarrar-a-borracha-do-estilingue\/#breadcrumb"},"inLanguage":"pt-BR","potentialAction":[{"@type":"ReadAction","target":["https:\/\/estilingueprofissional.com.br\/web\/como-amarrar-a-borracha-do-estilingue\/"]}]},{"@type":"ImageObject","inLanguage":"pt-BR","@id":"https:\/\/estilingueprofissional.com.br\/web\/como-amarrar-a-borracha-do-estilingue\/#primaryimage","url":"https:\/\/estilingueprofissional.com.br\/web\/wp-content\/uploads\/048.jpg","contentUrl":"https:\/\/estilingueprofissional.com.br\/web\/wp-content\/uploads\/048.jpg","width":1080,"height":1080,"caption":"xr:d:DAFRFO1d6ko:5,j:40068112104,t:22110512"},{"@type":"BreadcrumbList","@id":"https:\/\/estilingueprofissional.com.br\/web\/como-amarrar-a-borracha-do-estilingue\/#breadcrumb","itemListElement":[{"@type":"ListItem","position":1,"name":"In\u00edcio","item":"https:\/\/estilingueprofissional.com.br\/web\/"},{"@type":"ListItem","position":2,"name":"Como Amarrar a Borracha do Estilingue"}]},{"@type":"WebSite","@id":"https:\/\/estilingueprofissional.com.br\/web\/#website","url":"https:\/\/estilingueprofissional.com.br\/web\/","name":"Estilingue Profissional","description":"","potentialAction":[{"@type":"SearchAction","target":{"@type":"EntryPoint","urlTemplate":"https:\/\/estilingueprofissional.com.br\/web\/?s={search_term_string}"},"query-input":{"@type":"PropertyValueSpecification","valueRequired":true,"valueName":"search_term_string"}}],"inLanguage":"pt-BR"}]}},"_links":{"self":[{"href":"https:\/\/estilingueprofissional.com.br\/web\/wp-json\/wp\/v2\/pages\/106","targetHints":{"allow":["GET"]}}],"collection":[{"href":"https:\/\/estilingueprofissional.com.br\/web\/wp-json\/wp\/v2\/pages"}],"about":[{"href":"https:\/\/estilingueprofissional.com.br\/web\/wp-json\/wp\/v2\/types\/page"}],"author":[{"embeddable":true,"href":"https:\/\/estilingueprofissional.com.br\/web\/wp-json\/wp\/v2\/users\/1"}],"replies":[{"embeddable":true,"href":"https:\/\/estilingueprofissional.com.br\/web\/wp-json\/wp\/v2\/comments?post=106"}],"version-history":[{"count":34,"href":"https:\/\/estilingueprofissional.com.br\/web\/wp-json\/wp\/v2\/pages\/106\/revisions"}],"predecessor-version":[{"id":486,"href":"https:\/\/estilingueprofissional.com.br\/web\/wp-json\/wp\/v2\/pages\/106\/revisions\/486"}],"wp:attachment":[{"href":"https:\/\/estilingueprofissional.com.br\/web\/wp-json\/wp\/v2\/media?parent=106"}],"curies":[{"name":"wp","href":"https:\/\/api.w.org\/{rel}","templated":true}]}}