{"id":238,"date":"2024-05-30T16:56:37","date_gmt":"2024-05-30T19:56:37","guid":{"rendered":"https:\/\/estilingueprofissional.com.br\/web\/mesmerize\/"},"modified":"2024-06-02T18:27:19","modified_gmt":"2024-06-02T21:27:19","slug":"mesmerize","status":"publish","type":"page","link":"https:\/\/estilingueprofissional.com.br\/web\/","title":{"rendered":"In\u00edcio"},"content":{"rendered":"<div  id=\"content-13\" style=\"background-color: #f5fafd;\" data-label=\"Content\" data-id=\"content-2\" data-export-id=\"content-2\" data-category=\"content\" class=\"content-2 content-section content-section-spacing\"><div > <div  class=\"row middle-xs\"><div  class=\"col-sm-5 bg-image shadow-large-black\" data-bg=\"image\" style=\"background-image: url(&quot;https:\/\/estilingueprofissional.com.br\/web\/wp-content\/uploads\/cropped-arqueiro.jpg&quot;);\"><\/div> <div  class=\"col-sm-7 full-col-left-padding full-col-right-padding\"> <div  class=\"row\"> <div  data-type=\"column\" class=\"space-bottom-small content-title-col\">  <h2  class=\"\">O Segredos do Tiro no Alvo<\/h2> <p  class=\"\">Descubra o mundo selvagem da arte dos estilingues e arcos de madeira feitos \u00e0 m\u00e3o! Prepare-se para uma aventura \u00fanica e cheia de emo\u00e7\u00e3o.\n<br >Nossos v\u00eddeos s\u00e3o mais viciantes que mirar em um alvo e acertar na mosca! Descubra os segredos por tr\u00e1s da arte dos estilingues e arco e flecha.<\/p><\/div> <\/div> <div  class=\"row spaced-cols \" data-type=\"row\"> <div  class=\"col-xs-6\" data-type=\"column\"> <h5  class=\"\">V\u00cdDEOS<\/h5> <p  class=\"\">Explore v\u00eddeos detalhados sobre o uso e conserva\u00e7\u00e3o de arcos e flechas.<\/p><\/div> <div  class=\"col-xs-6\" data-type=\"column\"><h5  class=\"\">ARTE ARTESANAL<\/h5> <p  class=\"\">Descubra a magia de criar suas pr\u00f3prias armas de precis\u00e3o em madeira.<\/p><\/div> <div  class=\"col-xs-6\" data-type=\"column\"><h5  class=\"\">TUTORIAL DE ARCOS<\/h5> <p  class=\"\">Explore a arte ancestral de criar e manter arcos de madeira e PVC. Torne-se um mestre na arte da precis\u00e3o e da divers\u00e3o!<\/p><\/div> <div  class=\"col-xs-6\" data-type=\"column\"><h5  class=\"\">PERSONALIZA\u00c7\u00c3O<\/h5> <p  class=\"\">Sim, solte sua criatividade e personalize seu arco com detalhes \u00fanicos e personalizados.<\/p><\/div> <\/div><\/div> <\/div><\/div> <\/div><div  id=\"content-14\" style=\"background-color: #ffffff;\" data-label=\"Content\" data-id=\"content-3\" data-export-id=\"content-3\" data-category=\"content\" class=\"content-3 content-section content-section-spacing\"><div > <div  class=\"row middle-xs\"><div  class=\"col-sm-7 full-col-left-padding full-col-right-padding\"> <div  class=\"row\"><div  data-type=\"column\" class=\"space-bottom-small content-title-col\">  <h2  class=\"\">Aproveite o melhor da arte do tiro esportivo<\/h2> <p  class=\"\">Os arcos e estilingues de madeira bem conservados podem durar anos, mantendo sua precis\u00e3o e beleza.&nbsp;Nossos tutoriais detalhados ir\u00e3o gui\u00e1-lo passo a passo na cria\u00e7\u00e3o e conserva\u00e7\u00e3o de estilingues e arcos&nbsp; artesanais.<\/p><\/div> <\/div> <div  class=\"row spaced-cols\" data-type=\"row\"> <div  class=\"col-xs-6\" data-type=\"column\"> <h5  class=\"\">V\u00cdDEOS<\/h5> <p  class=\"\">S\u00e3o v\u00e1rios v\u00eddeos detalhados para voc\u00ea aprender de forma f\u00e1cil e pr\u00e1tica.<\/p><\/div> <div  class=\"col-xs-6\" data-type=\"column\"><h5  class=\"\">ARTE ARTESANAL<\/h5> <p  class=\"\">Desperte sua criatividade tornando-se adepto do tiro esportivo.<\/p><\/div> <div  class=\"col-xs-6\" data-type=\"column\"><h5  class=\"\">TUTORIAL DE ESTILINGUES<\/h5> <p  class=\"\">Explore v\u00eddeos detalhados sobre o uso e conserva\u00e7\u00e3o de estilingues e el\u00e1sticos.<\/p><\/div> <div  class=\"col-xs-6\" data-type=\"column\"><h5  class=\"\">PERSONALIZA\u00c7\u00c3O<\/h5> <p  class=\"\">Personalize seus modelos de estilingue com detalhes \u00fanicos e estilo pr\u00f3prio.<\/p><\/div> <\/div><\/div> <div  class=\"col-sm-5 bg-image shadow-large-black revert-classes-holder\" data-bg=\"image\" style=\"background-image: url(&quot;https:\/\/estilingueprofissional.com.br\/web\/wp-content\/uploads\/postura-600x400-1.jpg&quot;);\"><\/div><\/div> <\/div><\/div>","protected":false},"excerpt":{"rendered":"<p>O Segredos do Tiro no Alvo Descubra o mundo selvagem da arte dos estilingues e arcos de madeira feitos \u00e0 m\u00e3o! Prepare-se para uma aventura \u00fanica e cheia de emo\u00e7\u00e3o. Nossos v\u00eddeos s\u00e3o mais viciantes que mirar em um alvo e acertar na mosca! Descubra os segredos por tr\u00e1s da arte dos estilingues e arco&hellip; <br \/> <a class=\"read-more\" href=\"https:\/\/estilingueprofissional.com.br\/web\/\">Leia mais<\/a><\/p>\n","protected":false},"author":1,"featured_media":0,"parent":0,"menu_order":0,"comment_status":"closed","ping_status":"closed","template":"page-templates\/homepage.php","meta":{"footnotes":""},"class_list":["post-238","page","type-page","status-publish","hentry"],"yoast_head":"<!-- This site is optimized with the Yoast SEO plugin v27.2 - https:\/\/yoast.com\/product\/yoast-seo-wordpress\/ -->\n<title>In\u00edcio - Estilingue Profissional<\/title>\n<meta name=\"robots\" content=\"index, follow, max-snippet:-1, max-image-preview:large, max-video-preview:-1\" \/>\n<link rel=\"canonical\" href=\"https:\/\/estilingueprofissional.com.br\/web\/\" \/>\n<meta property=\"og:locale\" content=\"pt_BR\" \/>\n<meta property=\"og:type\" content=\"article\" \/>\n<meta property=\"og:title\" content=\"In\u00edcio - Estilingue Profissional\" \/>\n<meta property=\"og:description\" content=\"O Segredos do Tiro no Alvo Descubra o mundo selvagem da arte dos estilingues e arcos de madeira feitos \u00e0 m\u00e3o! Prepare-se para uma aventura \u00fanica e cheia de emo\u00e7\u00e3o. Nossos v\u00eddeos s\u00e3o mais viciantes que mirar em um alvo e acertar na mosca! Descubra os segredos por tr\u00e1s da arte dos estilingues e arco&hellip; Leia mais\" \/>\n<meta property=\"og:url\" content=\"https:\/\/estilingueprofissional.com.br\/web\/\" \/>\n<meta property=\"og:site_name\" content=\"Estilingue Profissional\" \/>\n<meta property=\"article:publisher\" content=\"https:\/\/www.facebook.com\/estilingueprofissional\" \/>\n<meta property=\"article:modified_time\" content=\"2024-06-02T21:27:19+00:00\" \/>\n<meta name=\"twitter:card\" content=\"summary_large_image\" \/>\n<meta name=\"twitter:label1\" content=\"Est. tempo de leitura\" \/>\n\t<meta name=\"twitter:data1\" content=\"1 minuto\" \/>\n<script type=\"application\/ld+json\" class=\"yoast-schema-graph\">{\"@context\":\"https:\/\/schema.org\",\"@graph\":[{\"@type\":\"WebPage\",\"@id\":\"https:\/\/estilingueprofissional.com.br\/web\/\",\"url\":\"https:\/\/estilingueprofissional.com.br\/web\/\",\"name\":\"In\u00edcio - Estilingue Profissional\",\"isPartOf\":{\"@id\":\"https:\/\/estilingueprofissional.com.br\/web\/#website\"},\"datePublished\":\"2024-05-30T19:56:37+00:00\",\"dateModified\":\"2024-06-02T21:27:19+00:00\",\"breadcrumb\":{\"@id\":\"https:\/\/estilingueprofissional.com.br\/web\/#breadcrumb\"},\"inLanguage\":\"pt-BR\",\"potentialAction\":[{\"@type\":\"ReadAction\",\"target\":[\"https:\/\/estilingueprofissional.com.br\/web\/\"]}]},{\"@type\":\"BreadcrumbList\",\"@id\":\"https:\/\/estilingueprofissional.com.br\/web\/#breadcrumb\",\"itemListElement\":[{\"@type\":\"ListItem\",\"position\":1,\"name\":\"In\u00edcio\",\"item\":\"https:\/\/estilingueprofissional.com.br\/web\/\"},{\"@type\":\"ListItem\",\"position\":2,\"name\":\"In\u00edcio\"}]},{\"@type\":\"WebSite\",\"@id\":\"https:\/\/estilingueprofissional.com.br\/web\/#website\",\"url\":\"https:\/\/estilingueprofissional.com.br\/web\/\",\"name\":\"Estilingue Profissional\",\"description\":\"\",\"potentialAction\":[{\"@type\":\"SearchAction\",\"target\":{\"@type\":\"EntryPoint\",\"urlTemplate\":\"https:\/\/estilingueprofissional.com.br\/web\/?s={search_term_string}\"},\"query-input\":{\"@type\":\"PropertyValueSpecification\",\"valueRequired\":true,\"valueName\":\"search_term_string\"}}],\"inLanguage\":\"pt-BR\"}]}<\/script>\n<!-- \/ Yoast SEO plugin. -->","yoast_head_json":{"title":"In\u00edcio - Estilingue Profissional","robots":{"index":"index","follow":"follow","max-snippet":"max-snippet:-1","max-image-preview":"max-image-preview:large","max-video-preview":"max-video-preview:-1"},"canonical":"https:\/\/estilingueprofissional.com.br\/web\/","og_locale":"pt_BR","og_type":"article","og_title":"In\u00edcio - Estilingue Profissional","og_description":"O Segredos do Tiro no Alvo Descubra o mundo selvagem da arte dos estilingues e arcos de madeira feitos \u00e0 m\u00e3o! Prepare-se para uma aventura \u00fanica e cheia de emo\u00e7\u00e3o. Nossos v\u00eddeos s\u00e3o mais viciantes que mirar em um alvo e acertar na mosca! Descubra os segredos por tr\u00e1s da arte dos estilingues e arco&hellip; Leia mais","og_url":"https:\/\/estilingueprofissional.com.br\/web\/","og_site_name":"Estilingue Profissional","article_publisher":"https:\/\/www.facebook.com\/estilingueprofissional","article_modified_time":"2024-06-02T21:27:19+00:00","twitter_card":"summary_large_image","twitter_misc":{"Est. tempo de leitura":"1 minuto"},"schema":{"@context":"https:\/\/schema.org","@graph":[{"@type":"WebPage","@id":"https:\/\/estilingueprofissional.com.br\/web\/","url":"https:\/\/estilingueprofissional.com.br\/web\/","name":"In\u00edcio - Estilingue Profissional","isPartOf":{"@id":"https:\/\/estilingueprofissional.com.br\/web\/#website"},"datePublished":"2024-05-30T19:56:37+00:00","dateModified":"2024-06-02T21:27:19+00:00","breadcrumb":{"@id":"https:\/\/estilingueprofissional.com.br\/web\/#breadcrumb"},"inLanguage":"pt-BR","potentialAction":[{"@type":"ReadAction","target":["https:\/\/estilingueprofissional.com.br\/web\/"]}]},{"@type":"BreadcrumbList","@id":"https:\/\/estilingueprofissional.com.br\/web\/#breadcrumb","itemListElement":[{"@type":"ListItem","position":1,"name":"In\u00edcio","item":"https:\/\/estilingueprofissional.com.br\/web\/"},{"@type":"ListItem","position":2,"name":"In\u00edcio"}]},{"@type":"WebSite","@id":"https:\/\/estilingueprofissional.com.br\/web\/#website","url":"https:\/\/estilingueprofissional.com.br\/web\/","name":"Estilingue Profissional","description":"","potentialAction":[{"@type":"SearchAction","target":{"@type":"EntryPoint","urlTemplate":"https:\/\/estilingueprofissional.com.br\/web\/?s={search_term_string}"},"query-input":{"@type":"PropertyValueSpecification","valueRequired":true,"valueName":"search_term_string"}}],"inLanguage":"pt-BR"}]}},"_links":{"self":[{"href":"https:\/\/estilingueprofissional.com.br\/web\/wp-json\/wp\/v2\/pages\/238","targetHints":{"allow":["GET"]}}],"collection":[{"href":"https:\/\/estilingueprofissional.com.br\/web\/wp-json\/wp\/v2\/pages"}],"about":[{"href":"https:\/\/estilingueprofissional.com.br\/web\/wp-json\/wp\/v2\/types\/page"}],"author":[{"embeddable":true,"href":"https:\/\/estilingueprofissional.com.br\/web\/wp-json\/wp\/v2\/users\/1"}],"replies":[{"embeddable":true,"href":"https:\/\/estilingueprofissional.com.br\/web\/wp-json\/wp\/v2\/comments?post=238"}],"version-history":[{"count":6,"href":"https:\/\/estilingueprofissional.com.br\/web\/wp-json\/wp\/v2\/pages\/238\/revisions"}],"predecessor-version":[{"id":465,"href":"https:\/\/estilingueprofissional.com.br\/web\/wp-json\/wp\/v2\/pages\/238\/revisions\/465"}],"wp:attachment":[{"href":"https:\/\/estilingueprofissional.com.br\/web\/wp-json\/wp\/v2\/media?parent=238"}],"curies":[{"name":"wp","href":"https:\/\/api.w.org\/{rel}","templated":true}]}}