{"id":263,"date":"2024-05-31T09:47:38","date_gmt":"2024-05-31T12:47:38","guid":{"rendered":"https:\/\/estilingueprofissional.com.br\/web\/?page_id=263"},"modified":"2024-08-05T16:44:06","modified_gmt":"2024-08-05T19:44:06","slug":"como-fazer-um-arco-e-flecha-potente","status":"publish","type":"page","link":"https:\/\/estilingueprofissional.com.br\/web\/como-fazer-um-arco-e-flecha-potente\/","title":{"rendered":"Como fazer um arco e flecha potente"},"content":{"rendered":"\n<h2 class=\"wp-block-heading\">MELHORES OFERTAS!<\/h2>\n\n\n\n<div class=\"wp-block-columns is-layout-flex wp-container-core-columns-is-layout-9d6595d7 wp-block-columns-is-layout-flex\">\n<div class=\"wp-block-column is-layout-flow wp-block-column-is-layout-flow\">\n<figure class=\"wp-block-image size-full\"><a href=\"https:\/\/s.shopee.com.br\/8zjiYswyPt\" target=\"_blank\" rel=\"noreferrer noopener\"><img loading=\"lazy\" decoding=\"async\" width=\"1000\" height=\"1000\" src=\"https:\/\/estilingueprofissional.com.br\/web\/wp-content\/uploads\/arco1.jpg\" alt=\"\" class=\"wp-image-426\" srcset=\"https:\/\/estilingueprofissional.com.br\/web\/wp-content\/uploads\/arco1.jpg 1000w, https:\/\/estilingueprofissional.com.br\/web\/wp-content\/uploads\/arco1-300x300.jpg 300w, https:\/\/estilingueprofissional.com.br\/web\/wp-content\/uploads\/arco1-150x150.jpg 150w, https:\/\/estilingueprofissional.com.br\/web\/wp-content\/uploads\/arco1-768x768.jpg 768w\" sizes=\"auto, (max-width: 1000px) 100vw, 1000px\" \/><\/a><figcaption class=\"wp-element-caption\"><strong><a href=\"https:\/\/shope.ee\/6zsmpehNr6\" target=\"_blank\" rel=\"noreferrer noopener\"><strong>C<\/strong><\/a><strong><a href=\"https:\/\/s.shopee.com.br\/8zjiYswyPt\" target=\"_blank\" rel=\"noreferrer noopener\">lique para ver oferta<\/a><\/strong><\/strong><\/figcaption><\/figure>\n<\/div>\n\n\n\n<div class=\"wp-block-column is-layout-flow wp-block-column-is-layout-flow\">\n<figure class=\"wp-block-image size-full\"><a href=\"https:\/\/s.shopee.com.br\/B8K3Nykfi\" target=\"_blank\" rel=\"noreferrer noopener\"><img loading=\"lazy\" decoding=\"async\" width=\"1024\" height=\"1024\" src=\"https:\/\/estilingueprofissional.com.br\/web\/wp-content\/uploads\/alvo.jpg\" alt=\"\" class=\"wp-image-428\" srcset=\"https:\/\/estilingueprofissional.com.br\/web\/wp-content\/uploads\/alvo.jpg 1024w, https:\/\/estilingueprofissional.com.br\/web\/wp-content\/uploads\/alvo-300x300.jpg 300w, https:\/\/estilingueprofissional.com.br\/web\/wp-content\/uploads\/alvo-150x150.jpg 150w, https:\/\/estilingueprofissional.com.br\/web\/wp-content\/uploads\/alvo-768x768.jpg 768w\" sizes=\"auto, (max-width: 1024px) 100vw, 1024px\" \/><\/a><figcaption class=\"wp-element-caption\"><strong><strong><a href=\"https:\/\/s.shopee.com.br\/B8K3Nykfi\" target=\"_blank\" rel=\"noreferrer noopener\">Clique para ver oferta<\/a><\/strong><\/strong><\/figcaption><\/figure>\n<\/div>\n\n\n\n<div class=\"wp-block-column is-layout-flow wp-block-column-is-layout-flow\">\n<figure class=\"wp-block-image size-full\"><a href=\"https:\/\/shope.ee\/AUSf1HZVE9\" target=\"_blank\" rel=\"noreferrer noopener\"><img loading=\"lazy\" decoding=\"async\" width=\"800\" height=\"800\" src=\"https:\/\/estilingueprofissional.com.br\/web\/wp-content\/uploads\/5003.jpg\" alt=\"\" class=\"wp-image-32\" srcset=\"https:\/\/estilingueprofissional.com.br\/web\/wp-content\/uploads\/5003.jpg 800w, https:\/\/estilingueprofissional.com.br\/web\/wp-content\/uploads\/5003-300x300.jpg 300w, https:\/\/estilingueprofissional.com.br\/web\/wp-content\/uploads\/5003-150x150.jpg 150w, https:\/\/estilingueprofissional.com.br\/web\/wp-content\/uploads\/5003-768x768.jpg 768w\" sizes=\"auto, (max-width: 800px) 100vw, 800px\" \/><\/a><figcaption class=\"wp-element-caption\"><a href=\"https:\/\/shope.ee\/AUSf1HZVE9\" target=\"_blank\" rel=\"noreferrer noopener\"><strong>Clique para ver oferta<\/strong><\/a><\/figcaption><\/figure>\n<\/div>\n\n\n\n<div class=\"wp-block-column is-layout-flow wp-block-column-is-layout-flow\">\n<figure class=\"wp-block-image size-full\"><a href=\"https:\/\/shope.ee\/LLsuqjXRR\" target=\"_blank\" rel=\"noreferrer noopener\"><img loading=\"lazy\" decoding=\"async\" width=\"1024\" height=\"1024\" src=\"https:\/\/estilingueprofissional.com.br\/web\/wp-content\/uploads\/5004.jpg\" alt=\"\" class=\"wp-image-264\" srcset=\"https:\/\/estilingueprofissional.com.br\/web\/wp-content\/uploads\/5004.jpg 1024w, https:\/\/estilingueprofissional.com.br\/web\/wp-content\/uploads\/5004-300x300.jpg 300w, https:\/\/estilingueprofissional.com.br\/web\/wp-content\/uploads\/5004-150x150.jpg 150w, https:\/\/estilingueprofissional.com.br\/web\/wp-content\/uploads\/5004-768x768.jpg 768w\" sizes=\"auto, (max-width: 1024px) 100vw, 1024px\" \/><\/a><figcaption class=\"wp-element-caption\"><strong><a href=\"https:\/\/shope.ee\/LLsuqjXRR\" target=\"_blank\" rel=\"noreferrer noopener\"><strong>Clique para ver oferta<\/strong><\/a><\/strong><\/figcaption><\/figure>\n<\/div>\n<\/div>\n\n\n\n<p>Tempo de leitura: 2 minutos e 30 segundos.<br><br>Este \u00e9 um novo projeto que desenvolvi para fazer um arco longo, com riser e l\u00e2minas.<br>Na verdade este projeto nasceu de 2 projetos que n\u00e3o deram certo. D\u00ea uma lida r\u00e1pida para n\u00e3o cometer os mesmos erros que eu cometi.<br><br>O primeiro projeto era fazer l\u00e2minas mais fortes e potentes para arcos longos utilizando l\u00e2minas de PVC que seriam feitas a partir de tubos de esgoto de 50mm. Acontece que na forma de tudo, o PVC oferece bastante resist\u00eancia, mas quando voc\u00ea transforma em l\u00e2mina, ele perde completamente sua for\u00e7a.<br><br>O segundo projeto era ent\u00e3o fazer as l\u00e2minas a partir de peda\u00e7os de chapas de madeira que s\u00e3o usadas para forro, no caso eram l\u00e2minas de cedrinho. O projeto deu certo parcialmente, as l\u00e2minas ofereciam \u00f3tima resist\u00eancia e arremessavam as flechas com bastante for\u00e7a e a composi\u00e7\u00e3o com o riser dava \u00f3tima precis\u00e3o nos tiros ao alvo. S\u00f3 que as l\u00e2minas duravam muito pouco, apenas entre 50 e 300 tiros. Mas j\u00e1 era um come\u00e7o promissor, valia a pena insistir no projeto.<br><br>Fiquei entusiasmado e procurei na internet algum projeto de arco e flecha similar, mas n\u00e3o encontrei nenhum com o qual eu me identificasse. Por\u00e9m, notei que em alguns projetos de arcos longos, os seus criadores utilizavam uma madeira para fazer a parte inicial do arco e depois cobriam com outra madeira para dar mais for\u00e7a e resist\u00eancia.<br><br>Ent\u00e3o tive a ideia de colar l\u00e2minas de PVC por sobre as l\u00e2minas de madeira na tentativa de dar maior resist\u00eancia e durabilidade ao meu projeto de arco longo. O resultado foi surpreendente pois o arco ficou muito potente e as l\u00e2minas est\u00e3o com alta durabilidade, passei de dois mil tiros ao alvo, nos primeiros 30 dias, em dist\u00e2ncias que variam entre 8 e 20 metros. Se voc\u00ea \u00e9 praticante de arco e flecha, j\u00e1 entendeu que estou usando o m\u00e1ximo da performance deste arco que criei.<br><br>Ao mesmo tempo, meu canal passou de 500 inscritos e ent\u00e3o resolvi atender a pedidos e colocar o arquivo em PDF a disposi\u00e7\u00e3o exclusiva de meus inscritos para ajudar e facilitar o corte preciso das l\u00e2minas.<br><br>Para ter acesso ao PDF, caso n\u00e3o seja inscrito, acesse nosso canal: Clique aqui fa\u00e7a sua inscri\u00e7\u00e3o e abaixo deste v\u00eddeo, no primeiro coment\u00e1rio afixado voc\u00ea encontrar\u00e1 o email para solicitar seu PDF do arco longo potente. Assista o v\u00eddeo at\u00e9 o final e aproveite para dar seu like!<\/p>\n\n\n\n<figure class=\"wp-block-embed is-type-video is-provider-youtube wp-block-embed-youtube wp-embed-aspect-16-9 wp-has-aspect-ratio\"><div class=\"wp-block-embed__wrapper\">\n<div class='embed-container'><iframe loading=\"lazy\" title=\"Como fazer um arco e flecha potente\" width=\"1920\" height=\"1080\" src=\"https:\/\/www.youtube.com\/embed\/jzKbFzvd4tw?feature=oembed\" frameborder=\"0\" allow=\"accelerometer; autoplay; clipboard-write; encrypted-media; gyroscope; picture-in-picture; web-share\" referrerpolicy=\"strict-origin-when-cross-origin\" allowfullscreen><\/iframe><\/div>\n<\/div><\/figure>\n\n\n\n<p>Obrigado por sua participa\u00e7\u00e3o e meus especiais agradecimentos ao nossos inscritos por transformarem o trabalho que d\u00e1 para fazer estes v\u00eddeos para o canal, em um prazer enorme!!<\/p>\n\n\n\n<h2 class=\"wp-block-heading\">Ofertas de sobreviv\u00eancia e buchcraft<\/h2>\n\n\n\n<div class=\"wp-block-columns is-layout-flex wp-container-core-columns-is-layout-9d6595d7 wp-block-columns-is-layout-flex\">\n<div class=\"wp-block-column is-layout-flow wp-block-column-is-layout-flow\"><div class=\"wp-block-image\">\n<figure class=\"aligncenter size-full\"><a href=\"https:\/\/s.shopee.com.br\/7zsrQFybDw\" target=\"_blank\" rel=\"noreferrer noopener\"><img loading=\"lazy\" decoding=\"async\" width=\"1024\" height=\"1024\" src=\"https:\/\/estilingueprofissional.com.br\/web\/wp-content\/uploads\/parafusadeira.jpg\" alt=\"Parafusadeira Snel sem fio\" class=\"wp-image-475\" srcset=\"https:\/\/estilingueprofissional.com.br\/web\/wp-content\/uploads\/parafusadeira.jpg 1024w, https:\/\/estilingueprofissional.com.br\/web\/wp-content\/uploads\/parafusadeira-300x300.jpg 300w, https:\/\/estilingueprofissional.com.br\/web\/wp-content\/uploads\/parafusadeira-150x150.jpg 150w, https:\/\/estilingueprofissional.com.br\/web\/wp-content\/uploads\/parafusadeira-768x768.jpg 768w\" sizes=\"auto, (max-width: 1024px) 100vw, 1024px\" \/><\/a><figcaption class=\"wp-element-caption\"><a href=\"https:\/\/s.shopee.com.br\/7zsrQFybDw\" target=\"_blank\" rel=\"noreferrer noopener\">Clique para ver oferta<\/a><\/figcaption><\/figure>\n<\/div><\/div>\n\n\n\n<div class=\"wp-block-column is-layout-flow wp-block-column-is-layout-flow\"><div class=\"wp-block-image\">\n<figure class=\"aligncenter size-full\"><a href=\"https:\/\/s.shopee.com.br\/qZuFp0XC\" target=\"_blank\" rel=\"noreferrer noopener\"><img loading=\"lazy\" decoding=\"async\" width=\"800\" height=\"800\" src=\"https:\/\/estilingueprofissional.com.br\/web\/wp-content\/uploads\/barbeador.jpg\" alt=\"Barbeador El\u00e9trico \/ M\u00e1quina De Barba El\u00e9trica Recarreg\u00e1vel Para Barba Masculina\" class=\"wp-image-483\" srcset=\"https:\/\/estilingueprofissional.com.br\/web\/wp-content\/uploads\/barbeador.jpg 800w, https:\/\/estilingueprofissional.com.br\/web\/wp-content\/uploads\/barbeador-300x300.jpg 300w, https:\/\/estilingueprofissional.com.br\/web\/wp-content\/uploads\/barbeador-150x150.jpg 150w, https:\/\/estilingueprofissional.com.br\/web\/wp-content\/uploads\/barbeador-768x768.jpg 768w\" sizes=\"auto, (max-width: 800px) 100vw, 800px\" \/><\/a><figcaption class=\"wp-element-caption\"><a href=\"https:\/\/s.shopee.com.br\/qZuFp0XC\">Clique para ver oferta<\/a><\/figcaption><\/figure>\n<\/div><\/div>\n\n\n\n<div class=\"wp-block-column is-layout-flow wp-block-column-is-layout-flow\"><div class=\"wp-block-image\">\n<figure class=\"aligncenter size-full\"><a href=\"https:\/\/shope.ee\/5peq9RBY9g\" target=\"_blank\" rel=\"noreferrer noopener\"><img loading=\"lazy\" decoding=\"async\" width=\"610\" height=\"610\" src=\"https:\/\/estilingueprofissional.com.br\/web\/wp-content\/uploads\/058.jpg\" alt=\"\" class=\"wp-image-295\" srcset=\"https:\/\/estilingueprofissional.com.br\/web\/wp-content\/uploads\/058.jpg 610w, https:\/\/estilingueprofissional.com.br\/web\/wp-content\/uploads\/058-300x300.jpg 300w, https:\/\/estilingueprofissional.com.br\/web\/wp-content\/uploads\/058-150x150.jpg 150w\" sizes=\"auto, (max-width: 610px) 100vw, 610px\" \/><\/a><figcaption class=\"wp-element-caption\"><a href=\"https:\/\/shope.ee\/5peq9RBY9g\" target=\"_blank\" rel=\"noreferrer noopener\">Clique para ver oferta<\/a><\/figcaption><\/figure>\n<\/div><\/div>\n\n\n\n<div class=\"wp-block-column is-layout-flow wp-block-column-is-layout-flow\"><div class=\"wp-block-image\">\n<figure class=\"aligncenter size-full\"><a href=\"https:\/\/s.shopee.com.br\/2LEUekYRPs\" target=\"_blank\" rel=\"noreferrer noopener\"><img loading=\"lazy\" decoding=\"async\" width=\"558\" height=\"558\" src=\"https:\/\/estilingueprofissional.com.br\/web\/wp-content\/uploads\/celular-readmi-13c.jpg\" alt=\"celular Xiaomi Redmi 13C\" class=\"wp-image-470\" srcset=\"https:\/\/estilingueprofissional.com.br\/web\/wp-content\/uploads\/celular-readmi-13c.jpg 558w, https:\/\/estilingueprofissional.com.br\/web\/wp-content\/uploads\/celular-readmi-13c-300x300.jpg 300w, https:\/\/estilingueprofissional.com.br\/web\/wp-content\/uploads\/celular-readmi-13c-150x150.jpg 150w\" sizes=\"auto, (max-width: 558px) 100vw, 558px\" \/><\/a><figcaption class=\"wp-element-caption\"><a href=\"https:\/\/s.shopee.com.br\/2LEUekYRPs\" target=\"_blank\" rel=\"noreferrer noopener\">Clique para ver oferta<\/a><\/figcaption><\/figure>\n<\/div><\/div>\n<\/div>\n","protected":false},"excerpt":{"rendered":"<p>MELHORES OFERTAS! Tempo de leitura: 2 minutos e 30 segundos. Este \u00e9 um novo projeto que desenvolvi para fazer um arco longo, com riser e l\u00e2minas.Na verdade este projeto nasceu de 2 projetos que n\u00e3o deram certo. D\u00ea uma lida r\u00e1pida para n\u00e3o cometer os mesmos erros que eu cometi. O primeiro projeto era fazer&hellip; <br \/> <a class=\"read-more\" href=\"https:\/\/estilingueprofissional.com.br\/web\/como-fazer-um-arco-e-flecha-potente\/\">Leia mais<\/a><\/p>\n","protected":false},"author":1,"featured_media":0,"parent":0,"menu_order":0,"comment_status":"closed","ping_status":"closed","template":"","meta":{"footnotes":""},"class_list":["post-263","page","type-page","status-publish","hentry"],"yoast_head":"<!-- This site is optimized with the Yoast SEO plugin v27.2 - https:\/\/yoast.com\/product\/yoast-seo-wordpress\/ -->\n<title>Como fazer um arco e flecha potente - Estilingue Profissional<\/title>\n<meta name=\"robots\" content=\"index, follow, max-snippet:-1, max-image-preview:large, max-video-preview:-1\" \/>\n<link rel=\"canonical\" href=\"https:\/\/estilingueprofissional.com.br\/web\/como-fazer-um-arco-e-flecha-potente\/\" \/>\n<meta property=\"og:locale\" content=\"pt_BR\" \/>\n<meta property=\"og:type\" content=\"article\" \/>\n<meta property=\"og:title\" content=\"Como fazer um arco e flecha potente - Estilingue Profissional\" \/>\n<meta property=\"og:description\" content=\"MELHORES OFERTAS! Tempo de leitura: 2 minutos e 30 segundos. Este \u00e9 um novo projeto que desenvolvi para fazer um arco longo, com riser e l\u00e2minas.Na verdade este projeto nasceu de 2 projetos que n\u00e3o deram certo. D\u00ea uma lida r\u00e1pida para n\u00e3o cometer os mesmos erros que eu cometi. O primeiro projeto era fazer&hellip; Leia mais\" \/>\n<meta property=\"og:url\" content=\"https:\/\/estilingueprofissional.com.br\/web\/como-fazer-um-arco-e-flecha-potente\/\" \/>\n<meta property=\"og:site_name\" content=\"Estilingue Profissional\" \/>\n<meta property=\"article:publisher\" content=\"https:\/\/www.facebook.com\/estilingueprofissional\" \/>\n<meta property=\"article:modified_time\" content=\"2024-08-05T19:44:06+00:00\" \/>\n<meta property=\"og:image\" content=\"https:\/\/estilingueprofissional.com.br\/web\/wp-content\/uploads\/arco1.jpg\" \/>\n<meta name=\"twitter:card\" content=\"summary_large_image\" \/>\n<meta name=\"twitter:label1\" content=\"Est. tempo de leitura\" \/>\n\t<meta name=\"twitter:data1\" content=\"5 minutos\" \/>\n<script type=\"application\/ld+json\" class=\"yoast-schema-graph\">{\"@context\":\"https:\/\/schema.org\",\"@graph\":[{\"@type\":\"WebPage\",\"@id\":\"https:\/\/estilingueprofissional.com.br\/web\/como-fazer-um-arco-e-flecha-potente\/\",\"url\":\"https:\/\/estilingueprofissional.com.br\/web\/como-fazer-um-arco-e-flecha-potente\/\",\"name\":\"Como fazer um arco e flecha potente - Estilingue Profissional\",\"isPartOf\":{\"@id\":\"https:\/\/estilingueprofissional.com.br\/web\/#website\"},\"primaryImageOfPage\":{\"@id\":\"https:\/\/estilingueprofissional.com.br\/web\/como-fazer-um-arco-e-flecha-potente\/#primaryimage\"},\"image\":{\"@id\":\"https:\/\/estilingueprofissional.com.br\/web\/como-fazer-um-arco-e-flecha-potente\/#primaryimage\"},\"thumbnailUrl\":\"https:\/\/estilingueprofissional.com.br\/web\/wp-content\/uploads\/arco1.jpg\",\"datePublished\":\"2024-05-31T12:47:38+00:00\",\"dateModified\":\"2024-08-05T19:44:06+00:00\",\"breadcrumb\":{\"@id\":\"https:\/\/estilingueprofissional.com.br\/web\/como-fazer-um-arco-e-flecha-potente\/#breadcrumb\"},\"inLanguage\":\"pt-BR\",\"potentialAction\":[{\"@type\":\"ReadAction\",\"target\":[\"https:\/\/estilingueprofissional.com.br\/web\/como-fazer-um-arco-e-flecha-potente\/\"]}]},{\"@type\":\"ImageObject\",\"inLanguage\":\"pt-BR\",\"@id\":\"https:\/\/estilingueprofissional.com.br\/web\/como-fazer-um-arco-e-flecha-potente\/#primaryimage\",\"url\":\"https:\/\/estilingueprofissional.com.br\/web\/wp-content\/uploads\/arco1.jpg\",\"contentUrl\":\"https:\/\/estilingueprofissional.com.br\/web\/wp-content\/uploads\/arco1.jpg\",\"width\":1000,\"height\":1000},{\"@type\":\"BreadcrumbList\",\"@id\":\"https:\/\/estilingueprofissional.com.br\/web\/como-fazer-um-arco-e-flecha-potente\/#breadcrumb\",\"itemListElement\":[{\"@type\":\"ListItem\",\"position\":1,\"name\":\"In\u00edcio\",\"item\":\"https:\/\/estilingueprofissional.com.br\/web\/\"},{\"@type\":\"ListItem\",\"position\":2,\"name\":\"Como fazer um arco e flecha potente\"}]},{\"@type\":\"WebSite\",\"@id\":\"https:\/\/estilingueprofissional.com.br\/web\/#website\",\"url\":\"https:\/\/estilingueprofissional.com.br\/web\/\",\"name\":\"Estilingue Profissional\",\"description\":\"\",\"potentialAction\":[{\"@type\":\"SearchAction\",\"target\":{\"@type\":\"EntryPoint\",\"urlTemplate\":\"https:\/\/estilingueprofissional.com.br\/web\/?s={search_term_string}\"},\"query-input\":{\"@type\":\"PropertyValueSpecification\",\"valueRequired\":true,\"valueName\":\"search_term_string\"}}],\"inLanguage\":\"pt-BR\"}]}<\/script>\n<!-- \/ Yoast SEO plugin. -->","yoast_head_json":{"title":"Como fazer um arco e flecha potente - Estilingue Profissional","robots":{"index":"index","follow":"follow","max-snippet":"max-snippet:-1","max-image-preview":"max-image-preview:large","max-video-preview":"max-video-preview:-1"},"canonical":"https:\/\/estilingueprofissional.com.br\/web\/como-fazer-um-arco-e-flecha-potente\/","og_locale":"pt_BR","og_type":"article","og_title":"Como fazer um arco e flecha potente - Estilingue Profissional","og_description":"MELHORES OFERTAS! Tempo de leitura: 2 minutos e 30 segundos. Este \u00e9 um novo projeto que desenvolvi para fazer um arco longo, com riser e l\u00e2minas.Na verdade este projeto nasceu de 2 projetos que n\u00e3o deram certo. D\u00ea uma lida r\u00e1pida para n\u00e3o cometer os mesmos erros que eu cometi. O primeiro projeto era fazer&hellip; Leia mais","og_url":"https:\/\/estilingueprofissional.com.br\/web\/como-fazer-um-arco-e-flecha-potente\/","og_site_name":"Estilingue Profissional","article_publisher":"https:\/\/www.facebook.com\/estilingueprofissional","article_modified_time":"2024-08-05T19:44:06+00:00","og_image":[{"url":"https:\/\/estilingueprofissional.com.br\/web\/wp-content\/uploads\/arco1.jpg","type":"","width":"","height":""}],"twitter_card":"summary_large_image","twitter_misc":{"Est. tempo de leitura":"5 minutos"},"schema":{"@context":"https:\/\/schema.org","@graph":[{"@type":"WebPage","@id":"https:\/\/estilingueprofissional.com.br\/web\/como-fazer-um-arco-e-flecha-potente\/","url":"https:\/\/estilingueprofissional.com.br\/web\/como-fazer-um-arco-e-flecha-potente\/","name":"Como fazer um arco e flecha potente - Estilingue Profissional","isPartOf":{"@id":"https:\/\/estilingueprofissional.com.br\/web\/#website"},"primaryImageOfPage":{"@id":"https:\/\/estilingueprofissional.com.br\/web\/como-fazer-um-arco-e-flecha-potente\/#primaryimage"},"image":{"@id":"https:\/\/estilingueprofissional.com.br\/web\/como-fazer-um-arco-e-flecha-potente\/#primaryimage"},"thumbnailUrl":"https:\/\/estilingueprofissional.com.br\/web\/wp-content\/uploads\/arco1.jpg","datePublished":"2024-05-31T12:47:38+00:00","dateModified":"2024-08-05T19:44:06+00:00","breadcrumb":{"@id":"https:\/\/estilingueprofissional.com.br\/web\/como-fazer-um-arco-e-flecha-potente\/#breadcrumb"},"inLanguage":"pt-BR","potentialAction":[{"@type":"ReadAction","target":["https:\/\/estilingueprofissional.com.br\/web\/como-fazer-um-arco-e-flecha-potente\/"]}]},{"@type":"ImageObject","inLanguage":"pt-BR","@id":"https:\/\/estilingueprofissional.com.br\/web\/como-fazer-um-arco-e-flecha-potente\/#primaryimage","url":"https:\/\/estilingueprofissional.com.br\/web\/wp-content\/uploads\/arco1.jpg","contentUrl":"https:\/\/estilingueprofissional.com.br\/web\/wp-content\/uploads\/arco1.jpg","width":1000,"height":1000},{"@type":"BreadcrumbList","@id":"https:\/\/estilingueprofissional.com.br\/web\/como-fazer-um-arco-e-flecha-potente\/#breadcrumb","itemListElement":[{"@type":"ListItem","position":1,"name":"In\u00edcio","item":"https:\/\/estilingueprofissional.com.br\/web\/"},{"@type":"ListItem","position":2,"name":"Como fazer um arco e flecha potente"}]},{"@type":"WebSite","@id":"https:\/\/estilingueprofissional.com.br\/web\/#website","url":"https:\/\/estilingueprofissional.com.br\/web\/","name":"Estilingue Profissional","description":"","potentialAction":[{"@type":"SearchAction","target":{"@type":"EntryPoint","urlTemplate":"https:\/\/estilingueprofissional.com.br\/web\/?s={search_term_string}"},"query-input":{"@type":"PropertyValueSpecification","valueRequired":true,"valueName":"search_term_string"}}],"inLanguage":"pt-BR"}]}},"_links":{"self":[{"href":"https:\/\/estilingueprofissional.com.br\/web\/wp-json\/wp\/v2\/pages\/263","targetHints":{"allow":["GET"]}}],"collection":[{"href":"https:\/\/estilingueprofissional.com.br\/web\/wp-json\/wp\/v2\/pages"}],"about":[{"href":"https:\/\/estilingueprofissional.com.br\/web\/wp-json\/wp\/v2\/types\/page"}],"author":[{"embeddable":true,"href":"https:\/\/estilingueprofissional.com.br\/web\/wp-json\/wp\/v2\/users\/1"}],"replies":[{"embeddable":true,"href":"https:\/\/estilingueprofissional.com.br\/web\/wp-json\/wp\/v2\/comments?post=263"}],"version-history":[{"count":10,"href":"https:\/\/estilingueprofissional.com.br\/web\/wp-json\/wp\/v2\/pages\/263\/revisions"}],"predecessor-version":[{"id":488,"href":"https:\/\/estilingueprofissional.com.br\/web\/wp-json\/wp\/v2\/pages\/263\/revisions\/488"}],"wp:attachment":[{"href":"https:\/\/estilingueprofissional.com.br\/web\/wp-json\/wp\/v2\/media?parent=263"}],"curies":[{"name":"wp","href":"https:\/\/api.w.org\/{rel}","templated":true}]}}