{"id":299,"date":"2024-05-31T13:32:51","date_gmt":"2024-05-31T16:32:51","guid":{"rendered":"https:\/\/estilingueprofissional.com.br\/web\/?page_id=299"},"modified":"2024-06-02T15:48:29","modified_gmt":"2024-06-02T18:48:29","slug":"qual-o-melhor-elastico-para-estilingue","status":"publish","type":"page","link":"https:\/\/estilingueprofissional.com.br\/web\/qual-o-melhor-elastico-para-estilingue\/","title":{"rendered":"Qual o melhor el\u00e1stico para estilingue"},"content":{"rendered":"\n<h2 class=\"wp-block-heading\">Tripa de mico em oferta!<\/h2>\n\n\n\n<div class=\"wp-block-columns is-layout-flex wp-container-core-columns-is-layout-9d6595d7 wp-block-columns-is-layout-flex\">\n<div class=\"wp-block-column is-layout-flow wp-block-column-is-layout-flow\">\n<figure class=\"wp-block-image size-full\"><a href=\"https:\/\/shope.ee\/30DlHykaOm\" target=\"_blank\" rel=\"noreferrer noopener\"><img loading=\"lazy\" decoding=\"async\" width=\"699\" height=\"699\" src=\"https:\/\/estilingueprofissional.com.br\/web\/wp-content\/uploads\/052.jpeg\" alt=\"\" class=\"wp-image-413\" srcset=\"https:\/\/estilingueprofissional.com.br\/web\/wp-content\/uploads\/052.jpeg 699w, https:\/\/estilingueprofissional.com.br\/web\/wp-content\/uploads\/052-300x300.jpeg 300w, https:\/\/estilingueprofissional.com.br\/web\/wp-content\/uploads\/052-150x150.jpeg 150w\" sizes=\"auto, (max-width: 699px) 100vw, 699px\" \/><\/a><figcaption class=\"wp-element-caption\"><a href=\"https:\/\/shope.ee\/30DlHykaOm\" target=\"_blank\" rel=\"noreferrer noopener\">Clique para ver oferta<\/a><\/figcaption><\/figure>\n<\/div>\n\n\n\n<div class=\"wp-block-column is-layout-flow wp-block-column-is-layout-flow\">\n<figure class=\"wp-block-image size-full\"><a href=\"https:\/\/shope.ee\/8es83B5dHU\" target=\"_blank\" rel=\"noreferrer noopener\"><img loading=\"lazy\" decoding=\"async\" width=\"769\" height=\"769\" src=\"https:\/\/estilingueprofissional.com.br\/web\/wp-content\/uploads\/053.jpeg\" alt=\"\" class=\"wp-image-414\" srcset=\"https:\/\/estilingueprofissional.com.br\/web\/wp-content\/uploads\/053.jpeg 769w, https:\/\/estilingueprofissional.com.br\/web\/wp-content\/uploads\/053-300x300.jpeg 300w, https:\/\/estilingueprofissional.com.br\/web\/wp-content\/uploads\/053-150x150.jpeg 150w\" sizes=\"auto, (max-width: 769px) 100vw, 769px\" \/><\/a><figcaption class=\"wp-element-caption\"><a href=\"https:\/\/shope.ee\/8es83B5dHU\" target=\"_blank\" rel=\"noreferrer noopener\">Clique para ver oferta<\/a><\/figcaption><\/figure>\n<\/div>\n\n\n\n<div class=\"wp-block-column is-layout-flow wp-block-column-is-layout-flow\">\n<figure class=\"wp-block-image size-full\"><a href=\"https:\/\/shope.ee\/20LE7xV94C\" target=\"_blank\" rel=\"noreferrer noopener\"><img loading=\"lazy\" decoding=\"async\" width=\"600\" height=\"600\" src=\"https:\/\/estilingueprofissional.com.br\/web\/wp-content\/uploads\/054.jpeg\" alt=\"\" class=\"wp-image-415\" srcset=\"https:\/\/estilingueprofissional.com.br\/web\/wp-content\/uploads\/054.jpeg 600w, https:\/\/estilingueprofissional.com.br\/web\/wp-content\/uploads\/054-300x300.jpeg 300w, https:\/\/estilingueprofissional.com.br\/web\/wp-content\/uploads\/054-150x150.jpeg 150w\" sizes=\"auto, (max-width: 600px) 100vw, 600px\" \/><\/a><figcaption class=\"wp-element-caption\"><a href=\"https:\/\/shope.ee\/20LE7xV94C\" target=\"_blank\" rel=\"noreferrer noopener\">Clique para ver oferta<\/a><\/figcaption><\/figure>\n<\/div>\n\n\n\n<div class=\"wp-block-column is-layout-flow wp-block-column-is-layout-flow\">\n<figure class=\"wp-block-image size-full\"><a href=\"https:\/\/shope.ee\/6KUDOxJ7dR\" target=\"_blank\" rel=\"noreferrer noopener\"><img loading=\"lazy\" decoding=\"async\" width=\"769\" height=\"769\" src=\"https:\/\/estilingueprofissional.com.br\/web\/wp-content\/uploads\/055.jpeg\" alt=\"\" class=\"wp-image-416\" srcset=\"https:\/\/estilingueprofissional.com.br\/web\/wp-content\/uploads\/055.jpeg 769w, https:\/\/estilingueprofissional.com.br\/web\/wp-content\/uploads\/055-300x300.jpeg 300w, https:\/\/estilingueprofissional.com.br\/web\/wp-content\/uploads\/055-150x150.jpeg 150w\" sizes=\"auto, (max-width: 769px) 100vw, 769px\" \/><\/a><figcaption class=\"wp-element-caption\"><a href=\"https:\/\/shope.ee\/6KUDOxJ7dR\" target=\"_blank\" rel=\"noreferrer noopener\">Clique para ver oferta<\/a><\/figcaption><\/figure>\n<\/div>\n<\/div>\n\n\n\n<p>Acredito que todos n\u00f3s quando iniciamos a pr\u00e1tica de tiro com estilingue ficamos com muitas d\u00favidas, mas principalmente sobre que borrachas usar. Qual el\u00e1stico d\u00e1 mais pot\u00eancia na hora de atirar&#8230; &#8230;qual o mais macio para n\u00e3o cansar o bra\u00e7o&#8230; &#8230;qual o tamanho ideal? Eu entendo perfeitamente a suas d\u00favidas porque eu tamb\u00e9m passei por elas e sempre que algu\u00e9m come\u00e7a a praticar tiro ao alvo com estilingue me pergunta sobre as borrachas. Vou dar umas dicas para voc\u00eas baseado na minha pr\u00f3pria experi\u00eancia e na experi\u00eancia de amigos.<\/p>\n\n\n\n<ul class=\"wp-block-list\">\n<li>Quando a gente come\u00e7a a atirar, acredito que o melhor \u00e9 ter um conjunto macio para n\u00e3o cansar os bra\u00e7os e obter um tiro mais limpo. Para isto recomendo que voc\u00ea tire a medida de sua puxada e divida por 3 para obter a medida do el\u00e1stico. Ex.: sua puxada mede 75cm. Dividido por 3 d\u00e1 25cm. esta ser\u00e1 a medida de seu el\u00e1stico. Isto me serviu para tripa de mico de 6mm. e fita el\u00e1stica de 0,4mm com a largura de 2cm.<br><strong>OBS.:<\/strong>\u00a0para tirar a medida da puxada posicione suas m\u00e3os como se voc\u00ea fosse atirar com o estilingue e tire a medida da dist\u00e2ncia entre as duas m\u00e3os.<\/li>\n\n\n\n<li>A medida em que a gente vai ficando mais distante do alvo \u00e9 natural que se necessite de mais pot\u00eancia, ent\u00e3o o ideal \u00e9 duplicar os el\u00e1sticos. Fa\u00e7a a tripa de mico com 50cm. e dobre ao meio e no caso da fita el\u00e1stica voc\u00ea poder\u00e1 usar uma fita de 0,7mm com a largura de 2cm por 25cm. de cumprimento ou poder\u00e1 usar 2 fitas de 0,4mm.<\/li>\n\n\n\n<li>A medida em que voc\u00ea for se tornando um expert no assunto voc\u00ea vai notar que para cada situa\u00e7\u00e3o existe uma solu\u00e7\u00e3o diferente. Se voc\u00ea for participar de um campeonato por exemplo, a primeira coisa que voc\u00ea vai se informar \u00e9 sobre que muni\u00e7\u00e3o vai ser usada e qual a dist\u00e2ncia dos alvos. Com estas informa\u00e7\u00f5es voc\u00ea ir\u00e1 preparar o seu estilingue para uma melhor performance.<\/li>\n\n\n\n<li>Consulte nossa loja em\u00a0<a href=\"https:\/\/estilingueprofissional.com.br\/fita-elastica-para-estilingue.html\"><strong>fitas el\u00e1sticas<\/strong><\/a>\u00a0e\u00a0<a href=\"https:\/\/estilingueprofissional.com.br\/tripa-de-mico-para-estilingue.html\"><strong>tripa de mico<\/strong><\/a>.<\/li>\n<\/ul>\n\n\n\n<figure class=\"wp-block-embed is-type-video is-provider-youtube wp-block-embed-youtube wp-embed-aspect-16-9 wp-has-aspect-ratio\"><div class=\"wp-block-embed__wrapper\">\n<div class='embed-container'><iframe loading=\"lazy\" title=\"Que el\u00e1sticos usar no estilingue | Estilingue Profissional\" width=\"1920\" height=\"1080\" src=\"https:\/\/www.youtube.com\/embed\/tKrIhFS1vj4?feature=oembed\" frameborder=\"0\" allow=\"accelerometer; autoplay; clipboard-write; encrypted-media; gyroscope; picture-in-picture; web-share\" referrerpolicy=\"strict-origin-when-cross-origin\" allowfullscreen><\/iframe><\/div>\n<\/div><\/figure>\n\n\n\n<h2 class=\"wp-block-heading\">Faixas el\u00e1sticas em oferta!<\/h2>\n\n\n\n<div class=\"wp-block-columns is-layout-flex wp-container-core-columns-is-layout-9d6595d7 wp-block-columns-is-layout-flex\">\n<div class=\"wp-block-column is-layout-flow wp-block-column-is-layout-flow\">\n<figure class=\"wp-block-image size-large\"><a href=\"https:\/\/shope.ee\/89vpvBLcY4\" target=\"_blank\" rel=\"noreferrer noopener\"><img loading=\"lazy\" decoding=\"async\" width=\"1024\" height=\"1024\" src=\"https:\/\/estilingueprofissional.com.br\/web\/wp-content\/uploads\/048-1024x1024.jpg\" alt=\"\" class=\"wp-image-290\" srcset=\"https:\/\/estilingueprofissional.com.br\/web\/wp-content\/uploads\/048-1024x1024.jpg 1024w, https:\/\/estilingueprofissional.com.br\/web\/wp-content\/uploads\/048-300x300.jpg 300w, https:\/\/estilingueprofissional.com.br\/web\/wp-content\/uploads\/048-150x150.jpg 150w, https:\/\/estilingueprofissional.com.br\/web\/wp-content\/uploads\/048-768x768.jpg 768w, https:\/\/estilingueprofissional.com.br\/web\/wp-content\/uploads\/048.jpg 1080w\" sizes=\"auto, (max-width: 1024px) 100vw, 1024px\" \/><\/a><figcaption class=\"wp-element-caption\"><strong><a href=\"https:\/\/shope.ee\/89vpvBLcY4\" target=\"_blank\" rel=\"noreferrer noopener\">Clique para ver oferta<\/a><\/strong><\/figcaption><\/figure>\n<\/div>\n\n\n\n<div class=\"wp-block-column is-layout-flow wp-block-column-is-layout-flow\">\n<figure class=\"wp-block-image size-full\"><a href=\"https:\/\/shope.ee\/1At0bX3Crd\" target=\"_blank\" rel=\"noreferrer noopener\"><img loading=\"lazy\" decoding=\"async\" width=\"932\" height=\"932\" src=\"https:\/\/estilingueprofissional.com.br\/web\/wp-content\/uploads\/049.jpg\" alt=\"\" class=\"wp-image-291\" srcset=\"https:\/\/estilingueprofissional.com.br\/web\/wp-content\/uploads\/049.jpg 932w, https:\/\/estilingueprofissional.com.br\/web\/wp-content\/uploads\/049-300x300.jpg 300w, https:\/\/estilingueprofissional.com.br\/web\/wp-content\/uploads\/049-150x150.jpg 150w, https:\/\/estilingueprofissional.com.br\/web\/wp-content\/uploads\/049-768x768.jpg 768w\" sizes=\"auto, (max-width: 932px) 100vw, 932px\" \/><\/a><figcaption class=\"wp-element-caption\"><a href=\"https:\/\/shope.ee\/1At0bX3Crd\" target=\"_blank\" rel=\"noreferrer noopener\">Clique para ver oferta<\/a><\/figcaption><\/figure>\n<\/div>\n\n\n\n<div class=\"wp-block-column is-layout-flow wp-block-column-is-layout-flow\">\n<figure class=\"wp-block-image size-large\"><a href=\"https:\/\/shope.ee\/a8FO77Qn\" target=\"_blank\" rel=\"noreferrer noopener\"><img loading=\"lazy\" decoding=\"async\" width=\"1024\" height=\"1024\" src=\"https:\/\/estilingueprofissional.com.br\/web\/wp-content\/uploads\/050-1024x1024.jpg\" alt=\"\" class=\"wp-image-292\" srcset=\"https:\/\/estilingueprofissional.com.br\/web\/wp-content\/uploads\/050-1024x1024.jpg 1024w, https:\/\/estilingueprofissional.com.br\/web\/wp-content\/uploads\/050-300x300.jpg 300w, https:\/\/estilingueprofissional.com.br\/web\/wp-content\/uploads\/050-150x150.jpg 150w, https:\/\/estilingueprofissional.com.br\/web\/wp-content\/uploads\/050-768x768.jpg 768w, https:\/\/estilingueprofissional.com.br\/web\/wp-content\/uploads\/050.jpg 1080w\" sizes=\"auto, (max-width: 1024px) 100vw, 1024px\" \/><\/a><figcaption class=\"wp-element-caption\"><a href=\"https:\/\/shope.ee\/a8FO77Qn\" target=\"_blank\" rel=\"noreferrer noopener\">Clique para ver oferta<\/a><\/figcaption><\/figure>\n<\/div>\n\n\n\n<div class=\"wp-block-column is-layout-flow wp-block-column-is-layout-flow\">\n<figure class=\"wp-block-image size-large\"><a href=\"https:\/\/shope.ee\/9pGPQy3kqG\" target=\"_blank\" rel=\"noreferrer noopener\"><img loading=\"lazy\" decoding=\"async\" width=\"1024\" height=\"1024\" src=\"https:\/\/estilingueprofissional.com.br\/web\/wp-content\/uploads\/051-1024x1024.jpg\" alt=\"\" class=\"wp-image-293\" srcset=\"https:\/\/estilingueprofissional.com.br\/web\/wp-content\/uploads\/051-1024x1024.jpg 1024w, https:\/\/estilingueprofissional.com.br\/web\/wp-content\/uploads\/051-300x300.jpg 300w, https:\/\/estilingueprofissional.com.br\/web\/wp-content\/uploads\/051-150x150.jpg 150w, https:\/\/estilingueprofissional.com.br\/web\/wp-content\/uploads\/051-768x768.jpg 768w, https:\/\/estilingueprofissional.com.br\/web\/wp-content\/uploads\/051.jpg 1080w\" sizes=\"auto, (max-width: 1024px) 100vw, 1024px\" \/><\/a><figcaption class=\"wp-element-caption\"><a href=\"https:\/\/shope.ee\/9pGPQy3kqG\" target=\"_blank\" rel=\"noreferrer noopener\">Clique para ver oferta<\/a><\/figcaption><\/figure>\n<\/div>\n<\/div>\n\n\n\n<h2 class=\"wp-block-heading\">Ofertas de sobreviv\u00eancia e buchcraft<\/h2>\n\n\n\n<div class=\"wp-block-columns is-layout-flex wp-container-core-columns-is-layout-9d6595d7 wp-block-columns-is-layout-flex\">\n<div class=\"wp-block-column is-layout-flow wp-block-column-is-layout-flow\"><div class=\"wp-block-image\">\n<figure class=\"aligncenter size-large\"><a href=\"https:\/\/shope.ee\/9p45ekYc9g\" target=\"_blank\" rel=\"noreferrer noopener\"><img loading=\"lazy\" decoding=\"async\" width=\"1024\" height=\"1024\" src=\"https:\/\/estilingueprofissional.com.br\/web\/wp-content\/uploads\/056-1024x1024.jpg\" alt=\"\" class=\"wp-image-297\" srcset=\"https:\/\/estilingueprofissional.com.br\/web\/wp-content\/uploads\/056-1024x1024.jpg 1024w, https:\/\/estilingueprofissional.com.br\/web\/wp-content\/uploads\/056-300x300.jpg 300w, https:\/\/estilingueprofissional.com.br\/web\/wp-content\/uploads\/056-150x150.jpg 150w, https:\/\/estilingueprofissional.com.br\/web\/wp-content\/uploads\/056-768x768.jpg 768w, https:\/\/estilingueprofissional.com.br\/web\/wp-content\/uploads\/056.jpg 1080w\" sizes=\"auto, (max-width: 1024px) 100vw, 1024px\" \/><\/a><figcaption class=\"wp-element-caption\"><a href=\"https:\/\/shope.ee\/9p45ekYc9g\" target=\"_blank\" rel=\"noreferrer noopener\">Clique para ver oferta<\/a><\/figcaption><\/figure>\n<\/div><\/div>\n\n\n\n<div class=\"wp-block-column is-layout-flow wp-block-column-is-layout-flow\"><div class=\"wp-block-image\">\n<figure class=\"aligncenter size-full\"><a href=\"https:\/\/shope.ee\/7zj9cZ8fYn\" target=\"_blank\" rel=\"noreferrer noopener\"><img loading=\"lazy\" decoding=\"async\" width=\"1000\" height=\"1000\" src=\"https:\/\/estilingueprofissional.com.br\/web\/wp-content\/uploads\/057.jpg\" alt=\"\" class=\"wp-image-296\" srcset=\"https:\/\/estilingueprofissional.com.br\/web\/wp-content\/uploads\/057.jpg 1000w, https:\/\/estilingueprofissional.com.br\/web\/wp-content\/uploads\/057-300x300.jpg 300w, https:\/\/estilingueprofissional.com.br\/web\/wp-content\/uploads\/057-150x150.jpg 150w, https:\/\/estilingueprofissional.com.br\/web\/wp-content\/uploads\/057-768x768.jpg 768w\" sizes=\"auto, (max-width: 1000px) 100vw, 1000px\" \/><\/a><figcaption class=\"wp-element-caption\"><a href=\"https:\/\/shope.ee\/7zj9cZ8fYn\" target=\"_blank\" rel=\"noreferrer noopener\">Clique para ver oferta<\/a><\/figcaption><\/figure>\n<\/div><\/div>\n\n\n\n<div class=\"wp-block-column is-layout-flow wp-block-column-is-layout-flow\"><div class=\"wp-block-image\">\n<figure class=\"aligncenter size-full\"><a href=\"https:\/\/shope.ee\/5peq9RBY9g\" target=\"_blank\" rel=\"noreferrer noopener\"><img loading=\"lazy\" decoding=\"async\" width=\"610\" height=\"610\" src=\"https:\/\/estilingueprofissional.com.br\/web\/wp-content\/uploads\/058.jpg\" alt=\"\" class=\"wp-image-295\" srcset=\"https:\/\/estilingueprofissional.com.br\/web\/wp-content\/uploads\/058.jpg 610w, https:\/\/estilingueprofissional.com.br\/web\/wp-content\/uploads\/058-300x300.jpg 300w, https:\/\/estilingueprofissional.com.br\/web\/wp-content\/uploads\/058-150x150.jpg 150w\" sizes=\"auto, (max-width: 610px) 100vw, 610px\" \/><\/a><figcaption class=\"wp-element-caption\"><a href=\"https:\/\/shope.ee\/5peq9RBY9g\" target=\"_blank\" rel=\"noreferrer noopener\">Clique para ver oferta<\/a><\/figcaption><\/figure>\n<\/div><\/div>\n\n\n\n<div class=\"wp-block-column is-layout-flow wp-block-column-is-layout-flow\"><div class=\"wp-block-image\">\n<figure class=\"aligncenter size-large\"><a href=\"https:\/\/shope.ee\/3fTSLv84FU\" target=\"_blank\" rel=\"noreferrer noopener\"><img loading=\"lazy\" decoding=\"async\" width=\"1024\" height=\"1024\" src=\"https:\/\/estilingueprofissional.com.br\/web\/wp-content\/uploads\/059-1024x1024.jpg\" alt=\"\" class=\"wp-image-294\" srcset=\"https:\/\/estilingueprofissional.com.br\/web\/wp-content\/uploads\/059-1024x1024.jpg 1024w, https:\/\/estilingueprofissional.com.br\/web\/wp-content\/uploads\/059-300x300.jpg 300w, https:\/\/estilingueprofissional.com.br\/web\/wp-content\/uploads\/059-150x150.jpg 150w, https:\/\/estilingueprofissional.com.br\/web\/wp-content\/uploads\/059-768x768.jpg 768w, https:\/\/estilingueprofissional.com.br\/web\/wp-content\/uploads\/059.jpg 1080w\" sizes=\"auto, (max-width: 1024px) 100vw, 1024px\" \/><\/a><figcaption class=\"wp-element-caption\"><a href=\"https:\/\/shope.ee\/3fTSLv84FU\" target=\"_blank\" rel=\"noreferrer noopener\">Clique para ver oferta<\/a><\/figcaption><\/figure>\n<\/div><\/div>\n<\/div>\n","protected":false},"excerpt":{"rendered":"<p>Tripa de mico em oferta! Acredito que todos n\u00f3s quando iniciamos a pr\u00e1tica de tiro com estilingue ficamos com muitas d\u00favidas, mas principalmente sobre que borrachas usar. Qual el\u00e1stico d\u00e1 mais pot\u00eancia na hora de atirar&#8230; &#8230;qual o mais macio para n\u00e3o cansar o bra\u00e7o&#8230; &#8230;qual o tamanho ideal? Eu entendo perfeitamente a suas d\u00favidas&hellip; <br \/> <a class=\"read-more\" href=\"https:\/\/estilingueprofissional.com.br\/web\/qual-o-melhor-elastico-para-estilingue\/\">Leia mais<\/a><\/p>\n","protected":false},"author":1,"featured_media":0,"parent":0,"menu_order":0,"comment_status":"closed","ping_status":"closed","template":"","meta":{"footnotes":""},"class_list":["post-299","page","type-page","status-publish","hentry"],"yoast_head":"<!-- This site is optimized with the Yoast SEO plugin v27.2 - https:\/\/yoast.com\/product\/yoast-seo-wordpress\/ -->\n<title>Qual o melhor el\u00e1stico para estilingue - Estilingue Profissional<\/title>\n<meta name=\"robots\" content=\"index, follow, max-snippet:-1, max-image-preview:large, max-video-preview:-1\" \/>\n<link rel=\"canonical\" href=\"https:\/\/estilingueprofissional.com.br\/web\/qual-o-melhor-elastico-para-estilingue\/\" \/>\n<meta property=\"og:locale\" content=\"pt_BR\" \/>\n<meta property=\"og:type\" content=\"article\" \/>\n<meta property=\"og:title\" content=\"Qual o melhor el\u00e1stico para estilingue - Estilingue Profissional\" \/>\n<meta property=\"og:description\" content=\"Tripa de mico em oferta! Acredito que todos n\u00f3s quando iniciamos a pr\u00e1tica de tiro com estilingue ficamos com muitas d\u00favidas, mas principalmente sobre que borrachas usar. Qual el\u00e1stico d\u00e1 mais pot\u00eancia na hora de atirar&#8230; &#8230;qual o mais macio para n\u00e3o cansar o bra\u00e7o&#8230; &#8230;qual o tamanho ideal? Eu entendo perfeitamente a suas d\u00favidas&hellip; Leia mais\" \/>\n<meta property=\"og:url\" content=\"https:\/\/estilingueprofissional.com.br\/web\/qual-o-melhor-elastico-para-estilingue\/\" \/>\n<meta property=\"og:site_name\" content=\"Estilingue Profissional\" \/>\n<meta property=\"article:publisher\" content=\"https:\/\/www.facebook.com\/estilingueprofissional\" \/>\n<meta property=\"article:modified_time\" content=\"2024-06-02T18:48:29+00:00\" \/>\n<meta property=\"og:image\" content=\"https:\/\/estilingueprofissional.com.br\/web\/wp-content\/uploads\/052.jpeg\" \/>\n<meta name=\"twitter:card\" content=\"summary_large_image\" \/>\n<meta name=\"twitter:label1\" content=\"Est. tempo de leitura\" \/>\n\t<meta name=\"twitter:data1\" content=\"2 minutos\" \/>\n<script type=\"application\/ld+json\" class=\"yoast-schema-graph\">{\"@context\":\"https:\/\/schema.org\",\"@graph\":[{\"@type\":\"WebPage\",\"@id\":\"https:\/\/estilingueprofissional.com.br\/web\/qual-o-melhor-elastico-para-estilingue\/\",\"url\":\"https:\/\/estilingueprofissional.com.br\/web\/qual-o-melhor-elastico-para-estilingue\/\",\"name\":\"Qual o melhor el\u00e1stico para estilingue - Estilingue Profissional\",\"isPartOf\":{\"@id\":\"https:\/\/estilingueprofissional.com.br\/web\/#website\"},\"primaryImageOfPage\":{\"@id\":\"https:\/\/estilingueprofissional.com.br\/web\/qual-o-melhor-elastico-para-estilingue\/#primaryimage\"},\"image\":{\"@id\":\"https:\/\/estilingueprofissional.com.br\/web\/qual-o-melhor-elastico-para-estilingue\/#primaryimage\"},\"thumbnailUrl\":\"https:\/\/estilingueprofissional.com.br\/web\/wp-content\/uploads\/052.jpeg\",\"datePublished\":\"2024-05-31T16:32:51+00:00\",\"dateModified\":\"2024-06-02T18:48:29+00:00\",\"breadcrumb\":{\"@id\":\"https:\/\/estilingueprofissional.com.br\/web\/qual-o-melhor-elastico-para-estilingue\/#breadcrumb\"},\"inLanguage\":\"pt-BR\",\"potentialAction\":[{\"@type\":\"ReadAction\",\"target\":[\"https:\/\/estilingueprofissional.com.br\/web\/qual-o-melhor-elastico-para-estilingue\/\"]}]},{\"@type\":\"ImageObject\",\"inLanguage\":\"pt-BR\",\"@id\":\"https:\/\/estilingueprofissional.com.br\/web\/qual-o-melhor-elastico-para-estilingue\/#primaryimage\",\"url\":\"https:\/\/estilingueprofissional.com.br\/web\/wp-content\/uploads\/052.jpeg\",\"contentUrl\":\"https:\/\/estilingueprofissional.com.br\/web\/wp-content\/uploads\/052.jpeg\",\"width\":699,\"height\":699},{\"@type\":\"BreadcrumbList\",\"@id\":\"https:\/\/estilingueprofissional.com.br\/web\/qual-o-melhor-elastico-para-estilingue\/#breadcrumb\",\"itemListElement\":[{\"@type\":\"ListItem\",\"position\":1,\"name\":\"In\u00edcio\",\"item\":\"https:\/\/estilingueprofissional.com.br\/web\/\"},{\"@type\":\"ListItem\",\"position\":2,\"name\":\"Qual o melhor el\u00e1stico para estilingue\"}]},{\"@type\":\"WebSite\",\"@id\":\"https:\/\/estilingueprofissional.com.br\/web\/#website\",\"url\":\"https:\/\/estilingueprofissional.com.br\/web\/\",\"name\":\"Estilingue Profissional\",\"description\":\"\",\"potentialAction\":[{\"@type\":\"SearchAction\",\"target\":{\"@type\":\"EntryPoint\",\"urlTemplate\":\"https:\/\/estilingueprofissional.com.br\/web\/?s={search_term_string}\"},\"query-input\":{\"@type\":\"PropertyValueSpecification\",\"valueRequired\":true,\"valueName\":\"search_term_string\"}}],\"inLanguage\":\"pt-BR\"}]}<\/script>\n<!-- \/ Yoast SEO plugin. -->","yoast_head_json":{"title":"Qual o melhor el\u00e1stico para estilingue - Estilingue Profissional","robots":{"index":"index","follow":"follow","max-snippet":"max-snippet:-1","max-image-preview":"max-image-preview:large","max-video-preview":"max-video-preview:-1"},"canonical":"https:\/\/estilingueprofissional.com.br\/web\/qual-o-melhor-elastico-para-estilingue\/","og_locale":"pt_BR","og_type":"article","og_title":"Qual o melhor el\u00e1stico para estilingue - Estilingue Profissional","og_description":"Tripa de mico em oferta! Acredito que todos n\u00f3s quando iniciamos a pr\u00e1tica de tiro com estilingue ficamos com muitas d\u00favidas, mas principalmente sobre que borrachas usar. Qual el\u00e1stico d\u00e1 mais pot\u00eancia na hora de atirar&#8230; &#8230;qual o mais macio para n\u00e3o cansar o bra\u00e7o&#8230; &#8230;qual o tamanho ideal? Eu entendo perfeitamente a suas d\u00favidas&hellip; Leia mais","og_url":"https:\/\/estilingueprofissional.com.br\/web\/qual-o-melhor-elastico-para-estilingue\/","og_site_name":"Estilingue Profissional","article_publisher":"https:\/\/www.facebook.com\/estilingueprofissional","article_modified_time":"2024-06-02T18:48:29+00:00","og_image":[{"url":"https:\/\/estilingueprofissional.com.br\/web\/wp-content\/uploads\/052.jpeg","type":"","width":"","height":""}],"twitter_card":"summary_large_image","twitter_misc":{"Est. tempo de leitura":"2 minutos"},"schema":{"@context":"https:\/\/schema.org","@graph":[{"@type":"WebPage","@id":"https:\/\/estilingueprofissional.com.br\/web\/qual-o-melhor-elastico-para-estilingue\/","url":"https:\/\/estilingueprofissional.com.br\/web\/qual-o-melhor-elastico-para-estilingue\/","name":"Qual o melhor el\u00e1stico para estilingue - Estilingue Profissional","isPartOf":{"@id":"https:\/\/estilingueprofissional.com.br\/web\/#website"},"primaryImageOfPage":{"@id":"https:\/\/estilingueprofissional.com.br\/web\/qual-o-melhor-elastico-para-estilingue\/#primaryimage"},"image":{"@id":"https:\/\/estilingueprofissional.com.br\/web\/qual-o-melhor-elastico-para-estilingue\/#primaryimage"},"thumbnailUrl":"https:\/\/estilingueprofissional.com.br\/web\/wp-content\/uploads\/052.jpeg","datePublished":"2024-05-31T16:32:51+00:00","dateModified":"2024-06-02T18:48:29+00:00","breadcrumb":{"@id":"https:\/\/estilingueprofissional.com.br\/web\/qual-o-melhor-elastico-para-estilingue\/#breadcrumb"},"inLanguage":"pt-BR","potentialAction":[{"@type":"ReadAction","target":["https:\/\/estilingueprofissional.com.br\/web\/qual-o-melhor-elastico-para-estilingue\/"]}]},{"@type":"ImageObject","inLanguage":"pt-BR","@id":"https:\/\/estilingueprofissional.com.br\/web\/qual-o-melhor-elastico-para-estilingue\/#primaryimage","url":"https:\/\/estilingueprofissional.com.br\/web\/wp-content\/uploads\/052.jpeg","contentUrl":"https:\/\/estilingueprofissional.com.br\/web\/wp-content\/uploads\/052.jpeg","width":699,"height":699},{"@type":"BreadcrumbList","@id":"https:\/\/estilingueprofissional.com.br\/web\/qual-o-melhor-elastico-para-estilingue\/#breadcrumb","itemListElement":[{"@type":"ListItem","position":1,"name":"In\u00edcio","item":"https:\/\/estilingueprofissional.com.br\/web\/"},{"@type":"ListItem","position":2,"name":"Qual o melhor el\u00e1stico para estilingue"}]},{"@type":"WebSite","@id":"https:\/\/estilingueprofissional.com.br\/web\/#website","url":"https:\/\/estilingueprofissional.com.br\/web\/","name":"Estilingue Profissional","description":"","potentialAction":[{"@type":"SearchAction","target":{"@type":"EntryPoint","urlTemplate":"https:\/\/estilingueprofissional.com.br\/web\/?s={search_term_string}"},"query-input":{"@type":"PropertyValueSpecification","valueRequired":true,"valueName":"search_term_string"}}],"inLanguage":"pt-BR"}]}},"_links":{"self":[{"href":"https:\/\/estilingueprofissional.com.br\/web\/wp-json\/wp\/v2\/pages\/299","targetHints":{"allow":["GET"]}}],"collection":[{"href":"https:\/\/estilingueprofissional.com.br\/web\/wp-json\/wp\/v2\/pages"}],"about":[{"href":"https:\/\/estilingueprofissional.com.br\/web\/wp-json\/wp\/v2\/types\/page"}],"author":[{"embeddable":true,"href":"https:\/\/estilingueprofissional.com.br\/web\/wp-json\/wp\/v2\/users\/1"}],"replies":[{"embeddable":true,"href":"https:\/\/estilingueprofissional.com.br\/web\/wp-json\/wp\/v2\/comments?post=299"}],"version-history":[{"count":3,"href":"https:\/\/estilingueprofissional.com.br\/web\/wp-json\/wp\/v2\/pages\/299\/revisions"}],"predecessor-version":[{"id":445,"href":"https:\/\/estilingueprofissional.com.br\/web\/wp-json\/wp\/v2\/pages\/299\/revisions\/445"}],"wp:attachment":[{"href":"https:\/\/estilingueprofissional.com.br\/web\/wp-json\/wp\/v2\/media?parent=299"}],"curies":[{"name":"wp","href":"https:\/\/api.w.org\/{rel}","templated":true}]}}