{"id":337,"date":"2024-05-31T14:46:40","date_gmt":"2024-05-31T17:46:40","guid":{"rendered":"https:\/\/estilingueprofissional.com.br\/web\/?page_id=337"},"modified":"2024-06-02T15:45:40","modified_gmt":"2024-06-02T18:45:40","slug":"postura-e-ponto-de-ancoragem","status":"publish","type":"page","link":"https:\/\/estilingueprofissional.com.br\/web\/postura-e-ponto-de-ancoragem\/","title":{"rendered":"Postura e Ponto de Ancoragem"},"content":{"rendered":"\n<h2 class=\"wp-block-heading\">Ofertas especiais !!<\/h2>\n\n\n\n<div class=\"wp-block-columns is-layout-flex wp-container-core-columns-is-layout-9d6595d7 wp-block-columns-is-layout-flex\">\n<div class=\"wp-block-column is-layout-flow wp-block-column-is-layout-flow\">\n<figure class=\"wp-block-image size-full\"><a href=\"https:\/\/shope.ee\/2Ahn0HagZl\" target=\"_blank\" rel=\"noreferrer noopener\"><img loading=\"lazy\" decoding=\"async\" width=\"1024\" height=\"1024\" src=\"https:\/\/estilingueprofissional.com.br\/web\/wp-content\/uploads\/040.jpg\" alt=\"\" class=\"wp-image-408\" srcset=\"https:\/\/estilingueprofissional.com.br\/web\/wp-content\/uploads\/040.jpg 1024w, https:\/\/estilingueprofissional.com.br\/web\/wp-content\/uploads\/040-300x300.jpg 300w, https:\/\/estilingueprofissional.com.br\/web\/wp-content\/uploads\/040-150x150.jpg 150w, https:\/\/estilingueprofissional.com.br\/web\/wp-content\/uploads\/040-768x768.jpg 768w\" sizes=\"auto, (max-width: 1024px) 100vw, 1024px\" \/><\/a><figcaption class=\"wp-element-caption\"><a href=\"https:\/\/shope.ee\/2Ahn0HagZl\" target=\"_blank\" rel=\"noreferrer noopener\">Clique para ver oferta<\/a><\/figcaption><\/figure>\n<\/div>\n\n\n\n<div class=\"wp-block-column is-layout-flow wp-block-column-is-layout-flow\">\n<figure class=\"wp-block-image size-large\"><a href=\"https:\/\/shope.ee\/8zUwkRXdnU\" target=\"_blank\" rel=\"noreferrer noopener\"><img loading=\"lazy\" decoding=\"async\" width=\"1024\" height=\"1024\" src=\"https:\/\/estilingueprofissional.com.br\/web\/wp-content\/uploads\/045-1024x1024.jpg\" alt=\"\" class=\"wp-image-409\" srcset=\"https:\/\/estilingueprofissional.com.br\/web\/wp-content\/uploads\/045-1024x1024.jpg 1024w, https:\/\/estilingueprofissional.com.br\/web\/wp-content\/uploads\/045-300x300.jpg 300w, https:\/\/estilingueprofissional.com.br\/web\/wp-content\/uploads\/045-150x150.jpg 150w, https:\/\/estilingueprofissional.com.br\/web\/wp-content\/uploads\/045-768x768.jpg 768w, https:\/\/estilingueprofissional.com.br\/web\/wp-content\/uploads\/045.jpg 1080w\" sizes=\"auto, (max-width: 1024px) 100vw, 1024px\" \/><\/a><figcaption class=\"wp-element-caption\"><a href=\"https:\/\/shope.ee\/8zUwkRXdnU\" target=\"_blank\" rel=\"noreferrer noopener\">Clique para ver oferta<\/a><\/figcaption><\/figure>\n<\/div>\n\n\n\n<div class=\"wp-block-column is-layout-flow wp-block-column-is-layout-flow\">\n<figure class=\"wp-block-image size-full\"><a href=\"https:\/\/shope.ee\/8es3PMKXL6\" target=\"_blank\" rel=\"noreferrer noopener\"><img loading=\"lazy\" decoding=\"async\" width=\"1000\" height=\"1000\" src=\"https:\/\/estilingueprofissional.com.br\/web\/wp-content\/uploads\/041.jpg\" alt=\"\" class=\"wp-image-410\" srcset=\"https:\/\/estilingueprofissional.com.br\/web\/wp-content\/uploads\/041.jpg 1000w, https:\/\/estilingueprofissional.com.br\/web\/wp-content\/uploads\/041-300x300.jpg 300w, https:\/\/estilingueprofissional.com.br\/web\/wp-content\/uploads\/041-150x150.jpg 150w, https:\/\/estilingueprofissional.com.br\/web\/wp-content\/uploads\/041-768x768.jpg 768w\" sizes=\"auto, (max-width: 1000px) 100vw, 1000px\" \/><\/a><figcaption class=\"wp-element-caption\"><a href=\"https:\/\/shope.ee\/8es3PMKXL6\" target=\"_blank\" rel=\"noreferrer noopener\">Clique para ver oferta<\/a><\/figcaption><\/figure>\n<\/div>\n\n\n\n<div class=\"wp-block-column is-layout-flow wp-block-column-is-layout-flow\">\n<figure class=\"wp-block-image size-large\"><a href=\"https:\/\/shope.ee\/1VOvqfl2Cu\" target=\"_blank\" rel=\"noreferrer noopener\"><img loading=\"lazy\" decoding=\"async\" width=\"1024\" height=\"1024\" src=\"https:\/\/estilingueprofissional.com.br\/web\/wp-content\/uploads\/047-1024x1024.jpg\" alt=\"\" class=\"wp-image-411\" srcset=\"https:\/\/estilingueprofissional.com.br\/web\/wp-content\/uploads\/047-1024x1024.jpg 1024w, https:\/\/estilingueprofissional.com.br\/web\/wp-content\/uploads\/047-300x300.jpg 300w, https:\/\/estilingueprofissional.com.br\/web\/wp-content\/uploads\/047-150x150.jpg 150w, https:\/\/estilingueprofissional.com.br\/web\/wp-content\/uploads\/047-768x768.jpg 768w, https:\/\/estilingueprofissional.com.br\/web\/wp-content\/uploads\/047.jpg 1080w\" sizes=\"auto, (max-width: 1024px) 100vw, 1024px\" \/><\/a><figcaption class=\"wp-element-caption\"><a href=\"https:\/\/shope.ee\/1VOvqfl2Cu\" target=\"_blank\" rel=\"noreferrer noopener\">Clique para ver oferta<\/a><\/figcaption><\/figure>\n<\/div>\n<\/div>\n\n\n\n\n<h2 class=\"wp-block-heading\">Postura<\/h2>\n\n\n\n<p>Agora que j\u00e1 estamos dando nossos tiros de estilingue \u00e9 chegada a hora de nos aprimorarmos.Um dos assuntos mais abordados \u00e9 a quest\u00e3o da postura do atirador.N\u00e3o sei se estou muito certo, mas acredito que muito do que se fala foi tirado das t\u00e9cnicas de tiro da arqueria.<\/p>\n\n\n\n<p>Assistindo a v\u00eddeos e lendo blogs sobre estilingues, pude notar que existem v\u00e1rios estilos para a pr\u00e1tica deste esporte, no entanto, um praticante que me chamou muito a aten\u00e7\u00e3o foi o JOS do Laresortera M\u00e9xico.<\/p>\n\n\n\n<p>Em um de seus v\u00eddeos ele afirma que para melhorar a t\u00e9cnica de tiro \u00e9 preciso apoiar-se em 3 pilares: a postura, encontrar o ponto de mira e repetir sempre a mesma a\u00e7\u00e3o para obter sempre resultados positivos.<\/p>\n\n\n\n<p>Vamos nos ater a quest\u00e3o da postura, neste momento.<\/p>\n\n\n\n<p>Para chegarmos a uma postura adequada em rela\u00e7\u00e3o a um alvo \u00e9 muito simples. Basta nos colocarmos em p\u00e9, de frente e em perpendicular ao alvo, numa posi\u00e7\u00e3o confort\u00e1vel e esticarmos os dois bra\u00e7os, mantendo-os na mesma altura.<\/p>\n\n\n\n<p>Se voc\u00ea faz a empunhadura com sua m\u00e3o direita, que deve estar apontando para o alvo, apenas vire a cabe\u00e7a para o lado direito e dobre o cotovelo da m\u00e3o esquerda, assim, mantendo as duas m\u00e3os apontando no mesmo sentido. Se faz a empunhadura com a m\u00e3o esquerda, esta deve estar apontando para o alvo, ent\u00e3o, apenas vire a cabe\u00e7a para o lado esquerdo e dobre o cotovelo da m\u00e3o direita, apontando as duas m\u00e3o no mesmo sentido.<\/p>\n\n\n\n<p>Para facilitar o entendimento, d\u00ea uma olhada nas fotos abaixo:<\/p>\n\n\n\n<div class=\"wp-block-columns is-layout-flex wp-container-core-columns-is-layout-9d6595d7 wp-block-columns-is-layout-flex\">\n<div class=\"wp-block-column is-layout-flow wp-block-column-is-layout-flow\">\n<figure class=\"wp-block-image size-full\"><img loading=\"lazy\" decoding=\"async\" width=\"800\" height=\"450\" src=\"https:\/\/estilingueprofissional.com.br\/web\/wp-content\/uploads\/postura1.jpg\" alt=\"\" class=\"wp-image-338\" srcset=\"https:\/\/estilingueprofissional.com.br\/web\/wp-content\/uploads\/postura1.jpg 800w, https:\/\/estilingueprofissional.com.br\/web\/wp-content\/uploads\/postura1-300x169.jpg 300w, https:\/\/estilingueprofissional.com.br\/web\/wp-content\/uploads\/postura1-768x432.jpg 768w\" sizes=\"auto, (max-width: 800px) 100vw, 800px\" \/><\/figure>\n<\/div>\n\n\n\n<div class=\"wp-block-column is-layout-flow wp-block-column-is-layout-flow\">\n<figure class=\"wp-block-image size-full\"><img loading=\"lazy\" decoding=\"async\" width=\"800\" height=\"450\" src=\"https:\/\/estilingueprofissional.com.br\/web\/wp-content\/uploads\/postura2.jpg\" alt=\"\" class=\"wp-image-339\" srcset=\"https:\/\/estilingueprofissional.com.br\/web\/wp-content\/uploads\/postura2.jpg 800w, https:\/\/estilingueprofissional.com.br\/web\/wp-content\/uploads\/postura2-300x169.jpg 300w, https:\/\/estilingueprofissional.com.br\/web\/wp-content\/uploads\/postura2-768x432.jpg 768w\" sizes=\"auto, (max-width: 800px) 100vw, 800px\" \/><\/figure>\n<\/div>\n\n\n\n<div class=\"wp-block-column is-layout-flow wp-block-column-is-layout-flow\">\n<figure class=\"wp-block-image size-full\"><img loading=\"lazy\" decoding=\"async\" width=\"800\" height=\"450\" src=\"https:\/\/estilingueprofissional.com.br\/web\/wp-content\/uploads\/postura3.jpg\" alt=\"\" class=\"wp-image-340\" srcset=\"https:\/\/estilingueprofissional.com.br\/web\/wp-content\/uploads\/postura3.jpg 800w, https:\/\/estilingueprofissional.com.br\/web\/wp-content\/uploads\/postura3-300x169.jpg 300w, https:\/\/estilingueprofissional.com.br\/web\/wp-content\/uploads\/postura3-768x432.jpg 768w\" sizes=\"auto, (max-width: 800px) 100vw, 800px\" \/><\/figure>\n<\/div>\n\n\n\n<div class=\"wp-block-column is-layout-flow wp-block-column-is-layout-flow\">\n<figure class=\"wp-block-image size-full\"><img loading=\"lazy\" decoding=\"async\" width=\"800\" height=\"450\" src=\"https:\/\/estilingueprofissional.com.br\/web\/wp-content\/uploads\/postura4.jpg\" alt=\"\" class=\"wp-image-341\" srcset=\"https:\/\/estilingueprofissional.com.br\/web\/wp-content\/uploads\/postura4.jpg 800w, https:\/\/estilingueprofissional.com.br\/web\/wp-content\/uploads\/postura4-300x169.jpg 300w, https:\/\/estilingueprofissional.com.br\/web\/wp-content\/uploads\/postura4-768x432.jpg 768w\" sizes=\"auto, (max-width: 800px) 100vw, 800px\" \/><\/figure>\n<\/div>\n<\/div>\n\n\n\n<h2 class=\"wp-block-heading\">Ponto de ancoragem<\/h2>\n\n\n\n<p>Agora vamos falar sobre o ponto de ancoragem. Segundo JOS \u00e9 necess\u00e1rio que utilizemos sempre o mesmo ponto de ancoragem. O ponto de ancoragem \u00e9 o local de nosso rosto, no qual iremos tocar com a m\u00e3o que segura a malha (courinho onde fica o proj\u00e9til). basicamente existem dois locais preferidos, sendo o primeiro colocando o dedo polegar no maxilar, ou na altura da nossa mand\u00edbula, ou na altura do in\u00edcio da ma\u00e7\u00e3 do rosto e o segundo na altura de nossos olhos. Seja qual for o seu, n\u00e3o mude nunca, mantenha sempre o mesmo ponto de ancoragem.<\/p>\n\n\n\n<p>O bra\u00e7o que segura a forquilha deve sempre estar na mesma altura e a posi\u00e7\u00e3o da forquilha na m\u00e3o deve ser sempre a mesma.<\/p>\n\n\n\n<p>A postura \u00e9 um conjunto harm\u00f4nico que deve ser sempre o mesmo, ou seja, se o alvo estiver abaixo, devemos apontar para ele movendo todo o conjunto e n\u00e3o apenas a m\u00e3o que vai a frente, ou mesmo alterando o ponto de ancoragem.<\/p>\n\n\n\n<p>Esta \u00e9 uma t\u00e9cnica que me ajudou bastante neste come\u00e7o, pois eu conseguia um bom tiro inicial e depois v\u00e1rios errados. Esta t\u00e9cnica j\u00e1 me possibilitou uma const\u00e2ncia melhor na sequ\u00eancia de tiros.<\/p>\n\n\n\n<h2 class=\"wp-block-heading\">Ofertas de sobreviv\u00eancia e buchcraft<\/h2>\n\n\n\n<div class=\"wp-block-columns is-layout-flex wp-container-core-columns-is-layout-9d6595d7 wp-block-columns-is-layout-flex\">\n<div class=\"wp-block-column is-layout-flow wp-block-column-is-layout-flow\"><div class=\"wp-block-image\">\n<figure class=\"aligncenter size-large\"><a href=\"https:\/\/shope.ee\/9p45ekYc9g\" target=\"_blank\" rel=\"noreferrer noopener\"><img loading=\"lazy\" decoding=\"async\" width=\"1024\" height=\"1024\" src=\"https:\/\/estilingueprofissional.com.br\/web\/wp-content\/uploads\/056-1024x1024.jpg\" alt=\"\" class=\"wp-image-297\" srcset=\"https:\/\/estilingueprofissional.com.br\/web\/wp-content\/uploads\/056-1024x1024.jpg 1024w, https:\/\/estilingueprofissional.com.br\/web\/wp-content\/uploads\/056-300x300.jpg 300w, https:\/\/estilingueprofissional.com.br\/web\/wp-content\/uploads\/056-150x150.jpg 150w, https:\/\/estilingueprofissional.com.br\/web\/wp-content\/uploads\/056-768x768.jpg 768w, https:\/\/estilingueprofissional.com.br\/web\/wp-content\/uploads\/056.jpg 1080w\" sizes=\"auto, (max-width: 1024px) 100vw, 1024px\" \/><\/a><figcaption class=\"wp-element-caption\"><a href=\"https:\/\/shope.ee\/9p45ekYc9g\" target=\"_blank\" rel=\"noreferrer noopener\">Clique para ver oferta<\/a><\/figcaption><\/figure>\n<\/div><\/div>\n\n\n\n<div class=\"wp-block-column is-layout-flow wp-block-column-is-layout-flow\"><div class=\"wp-block-image\">\n<figure class=\"aligncenter size-full\"><a href=\"https:\/\/shope.ee\/7zj9cZ8fYn\" target=\"_blank\" rel=\"noreferrer noopener\"><img loading=\"lazy\" decoding=\"async\" width=\"1000\" height=\"1000\" src=\"https:\/\/estilingueprofissional.com.br\/web\/wp-content\/uploads\/057.jpg\" alt=\"\" class=\"wp-image-296\" srcset=\"https:\/\/estilingueprofissional.com.br\/web\/wp-content\/uploads\/057.jpg 1000w, https:\/\/estilingueprofissional.com.br\/web\/wp-content\/uploads\/057-300x300.jpg 300w, https:\/\/estilingueprofissional.com.br\/web\/wp-content\/uploads\/057-150x150.jpg 150w, https:\/\/estilingueprofissional.com.br\/web\/wp-content\/uploads\/057-768x768.jpg 768w\" sizes=\"auto, (max-width: 1000px) 100vw, 1000px\" \/><\/a><figcaption class=\"wp-element-caption\"><a href=\"https:\/\/shope.ee\/7zj9cZ8fYn\" target=\"_blank\" rel=\"noreferrer noopener\">Clique para ver oferta<\/a><\/figcaption><\/figure>\n<\/div><\/div>\n\n\n\n<div class=\"wp-block-column is-layout-flow wp-block-column-is-layout-flow\"><div class=\"wp-block-image\">\n<figure class=\"aligncenter size-full\"><a href=\"https:\/\/shope.ee\/5peq9RBY9g\" target=\"_blank\" rel=\"noreferrer noopener\"><img loading=\"lazy\" decoding=\"async\" width=\"610\" height=\"610\" src=\"https:\/\/estilingueprofissional.com.br\/web\/wp-content\/uploads\/058.jpg\" alt=\"\" class=\"wp-image-295\" srcset=\"https:\/\/estilingueprofissional.com.br\/web\/wp-content\/uploads\/058.jpg 610w, https:\/\/estilingueprofissional.com.br\/web\/wp-content\/uploads\/058-300x300.jpg 300w, https:\/\/estilingueprofissional.com.br\/web\/wp-content\/uploads\/058-150x150.jpg 150w\" sizes=\"auto, (max-width: 610px) 100vw, 610px\" \/><\/a><figcaption class=\"wp-element-caption\"><a href=\"https:\/\/shope.ee\/5peq9RBY9g\" target=\"_blank\" rel=\"noreferrer noopener\">Clique para ver oferta<\/a><\/figcaption><\/figure>\n<\/div><\/div>\n\n\n\n<div class=\"wp-block-column is-layout-flow wp-block-column-is-layout-flow\"><div class=\"wp-block-image\">\n<figure class=\"aligncenter size-large\"><a href=\"https:\/\/shope.ee\/3fTSLv84FU\" target=\"_blank\" rel=\"noreferrer noopener\"><img loading=\"lazy\" decoding=\"async\" width=\"1024\" height=\"1024\" src=\"https:\/\/estilingueprofissional.com.br\/web\/wp-content\/uploads\/059-1024x1024.jpg\" alt=\"\" class=\"wp-image-294\" srcset=\"https:\/\/estilingueprofissional.com.br\/web\/wp-content\/uploads\/059-1024x1024.jpg 1024w, https:\/\/estilingueprofissional.com.br\/web\/wp-content\/uploads\/059-300x300.jpg 300w, https:\/\/estilingueprofissional.com.br\/web\/wp-content\/uploads\/059-150x150.jpg 150w, https:\/\/estilingueprofissional.com.br\/web\/wp-content\/uploads\/059-768x768.jpg 768w, https:\/\/estilingueprofissional.com.br\/web\/wp-content\/uploads\/059.jpg 1080w\" sizes=\"auto, (max-width: 1024px) 100vw, 1024px\" \/><\/a><figcaption class=\"wp-element-caption\"><a href=\"https:\/\/shope.ee\/3fTSLv84FU\" target=\"_blank\" rel=\"noreferrer noopener\">Clique para ver oferta<\/a><\/figcaption><\/figure>\n<\/div><\/div>\n<\/div>\n","protected":false},"excerpt":{"rendered":"<p>Ofertas especiais !! Postura Agora que j\u00e1 estamos dando nossos tiros de estilingue \u00e9 chegada a hora de nos aprimorarmos.Um dos assuntos mais abordados \u00e9 a quest\u00e3o da postura do atirador.N\u00e3o sei se estou muito certo, mas acredito que muito do que se fala foi tirado das t\u00e9cnicas de tiro da arqueria. Assistindo a v\u00eddeos&hellip; <br \/> <a class=\"read-more\" href=\"https:\/\/estilingueprofissional.com.br\/web\/postura-e-ponto-de-ancoragem\/\">Leia mais<\/a><\/p>\n","protected":false},"author":1,"featured_media":0,"parent":0,"menu_order":0,"comment_status":"closed","ping_status":"closed","template":"","meta":{"footnotes":""},"class_list":["post-337","page","type-page","status-publish","hentry"],"yoast_head":"<!-- This site is optimized with the Yoast SEO plugin v27.2 - https:\/\/yoast.com\/product\/yoast-seo-wordpress\/ -->\n<title>Postura e Ponto de Ancoragem - Estilingue Profissional<\/title>\n<meta name=\"robots\" content=\"index, follow, max-snippet:-1, max-image-preview:large, max-video-preview:-1\" \/>\n<link rel=\"canonical\" href=\"https:\/\/estilingueprofissional.com.br\/web\/postura-e-ponto-de-ancoragem\/\" \/>\n<meta property=\"og:locale\" content=\"pt_BR\" \/>\n<meta property=\"og:type\" content=\"article\" \/>\n<meta property=\"og:title\" content=\"Postura e Ponto de Ancoragem - Estilingue Profissional\" \/>\n<meta property=\"og:description\" content=\"Ofertas especiais !! Postura Agora que j\u00e1 estamos dando nossos tiros de estilingue \u00e9 chegada a hora de nos aprimorarmos.Um dos assuntos mais abordados \u00e9 a quest\u00e3o da postura do atirador.N\u00e3o sei se estou muito certo, mas acredito que muito do que se fala foi tirado das t\u00e9cnicas de tiro da arqueria. Assistindo a v\u00eddeos&hellip; Leia mais\" \/>\n<meta property=\"og:url\" content=\"https:\/\/estilingueprofissional.com.br\/web\/postura-e-ponto-de-ancoragem\/\" \/>\n<meta property=\"og:site_name\" content=\"Estilingue Profissional\" \/>\n<meta property=\"article:publisher\" content=\"https:\/\/www.facebook.com\/estilingueprofissional\" \/>\n<meta property=\"article:modified_time\" content=\"2024-06-02T18:45:40+00:00\" \/>\n<meta property=\"og:image\" content=\"https:\/\/estilingueprofissional.com.br\/web\/wp-content\/uploads\/040.jpg\" \/>\n<meta name=\"twitter:card\" content=\"summary_large_image\" \/>\n<meta name=\"twitter:label1\" content=\"Est. tempo de leitura\" \/>\n\t<meta name=\"twitter:data1\" content=\"3 minutos\" \/>\n<script type=\"application\/ld+json\" class=\"yoast-schema-graph\">{\"@context\":\"https:\/\/schema.org\",\"@graph\":[{\"@type\":\"WebPage\",\"@id\":\"https:\/\/estilingueprofissional.com.br\/web\/postura-e-ponto-de-ancoragem\/\",\"url\":\"https:\/\/estilingueprofissional.com.br\/web\/postura-e-ponto-de-ancoragem\/\",\"name\":\"Postura e Ponto de Ancoragem - Estilingue Profissional\",\"isPartOf\":{\"@id\":\"https:\/\/estilingueprofissional.com.br\/web\/#website\"},\"primaryImageOfPage\":{\"@id\":\"https:\/\/estilingueprofissional.com.br\/web\/postura-e-ponto-de-ancoragem\/#primaryimage\"},\"image\":{\"@id\":\"https:\/\/estilingueprofissional.com.br\/web\/postura-e-ponto-de-ancoragem\/#primaryimage\"},\"thumbnailUrl\":\"https:\/\/estilingueprofissional.com.br\/web\/wp-content\/uploads\/040.jpg\",\"datePublished\":\"2024-05-31T17:46:40+00:00\",\"dateModified\":\"2024-06-02T18:45:40+00:00\",\"breadcrumb\":{\"@id\":\"https:\/\/estilingueprofissional.com.br\/web\/postura-e-ponto-de-ancoragem\/#breadcrumb\"},\"inLanguage\":\"pt-BR\",\"potentialAction\":[{\"@type\":\"ReadAction\",\"target\":[\"https:\/\/estilingueprofissional.com.br\/web\/postura-e-ponto-de-ancoragem\/\"]}]},{\"@type\":\"ImageObject\",\"inLanguage\":\"pt-BR\",\"@id\":\"https:\/\/estilingueprofissional.com.br\/web\/postura-e-ponto-de-ancoragem\/#primaryimage\",\"url\":\"https:\/\/estilingueprofissional.com.br\/web\/wp-content\/uploads\/040.jpg\",\"contentUrl\":\"https:\/\/estilingueprofissional.com.br\/web\/wp-content\/uploads\/040.jpg\",\"width\":1024,\"height\":1024},{\"@type\":\"BreadcrumbList\",\"@id\":\"https:\/\/estilingueprofissional.com.br\/web\/postura-e-ponto-de-ancoragem\/#breadcrumb\",\"itemListElement\":[{\"@type\":\"ListItem\",\"position\":1,\"name\":\"In\u00edcio\",\"item\":\"https:\/\/estilingueprofissional.com.br\/web\/\"},{\"@type\":\"ListItem\",\"position\":2,\"name\":\"Postura e Ponto de Ancoragem\"}]},{\"@type\":\"WebSite\",\"@id\":\"https:\/\/estilingueprofissional.com.br\/web\/#website\",\"url\":\"https:\/\/estilingueprofissional.com.br\/web\/\",\"name\":\"Estilingue Profissional\",\"description\":\"\",\"potentialAction\":[{\"@type\":\"SearchAction\",\"target\":{\"@type\":\"EntryPoint\",\"urlTemplate\":\"https:\/\/estilingueprofissional.com.br\/web\/?s={search_term_string}\"},\"query-input\":{\"@type\":\"PropertyValueSpecification\",\"valueRequired\":true,\"valueName\":\"search_term_string\"}}],\"inLanguage\":\"pt-BR\"}]}<\/script>\n<!-- \/ Yoast SEO plugin. -->","yoast_head_json":{"title":"Postura e Ponto de Ancoragem - Estilingue Profissional","robots":{"index":"index","follow":"follow","max-snippet":"max-snippet:-1","max-image-preview":"max-image-preview:large","max-video-preview":"max-video-preview:-1"},"canonical":"https:\/\/estilingueprofissional.com.br\/web\/postura-e-ponto-de-ancoragem\/","og_locale":"pt_BR","og_type":"article","og_title":"Postura e Ponto de Ancoragem - Estilingue Profissional","og_description":"Ofertas especiais !! Postura Agora que j\u00e1 estamos dando nossos tiros de estilingue \u00e9 chegada a hora de nos aprimorarmos.Um dos assuntos mais abordados \u00e9 a quest\u00e3o da postura do atirador.N\u00e3o sei se estou muito certo, mas acredito que muito do que se fala foi tirado das t\u00e9cnicas de tiro da arqueria. Assistindo a v\u00eddeos&hellip; Leia mais","og_url":"https:\/\/estilingueprofissional.com.br\/web\/postura-e-ponto-de-ancoragem\/","og_site_name":"Estilingue Profissional","article_publisher":"https:\/\/www.facebook.com\/estilingueprofissional","article_modified_time":"2024-06-02T18:45:40+00:00","og_image":[{"url":"https:\/\/estilingueprofissional.com.br\/web\/wp-content\/uploads\/040.jpg","type":"","width":"","height":""}],"twitter_card":"summary_large_image","twitter_misc":{"Est. tempo de leitura":"3 minutos"},"schema":{"@context":"https:\/\/schema.org","@graph":[{"@type":"WebPage","@id":"https:\/\/estilingueprofissional.com.br\/web\/postura-e-ponto-de-ancoragem\/","url":"https:\/\/estilingueprofissional.com.br\/web\/postura-e-ponto-de-ancoragem\/","name":"Postura e Ponto de Ancoragem - Estilingue Profissional","isPartOf":{"@id":"https:\/\/estilingueprofissional.com.br\/web\/#website"},"primaryImageOfPage":{"@id":"https:\/\/estilingueprofissional.com.br\/web\/postura-e-ponto-de-ancoragem\/#primaryimage"},"image":{"@id":"https:\/\/estilingueprofissional.com.br\/web\/postura-e-ponto-de-ancoragem\/#primaryimage"},"thumbnailUrl":"https:\/\/estilingueprofissional.com.br\/web\/wp-content\/uploads\/040.jpg","datePublished":"2024-05-31T17:46:40+00:00","dateModified":"2024-06-02T18:45:40+00:00","breadcrumb":{"@id":"https:\/\/estilingueprofissional.com.br\/web\/postura-e-ponto-de-ancoragem\/#breadcrumb"},"inLanguage":"pt-BR","potentialAction":[{"@type":"ReadAction","target":["https:\/\/estilingueprofissional.com.br\/web\/postura-e-ponto-de-ancoragem\/"]}]},{"@type":"ImageObject","inLanguage":"pt-BR","@id":"https:\/\/estilingueprofissional.com.br\/web\/postura-e-ponto-de-ancoragem\/#primaryimage","url":"https:\/\/estilingueprofissional.com.br\/web\/wp-content\/uploads\/040.jpg","contentUrl":"https:\/\/estilingueprofissional.com.br\/web\/wp-content\/uploads\/040.jpg","width":1024,"height":1024},{"@type":"BreadcrumbList","@id":"https:\/\/estilingueprofissional.com.br\/web\/postura-e-ponto-de-ancoragem\/#breadcrumb","itemListElement":[{"@type":"ListItem","position":1,"name":"In\u00edcio","item":"https:\/\/estilingueprofissional.com.br\/web\/"},{"@type":"ListItem","position":2,"name":"Postura e Ponto de Ancoragem"}]},{"@type":"WebSite","@id":"https:\/\/estilingueprofissional.com.br\/web\/#website","url":"https:\/\/estilingueprofissional.com.br\/web\/","name":"Estilingue Profissional","description":"","potentialAction":[{"@type":"SearchAction","target":{"@type":"EntryPoint","urlTemplate":"https:\/\/estilingueprofissional.com.br\/web\/?s={search_term_string}"},"query-input":{"@type":"PropertyValueSpecification","valueRequired":true,"valueName":"search_term_string"}}],"inLanguage":"pt-BR"}]}},"_links":{"self":[{"href":"https:\/\/estilingueprofissional.com.br\/web\/wp-json\/wp\/v2\/pages\/337","targetHints":{"allow":["GET"]}}],"collection":[{"href":"https:\/\/estilingueprofissional.com.br\/web\/wp-json\/wp\/v2\/pages"}],"about":[{"href":"https:\/\/estilingueprofissional.com.br\/web\/wp-json\/wp\/v2\/types\/page"}],"author":[{"embeddable":true,"href":"https:\/\/estilingueprofissional.com.br\/web\/wp-json\/wp\/v2\/users\/1"}],"replies":[{"embeddable":true,"href":"https:\/\/estilingueprofissional.com.br\/web\/wp-json\/wp\/v2\/comments?post=337"}],"version-history":[{"count":3,"href":"https:\/\/estilingueprofissional.com.br\/web\/wp-json\/wp\/v2\/pages\/337\/revisions"}],"predecessor-version":[{"id":443,"href":"https:\/\/estilingueprofissional.com.br\/web\/wp-json\/wp\/v2\/pages\/337\/revisions\/443"}],"wp:attachment":[{"href":"https:\/\/estilingueprofissional.com.br\/web\/wp-json\/wp\/v2\/media?parent=337"}],"curies":[{"name":"wp","href":"https:\/\/api.w.org\/{rel}","templated":true}]}}