{"id":344,"date":"2024-05-31T14:52:37","date_gmt":"2024-05-31T17:52:37","guid":{"rendered":"https:\/\/estilingueprofissional.com.br\/web\/?page_id=344"},"modified":"2024-06-02T15:43:13","modified_gmt":"2024-06-02T18:43:13","slug":"o-que-e-estilingue-profissional","status":"publish","type":"page","link":"https:\/\/estilingueprofissional.com.br\/web\/o-que-e-estilingue-profissional\/","title":{"rendered":"O que \u00e9 estilingue profissional?"},"content":{"rendered":"\n<h2 class=\"wp-block-heading\">Faixas el\u00e1sticas em oferta!<\/h2>\n\n\n\n<div class=\"wp-block-columns is-layout-flex wp-container-core-columns-is-layout-9d6595d7 wp-block-columns-is-layout-flex\">\n<div class=\"wp-block-column is-layout-flow wp-block-column-is-layout-flow\">\n<figure class=\"wp-block-image size-large\"><a href=\"https:\/\/shope.ee\/89vpvBLcY4\" target=\"_blank\" rel=\"noreferrer noopener\"><img loading=\"lazy\" decoding=\"async\" width=\"1024\" height=\"1024\" src=\"https:\/\/estilingueprofissional.com.br\/web\/wp-content\/uploads\/048-1024x1024.jpg\" alt=\"\" class=\"wp-image-290\" srcset=\"https:\/\/estilingueprofissional.com.br\/web\/wp-content\/uploads\/048-1024x1024.jpg 1024w, https:\/\/estilingueprofissional.com.br\/web\/wp-content\/uploads\/048-300x300.jpg 300w, https:\/\/estilingueprofissional.com.br\/web\/wp-content\/uploads\/048-150x150.jpg 150w, https:\/\/estilingueprofissional.com.br\/web\/wp-content\/uploads\/048-768x768.jpg 768w, https:\/\/estilingueprofissional.com.br\/web\/wp-content\/uploads\/048.jpg 1080w\" sizes=\"auto, (max-width: 1024px) 100vw, 1024px\" \/><\/a><figcaption class=\"wp-element-caption\"><strong><a href=\"https:\/\/shope.ee\/89vpvBLcY4\" target=\"_blank\" rel=\"noreferrer noopener\">Clique para ver oferta<\/a><\/strong><\/figcaption><\/figure>\n<\/div>\n\n\n\n<div class=\"wp-block-column is-layout-flow wp-block-column-is-layout-flow\">\n<figure class=\"wp-block-image size-full\"><a href=\"https:\/\/shope.ee\/1At0bX3Crd\" target=\"_blank\" rel=\"noreferrer noopener\"><img loading=\"lazy\" decoding=\"async\" width=\"932\" height=\"932\" src=\"https:\/\/estilingueprofissional.com.br\/web\/wp-content\/uploads\/049.jpg\" alt=\"\" class=\"wp-image-291\" srcset=\"https:\/\/estilingueprofissional.com.br\/web\/wp-content\/uploads\/049.jpg 932w, https:\/\/estilingueprofissional.com.br\/web\/wp-content\/uploads\/049-300x300.jpg 300w, https:\/\/estilingueprofissional.com.br\/web\/wp-content\/uploads\/049-150x150.jpg 150w, https:\/\/estilingueprofissional.com.br\/web\/wp-content\/uploads\/049-768x768.jpg 768w\" sizes=\"auto, (max-width: 932px) 100vw, 932px\" \/><\/a><figcaption class=\"wp-element-caption\"><a href=\"https:\/\/shope.ee\/1At0bX3Crd\" target=\"_blank\" rel=\"noreferrer noopener\">Clique para ver oferta<\/a><\/figcaption><\/figure>\n<\/div>\n\n\n\n<div class=\"wp-block-column is-layout-flow wp-block-column-is-layout-flow\">\n<figure class=\"wp-block-image size-large\"><a href=\"https:\/\/shope.ee\/a8FO77Qn\" target=\"_blank\" rel=\"noreferrer noopener\"><img loading=\"lazy\" decoding=\"async\" width=\"1024\" height=\"1024\" src=\"https:\/\/estilingueprofissional.com.br\/web\/wp-content\/uploads\/050-1024x1024.jpg\" alt=\"\" class=\"wp-image-292\" srcset=\"https:\/\/estilingueprofissional.com.br\/web\/wp-content\/uploads\/050-1024x1024.jpg 1024w, https:\/\/estilingueprofissional.com.br\/web\/wp-content\/uploads\/050-300x300.jpg 300w, https:\/\/estilingueprofissional.com.br\/web\/wp-content\/uploads\/050-150x150.jpg 150w, https:\/\/estilingueprofissional.com.br\/web\/wp-content\/uploads\/050-768x768.jpg 768w, https:\/\/estilingueprofissional.com.br\/web\/wp-content\/uploads\/050.jpg 1080w\" sizes=\"auto, (max-width: 1024px) 100vw, 1024px\" \/><\/a><figcaption class=\"wp-element-caption\"><a href=\"https:\/\/shope.ee\/a8FO77Qn\" target=\"_blank\" rel=\"noreferrer noopener\">Clique para ver oferta<\/a><\/figcaption><\/figure>\n<\/div>\n\n\n\n<div class=\"wp-block-column is-layout-flow wp-block-column-is-layout-flow\">\n<figure class=\"wp-block-image size-large\"><a href=\"https:\/\/shope.ee\/9pGPQy3kqG\" target=\"_blank\" rel=\"noreferrer noopener\"><img loading=\"lazy\" decoding=\"async\" width=\"1024\" height=\"1024\" src=\"https:\/\/estilingueprofissional.com.br\/web\/wp-content\/uploads\/051-1024x1024.jpg\" alt=\"\" class=\"wp-image-293\" srcset=\"https:\/\/estilingueprofissional.com.br\/web\/wp-content\/uploads\/051-1024x1024.jpg 1024w, https:\/\/estilingueprofissional.com.br\/web\/wp-content\/uploads\/051-300x300.jpg 300w, https:\/\/estilingueprofissional.com.br\/web\/wp-content\/uploads\/051-150x150.jpg 150w, https:\/\/estilingueprofissional.com.br\/web\/wp-content\/uploads\/051-768x768.jpg 768w, https:\/\/estilingueprofissional.com.br\/web\/wp-content\/uploads\/051.jpg 1080w\" sizes=\"auto, (max-width: 1024px) 100vw, 1024px\" \/><\/a><figcaption class=\"wp-element-caption\"><a href=\"https:\/\/shope.ee\/9pGPQy3kqG\" target=\"_blank\" rel=\"noreferrer noopener\">Clique para ver oferta<\/a><\/figcaption><\/figure>\n<\/div>\n<\/div>\n\n\n\n<p><em>Saiba as diferen\u00e7as entre conceitos de estilingues profissionais e estilingues artesanais<\/em><\/p>\n\n\n\n<p>A express\u00e3o &#8220;estilingue profissional&#8221; traz em si uma id\u00e9ia de que existem estilingues especialmente desenvolvidos e criados para uma elite que realmente sabe como utiliz\u00e1-los. \u00c9 como se fosse algo feito para poucos e que tenham ou queiram desenvolver habilidades extraordin\u00e1rias, fora do lugar comum<\/p>\n\n\n\n<p>Apesar de gostar de estilingues h\u00e1 muitos e muitos anos, confesso que sou um novato, pois estou praticando novamente, partindo do in\u00edcio mesmo e buscando conhecimento na internet, visitando muitos sites e vendo muitos v\u00eddeos de praticantes muito mais experientes que eu. Com estas pesquisas acabei descobrindo que existe uma postura deste pessoal e de associa\u00e7\u00f5es da classe, mais antigos no esporte, sobre a express\u00e3o &#8220;estilingue profissional&#8221;. Para minha surpresa, a coloca\u00e7\u00e3o \u00e9 que um estilingue \u00e9 ou deve ser sempre artesanal &#8211; que s\u00e3o os recomendados para utiliza\u00e7\u00e3o em provas de tiro esportivo e mesmo para o dia a dia &#8211; ou um estilingue \u00e9 industrializado &#8211; que s\u00e3o um sem n\u00famero oferecidos na internet acompanhados de grandes id\u00e9ias, sendo algumas at\u00e9 futuristas, que \u00e9 o caso de estilingue com mira laser.<\/p>\n\n\n\n<p>Como sempre trabalhei com marketing, ficou f\u00e1cil perceber durante minhas pesquisas que, em sua maioria, por\u00e9m nem todos, quando o anunciante se utiliza desta express\u00e3o \u00e9 para mostrar que o equipamento que ele vende \u00e9 superior aos outros, ou que faz o que os outros n\u00e3o fazem, dando assim ao comprador a impress\u00e3o de que sozinho o equipamento ir\u00e1 dar solu\u00e7\u00f5es r\u00e1pidas, tais como: acertar o alvo com a ajuda de miras especiais, ou que conseguir\u00e1 destruir alvos mais efetivamente porque o estilingue tem n\u00e3o sei quantas borrachas e assim por diante&#8230;<\/p>\n\n\n\n<p>Portanto, se voc\u00ea est\u00e1 pretendendo praticar tiro ao alvo esportivo com estilingues e quer obter resultados satisfat\u00f3rios, se divertindo enquanto aprende, recomendo que d\u00ea uma olhada na internet como eu fiz e conhe\u00e7a os conselhos de pessoas que est\u00e3o no ramo h\u00e1 muito tempo.<\/p>\n\n\n\n<p>Se voc\u00ea viu o meu primeiro v\u00eddeo &#8211;&nbsp;<a href=\"https:\/\/youtu.be\/A7XcCbIkPm0\" target=\"_blank\" rel=\"noreferrer noopener\">https:\/\/youtu.be\/A7XcCbIkPm0<\/a>&nbsp;&#8211; , ou leu o meu post &#8220;Como fazer um estilingue profissional de madeira&#8221;, vai perceber que me refiro ao objeto que criei como sendo um &#8220;estilingue profissional&#8221;. Bem, na \u00e9poca eu desconhecia os conceitos deste mercado, no entanto, quando me referi a estilingue profissional, ao contr\u00e1rio do que muitos pensam, n\u00e3o estava falando de objetos elaborados industrialmente e sim de pe\u00e7as que s\u00e3o constru\u00eddas de forma artesanal, dentro dos princ\u00edpios divulgados pelos clubes e associa\u00e7\u00f5es de praticantes de tiro com estilingues, que foi o que desenvolvi e criei, como voc\u00eas podem ver no v\u00eddeo ou no post.<\/p>\n\n\n\n<h2 class=\"wp-block-heading\">Ofertas especiais !!<\/h2>\n\n\n\n<div class=\"wp-block-columns is-layout-flex wp-container-core-columns-is-layout-9d6595d7 wp-block-columns-is-layout-flex\">\n<div class=\"wp-block-column is-layout-flow wp-block-column-is-layout-flow\">\n<figure class=\"wp-block-image size-full\"><a href=\"https:\/\/shope.ee\/2Ahn0HagZl\" target=\"_blank\" rel=\"noreferrer noopener\"><img loading=\"lazy\" decoding=\"async\" width=\"1024\" height=\"1024\" src=\"https:\/\/estilingueprofissional.com.br\/web\/wp-content\/uploads\/040.jpg\" alt=\"\" class=\"wp-image-408\" srcset=\"https:\/\/estilingueprofissional.com.br\/web\/wp-content\/uploads\/040.jpg 1024w, https:\/\/estilingueprofissional.com.br\/web\/wp-content\/uploads\/040-300x300.jpg 300w, https:\/\/estilingueprofissional.com.br\/web\/wp-content\/uploads\/040-150x150.jpg 150w, https:\/\/estilingueprofissional.com.br\/web\/wp-content\/uploads\/040-768x768.jpg 768w\" sizes=\"auto, (max-width: 1024px) 100vw, 1024px\" \/><\/a><figcaption class=\"wp-element-caption\"><a href=\"https:\/\/shope.ee\/2Ahn0HagZl\" target=\"_blank\" rel=\"noreferrer noopener\">Clique para ver oferta<\/a><\/figcaption><\/figure>\n<\/div>\n\n\n\n<div class=\"wp-block-column is-layout-flow wp-block-column-is-layout-flow\">\n<figure class=\"wp-block-image size-large\"><a href=\"https:\/\/shope.ee\/8zUwkRXdnU\" target=\"_blank\" rel=\"noreferrer noopener\"><img loading=\"lazy\" decoding=\"async\" width=\"1024\" height=\"1024\" src=\"https:\/\/estilingueprofissional.com.br\/web\/wp-content\/uploads\/045-1024x1024.jpg\" alt=\"\" class=\"wp-image-409\" srcset=\"https:\/\/estilingueprofissional.com.br\/web\/wp-content\/uploads\/045-1024x1024.jpg 1024w, https:\/\/estilingueprofissional.com.br\/web\/wp-content\/uploads\/045-300x300.jpg 300w, https:\/\/estilingueprofissional.com.br\/web\/wp-content\/uploads\/045-150x150.jpg 150w, https:\/\/estilingueprofissional.com.br\/web\/wp-content\/uploads\/045-768x768.jpg 768w, https:\/\/estilingueprofissional.com.br\/web\/wp-content\/uploads\/045.jpg 1080w\" sizes=\"auto, (max-width: 1024px) 100vw, 1024px\" \/><\/a><figcaption class=\"wp-element-caption\"><a href=\"https:\/\/shope.ee\/8zUwkRXdnU\" target=\"_blank\" rel=\"noreferrer noopener\">Clique para ver oferta<\/a><\/figcaption><\/figure>\n<\/div>\n\n\n\n<div class=\"wp-block-column is-layout-flow wp-block-column-is-layout-flow\">\n<figure class=\"wp-block-image size-full\"><a href=\"https:\/\/shope.ee\/8es3PMKXL6\" target=\"_blank\" rel=\"noreferrer noopener\"><img loading=\"lazy\" decoding=\"async\" width=\"1000\" height=\"1000\" src=\"https:\/\/estilingueprofissional.com.br\/web\/wp-content\/uploads\/041.jpg\" alt=\"\" class=\"wp-image-410\" srcset=\"https:\/\/estilingueprofissional.com.br\/web\/wp-content\/uploads\/041.jpg 1000w, https:\/\/estilingueprofissional.com.br\/web\/wp-content\/uploads\/041-300x300.jpg 300w, https:\/\/estilingueprofissional.com.br\/web\/wp-content\/uploads\/041-150x150.jpg 150w, https:\/\/estilingueprofissional.com.br\/web\/wp-content\/uploads\/041-768x768.jpg 768w\" sizes=\"auto, (max-width: 1000px) 100vw, 1000px\" \/><\/a><figcaption class=\"wp-element-caption\"><a href=\"https:\/\/shope.ee\/8es3PMKXL6\" target=\"_blank\" rel=\"noreferrer noopener\">Clique para ver oferta<\/a><\/figcaption><\/figure>\n<\/div>\n\n\n\n<div class=\"wp-block-column is-layout-flow wp-block-column-is-layout-flow\">\n<figure class=\"wp-block-image size-large\"><a href=\"https:\/\/shope.ee\/1VOvqfl2Cu\" target=\"_blank\" rel=\"noreferrer noopener\"><img loading=\"lazy\" decoding=\"async\" width=\"1024\" height=\"1024\" src=\"https:\/\/estilingueprofissional.com.br\/web\/wp-content\/uploads\/047-1024x1024.jpg\" alt=\"\" class=\"wp-image-411\" srcset=\"https:\/\/estilingueprofissional.com.br\/web\/wp-content\/uploads\/047-1024x1024.jpg 1024w, https:\/\/estilingueprofissional.com.br\/web\/wp-content\/uploads\/047-300x300.jpg 300w, https:\/\/estilingueprofissional.com.br\/web\/wp-content\/uploads\/047-150x150.jpg 150w, https:\/\/estilingueprofissional.com.br\/web\/wp-content\/uploads\/047-768x768.jpg 768w, https:\/\/estilingueprofissional.com.br\/web\/wp-content\/uploads\/047.jpg 1080w\" sizes=\"auto, (max-width: 1024px) 100vw, 1024px\" \/><\/a><figcaption class=\"wp-element-caption\"><a href=\"https:\/\/shope.ee\/1VOvqfl2Cu\" target=\"_blank\" rel=\"noreferrer noopener\">Clique para ver oferta<\/a><\/figcaption><\/figure>\n<\/div>\n<\/div>\n","protected":false},"excerpt":{"rendered":"<p>Faixas el\u00e1sticas em oferta! Saiba as diferen\u00e7as entre conceitos de estilingues profissionais e estilingues artesanais A express\u00e3o &#8220;estilingue profissional&#8221; traz em si uma id\u00e9ia de que existem estilingues especialmente desenvolvidos e criados para uma elite que realmente sabe como utiliz\u00e1-los. \u00c9 como se fosse algo feito para poucos e que tenham ou queiram desenvolver habilidades&hellip; <br \/> <a class=\"read-more\" href=\"https:\/\/estilingueprofissional.com.br\/web\/o-que-e-estilingue-profissional\/\">Leia mais<\/a><\/p>\n","protected":false},"author":1,"featured_media":0,"parent":0,"menu_order":0,"comment_status":"closed","ping_status":"closed","template":"","meta":{"footnotes":""},"class_list":["post-344","page","type-page","status-publish","hentry"],"yoast_head":"<!-- This site is optimized with the Yoast SEO plugin v27.2 - https:\/\/yoast.com\/product\/yoast-seo-wordpress\/ -->\n<title>O que \u00e9 estilingue profissional? - Estilingue Profissional<\/title>\n<meta name=\"robots\" content=\"index, follow, max-snippet:-1, max-image-preview:large, max-video-preview:-1\" \/>\n<link rel=\"canonical\" href=\"https:\/\/estilingueprofissional.com.br\/web\/o-que-e-estilingue-profissional\/\" \/>\n<meta property=\"og:locale\" content=\"pt_BR\" \/>\n<meta property=\"og:type\" content=\"article\" \/>\n<meta property=\"og:title\" content=\"O que \u00e9 estilingue profissional? - Estilingue Profissional\" \/>\n<meta property=\"og:description\" content=\"Faixas el\u00e1sticas em oferta! Saiba as diferen\u00e7as entre conceitos de estilingues profissionais e estilingues artesanais A express\u00e3o &#8220;estilingue profissional&#8221; traz em si uma id\u00e9ia de que existem estilingues especialmente desenvolvidos e criados para uma elite que realmente sabe como utiliz\u00e1-los. \u00c9 como se fosse algo feito para poucos e que tenham ou queiram desenvolver habilidades&hellip; Leia mais\" \/>\n<meta property=\"og:url\" content=\"https:\/\/estilingueprofissional.com.br\/web\/o-que-e-estilingue-profissional\/\" \/>\n<meta property=\"og:site_name\" content=\"Estilingue Profissional\" \/>\n<meta property=\"article:publisher\" content=\"https:\/\/www.facebook.com\/estilingueprofissional\" \/>\n<meta property=\"article:modified_time\" content=\"2024-06-02T18:43:13+00:00\" \/>\n<meta property=\"og:image\" content=\"https:\/\/estilingueprofissional.com.br\/web\/wp-content\/uploads\/048-1024x1024.jpg\" \/>\n<meta name=\"twitter:card\" content=\"summary_large_image\" \/>\n<meta name=\"twitter:label1\" content=\"Est. tempo de leitura\" \/>\n\t<meta name=\"twitter:data1\" content=\"3 minutos\" \/>\n<script type=\"application\/ld+json\" class=\"yoast-schema-graph\">{\"@context\":\"https:\/\/schema.org\",\"@graph\":[{\"@type\":\"WebPage\",\"@id\":\"https:\/\/estilingueprofissional.com.br\/web\/o-que-e-estilingue-profissional\/\",\"url\":\"https:\/\/estilingueprofissional.com.br\/web\/o-que-e-estilingue-profissional\/\",\"name\":\"O que \u00e9 estilingue profissional? - Estilingue Profissional\",\"isPartOf\":{\"@id\":\"https:\/\/estilingueprofissional.com.br\/web\/#website\"},\"primaryImageOfPage\":{\"@id\":\"https:\/\/estilingueprofissional.com.br\/web\/o-que-e-estilingue-profissional\/#primaryimage\"},\"image\":{\"@id\":\"https:\/\/estilingueprofissional.com.br\/web\/o-que-e-estilingue-profissional\/#primaryimage\"},\"thumbnailUrl\":\"https:\/\/estilingueprofissional.com.br\/web\/wp-content\/uploads\/048-1024x1024.jpg\",\"datePublished\":\"2024-05-31T17:52:37+00:00\",\"dateModified\":\"2024-06-02T18:43:13+00:00\",\"breadcrumb\":{\"@id\":\"https:\/\/estilingueprofissional.com.br\/web\/o-que-e-estilingue-profissional\/#breadcrumb\"},\"inLanguage\":\"pt-BR\",\"potentialAction\":[{\"@type\":\"ReadAction\",\"target\":[\"https:\/\/estilingueprofissional.com.br\/web\/o-que-e-estilingue-profissional\/\"]}]},{\"@type\":\"ImageObject\",\"inLanguage\":\"pt-BR\",\"@id\":\"https:\/\/estilingueprofissional.com.br\/web\/o-que-e-estilingue-profissional\/#primaryimage\",\"url\":\"https:\/\/estilingueprofissional.com.br\/web\/wp-content\/uploads\/048.jpg\",\"contentUrl\":\"https:\/\/estilingueprofissional.com.br\/web\/wp-content\/uploads\/048.jpg\",\"width\":1080,\"height\":1080,\"caption\":\"xr:d:DAFRFO1d6ko:5,j:40068112104,t:22110512\"},{\"@type\":\"BreadcrumbList\",\"@id\":\"https:\/\/estilingueprofissional.com.br\/web\/o-que-e-estilingue-profissional\/#breadcrumb\",\"itemListElement\":[{\"@type\":\"ListItem\",\"position\":1,\"name\":\"In\u00edcio\",\"item\":\"https:\/\/estilingueprofissional.com.br\/web\/\"},{\"@type\":\"ListItem\",\"position\":2,\"name\":\"O que \u00e9 estilingue profissional?\"}]},{\"@type\":\"WebSite\",\"@id\":\"https:\/\/estilingueprofissional.com.br\/web\/#website\",\"url\":\"https:\/\/estilingueprofissional.com.br\/web\/\",\"name\":\"Estilingue Profissional\",\"description\":\"\",\"potentialAction\":[{\"@type\":\"SearchAction\",\"target\":{\"@type\":\"EntryPoint\",\"urlTemplate\":\"https:\/\/estilingueprofissional.com.br\/web\/?s={search_term_string}\"},\"query-input\":{\"@type\":\"PropertyValueSpecification\",\"valueRequired\":true,\"valueName\":\"search_term_string\"}}],\"inLanguage\":\"pt-BR\"}]}<\/script>\n<!-- \/ Yoast SEO plugin. -->","yoast_head_json":{"title":"O que \u00e9 estilingue profissional? - Estilingue Profissional","robots":{"index":"index","follow":"follow","max-snippet":"max-snippet:-1","max-image-preview":"max-image-preview:large","max-video-preview":"max-video-preview:-1"},"canonical":"https:\/\/estilingueprofissional.com.br\/web\/o-que-e-estilingue-profissional\/","og_locale":"pt_BR","og_type":"article","og_title":"O que \u00e9 estilingue profissional? - Estilingue Profissional","og_description":"Faixas el\u00e1sticas em oferta! Saiba as diferen\u00e7as entre conceitos de estilingues profissionais e estilingues artesanais A express\u00e3o &#8220;estilingue profissional&#8221; traz em si uma id\u00e9ia de que existem estilingues especialmente desenvolvidos e criados para uma elite que realmente sabe como utiliz\u00e1-los. \u00c9 como se fosse algo feito para poucos e que tenham ou queiram desenvolver habilidades&hellip; Leia mais","og_url":"https:\/\/estilingueprofissional.com.br\/web\/o-que-e-estilingue-profissional\/","og_site_name":"Estilingue Profissional","article_publisher":"https:\/\/www.facebook.com\/estilingueprofissional","article_modified_time":"2024-06-02T18:43:13+00:00","og_image":[{"url":"https:\/\/estilingueprofissional.com.br\/web\/wp-content\/uploads\/048-1024x1024.jpg","type":"","width":"","height":""}],"twitter_card":"summary_large_image","twitter_misc":{"Est. tempo de leitura":"3 minutos"},"schema":{"@context":"https:\/\/schema.org","@graph":[{"@type":"WebPage","@id":"https:\/\/estilingueprofissional.com.br\/web\/o-que-e-estilingue-profissional\/","url":"https:\/\/estilingueprofissional.com.br\/web\/o-que-e-estilingue-profissional\/","name":"O que \u00e9 estilingue profissional? - Estilingue Profissional","isPartOf":{"@id":"https:\/\/estilingueprofissional.com.br\/web\/#website"},"primaryImageOfPage":{"@id":"https:\/\/estilingueprofissional.com.br\/web\/o-que-e-estilingue-profissional\/#primaryimage"},"image":{"@id":"https:\/\/estilingueprofissional.com.br\/web\/o-que-e-estilingue-profissional\/#primaryimage"},"thumbnailUrl":"https:\/\/estilingueprofissional.com.br\/web\/wp-content\/uploads\/048-1024x1024.jpg","datePublished":"2024-05-31T17:52:37+00:00","dateModified":"2024-06-02T18:43:13+00:00","breadcrumb":{"@id":"https:\/\/estilingueprofissional.com.br\/web\/o-que-e-estilingue-profissional\/#breadcrumb"},"inLanguage":"pt-BR","potentialAction":[{"@type":"ReadAction","target":["https:\/\/estilingueprofissional.com.br\/web\/o-que-e-estilingue-profissional\/"]}]},{"@type":"ImageObject","inLanguage":"pt-BR","@id":"https:\/\/estilingueprofissional.com.br\/web\/o-que-e-estilingue-profissional\/#primaryimage","url":"https:\/\/estilingueprofissional.com.br\/web\/wp-content\/uploads\/048.jpg","contentUrl":"https:\/\/estilingueprofissional.com.br\/web\/wp-content\/uploads\/048.jpg","width":1080,"height":1080,"caption":"xr:d:DAFRFO1d6ko:5,j:40068112104,t:22110512"},{"@type":"BreadcrumbList","@id":"https:\/\/estilingueprofissional.com.br\/web\/o-que-e-estilingue-profissional\/#breadcrumb","itemListElement":[{"@type":"ListItem","position":1,"name":"In\u00edcio","item":"https:\/\/estilingueprofissional.com.br\/web\/"},{"@type":"ListItem","position":2,"name":"O que \u00e9 estilingue profissional?"}]},{"@type":"WebSite","@id":"https:\/\/estilingueprofissional.com.br\/web\/#website","url":"https:\/\/estilingueprofissional.com.br\/web\/","name":"Estilingue Profissional","description":"","potentialAction":[{"@type":"SearchAction","target":{"@type":"EntryPoint","urlTemplate":"https:\/\/estilingueprofissional.com.br\/web\/?s={search_term_string}"},"query-input":{"@type":"PropertyValueSpecification","valueRequired":true,"valueName":"search_term_string"}}],"inLanguage":"pt-BR"}]}},"_links":{"self":[{"href":"https:\/\/estilingueprofissional.com.br\/web\/wp-json\/wp\/v2\/pages\/344","targetHints":{"allow":["GET"]}}],"collection":[{"href":"https:\/\/estilingueprofissional.com.br\/web\/wp-json\/wp\/v2\/pages"}],"about":[{"href":"https:\/\/estilingueprofissional.com.br\/web\/wp-json\/wp\/v2\/types\/page"}],"author":[{"embeddable":true,"href":"https:\/\/estilingueprofissional.com.br\/web\/wp-json\/wp\/v2\/users\/1"}],"replies":[{"embeddable":true,"href":"https:\/\/estilingueprofissional.com.br\/web\/wp-json\/wp\/v2\/comments?post=344"}],"version-history":[{"count":3,"href":"https:\/\/estilingueprofissional.com.br\/web\/wp-json\/wp\/v2\/pages\/344\/revisions"}],"predecessor-version":[{"id":441,"href":"https:\/\/estilingueprofissional.com.br\/web\/wp-json\/wp\/v2\/pages\/344\/revisions\/441"}],"wp:attachment":[{"href":"https:\/\/estilingueprofissional.com.br\/web\/wp-json\/wp\/v2\/media?parent=344"}],"curies":[{"name":"wp","href":"https:\/\/api.w.org\/{rel}","templated":true}]}}