{"id":347,"date":"2024-05-31T14:56:48","date_gmt":"2024-05-31T17:56:48","guid":{"rendered":"https:\/\/estilingueprofissional.com.br\/web\/?page_id=347"},"modified":"2024-06-02T15:37:22","modified_gmt":"2024-06-02T18:37:22","slug":"forca-e-habilidade-com-estilingue","status":"publish","type":"page","link":"https:\/\/estilingueprofissional.com.br\/web\/forca-e-habilidade-com-estilingue\/","title":{"rendered":"For\u00e7a e Habilidade com Estilingue"},"content":{"rendered":"\n<h2 class=\"wp-block-heading\">Ofertas especiais !!<\/h2>\n\n\n\n<div class=\"wp-block-columns is-layout-flex wp-container-core-columns-is-layout-9d6595d7 wp-block-columns-is-layout-flex\">\n<div class=\"wp-block-column is-layout-flow wp-block-column-is-layout-flow\">\n<figure class=\"wp-block-image size-full\"><a href=\"https:\/\/shope.ee\/2Ahn0HagZl\" target=\"_blank\" rel=\"noreferrer noopener\"><img loading=\"lazy\" decoding=\"async\" width=\"1024\" height=\"1024\" src=\"https:\/\/estilingueprofissional.com.br\/web\/wp-content\/uploads\/040.jpg\" alt=\"\" class=\"wp-image-408\" srcset=\"https:\/\/estilingueprofissional.com.br\/web\/wp-content\/uploads\/040.jpg 1024w, https:\/\/estilingueprofissional.com.br\/web\/wp-content\/uploads\/040-300x300.jpg 300w, https:\/\/estilingueprofissional.com.br\/web\/wp-content\/uploads\/040-150x150.jpg 150w, https:\/\/estilingueprofissional.com.br\/web\/wp-content\/uploads\/040-768x768.jpg 768w\" sizes=\"auto, (max-width: 1024px) 100vw, 1024px\" \/><\/a><figcaption class=\"wp-element-caption\"><a href=\"https:\/\/shope.ee\/2Ahn0HagZl\" target=\"_blank\" rel=\"noreferrer noopener\">Clique para ver oferta<\/a><\/figcaption><\/figure>\n<\/div>\n\n\n\n<div class=\"wp-block-column is-layout-flow wp-block-column-is-layout-flow\">\n<figure class=\"wp-block-image size-large\"><a href=\"https:\/\/shope.ee\/8zUwkRXdnU\" target=\"_blank\" rel=\"noreferrer noopener\"><img loading=\"lazy\" decoding=\"async\" width=\"1024\" height=\"1024\" src=\"https:\/\/estilingueprofissional.com.br\/web\/wp-content\/uploads\/045-1024x1024.jpg\" alt=\"\" class=\"wp-image-409\" srcset=\"https:\/\/estilingueprofissional.com.br\/web\/wp-content\/uploads\/045-1024x1024.jpg 1024w, https:\/\/estilingueprofissional.com.br\/web\/wp-content\/uploads\/045-300x300.jpg 300w, https:\/\/estilingueprofissional.com.br\/web\/wp-content\/uploads\/045-150x150.jpg 150w, https:\/\/estilingueprofissional.com.br\/web\/wp-content\/uploads\/045-768x768.jpg 768w, https:\/\/estilingueprofissional.com.br\/web\/wp-content\/uploads\/045.jpg 1080w\" sizes=\"auto, (max-width: 1024px) 100vw, 1024px\" \/><\/a><figcaption class=\"wp-element-caption\"><a href=\"https:\/\/shope.ee\/8zUwkRXdnU\" target=\"_blank\" rel=\"noreferrer noopener\">Clique para ver oferta<\/a><\/figcaption><\/figure>\n<\/div>\n\n\n\n<div class=\"wp-block-column is-layout-flow wp-block-column-is-layout-flow\">\n<figure class=\"wp-block-image size-full\"><a href=\"https:\/\/shope.ee\/8es3PMKXL6\" target=\"_blank\" rel=\"noreferrer noopener\"><img loading=\"lazy\" decoding=\"async\" width=\"1000\" height=\"1000\" src=\"https:\/\/estilingueprofissional.com.br\/web\/wp-content\/uploads\/041.jpg\" alt=\"\" class=\"wp-image-410\" srcset=\"https:\/\/estilingueprofissional.com.br\/web\/wp-content\/uploads\/041.jpg 1000w, https:\/\/estilingueprofissional.com.br\/web\/wp-content\/uploads\/041-300x300.jpg 300w, https:\/\/estilingueprofissional.com.br\/web\/wp-content\/uploads\/041-150x150.jpg 150w, https:\/\/estilingueprofissional.com.br\/web\/wp-content\/uploads\/041-768x768.jpg 768w\" sizes=\"auto, (max-width: 1000px) 100vw, 1000px\" \/><\/a><figcaption class=\"wp-element-caption\"><a href=\"https:\/\/shope.ee\/8es3PMKXL6\" target=\"_blank\" rel=\"noreferrer noopener\">Clique para ver oferta<\/a><\/figcaption><\/figure>\n<\/div>\n\n\n\n<div class=\"wp-block-column is-layout-flow wp-block-column-is-layout-flow\">\n<figure class=\"wp-block-image size-large\"><a href=\"https:\/\/shope.ee\/1VOvqfl2Cu\" target=\"_blank\" rel=\"noreferrer noopener\"><img loading=\"lazy\" decoding=\"async\" width=\"1024\" height=\"1024\" src=\"https:\/\/estilingueprofissional.com.br\/web\/wp-content\/uploads\/047-1024x1024.jpg\" alt=\"\" class=\"wp-image-411\" srcset=\"https:\/\/estilingueprofissional.com.br\/web\/wp-content\/uploads\/047-1024x1024.jpg 1024w, https:\/\/estilingueprofissional.com.br\/web\/wp-content\/uploads\/047-300x300.jpg 300w, https:\/\/estilingueprofissional.com.br\/web\/wp-content\/uploads\/047-150x150.jpg 150w, https:\/\/estilingueprofissional.com.br\/web\/wp-content\/uploads\/047-768x768.jpg 768w, https:\/\/estilingueprofissional.com.br\/web\/wp-content\/uploads\/047.jpg 1080w\" sizes=\"auto, (max-width: 1024px) 100vw, 1024px\" \/><\/a><figcaption class=\"wp-element-caption\"><a href=\"https:\/\/shope.ee\/1VOvqfl2Cu\" target=\"_blank\" rel=\"noreferrer noopener\">Clique para ver oferta<\/a><\/figcaption><\/figure>\n<\/div>\n<\/div>\n\n\n\n<p><em>Veja como utilizar de forma mais favor\u00e1vel suas habilidades adotando maior ou menor pot\u00eancia de tiro<\/em><\/p>\n\n\n\n<p>Quando estamos iniciando e logo que come\u00e7amos a acertar o alvo repetidas vezes, passamos a achar que \u00e9 f\u00e1cil e imediatamente vamos aumentando a dist\u00e2ncia do alvo e j\u00e1 quereremos mais pot\u00eancia no arremesso do proj\u00e9til, mesmo sem ter a habilidade suficiente para controlar o estilingue com efici\u00eancia.<\/p>\n\n\n\n<p>Como dizia a propaganda do pneu: &#8220;o que adianta ter for\u00e7a se n\u00e3o tiver a dire\u00e7\u00e3o&#8221;.<\/p>\n\n\n\n<p>\u00c9 isso a\u00ed, n\u00e3o adianta nada ter um estilingue super potente e n\u00e3o conseguir acertar o alvo. Ent\u00e3o \u00e9 necess\u00e1rio encontrar um ponto de acordo entre a for\u00e7a e a habilidade para melhorar a efici\u00eancia.<\/p>\n\n\n\n<p>H\u00e1 alguns anos atras, quando voltei novamente a minha aten\u00e7\u00e3o para o lazer com estilingue, desenvolvi um equipamento com dupla tira de tripa de mico.<\/p>\n\n\n\n<p>Para minha surpresa, quando fui testar o equipamento, percebi que ap\u00f3s anos com crises de tendinite, as minhas duas m\u00e3os n\u00e3o tinham for\u00e7a suficiente para esticar os el\u00e1sticos de forma eficiente. Ou a m\u00e3o da forquilha perdia a for\u00e7a e dobrava para tras ou a m\u00e3o que segurava o proj\u00e9til simplesmente o soltava perigosamente fora de hora, ou quando estava um pouqinho melhor ficava tremendo prejudicando a mira.<\/p>\n\n\n\n<p>Resultado&#8230; tive que recome\u00e7ar com um el\u00e1tico s\u00f3 e tentando acertar um alvo a apenas 3 metros de dist\u00e2ncia, al\u00e9m de se\u00e7\u00f5es extras de fisioterapia.<\/p>\n\n\n\n<p>O que posso recomendar, baseado em minhas recentes experi\u00eancias \u00e9 que o ideal para iniciantes ou para quem h\u00e1 muito tempo n\u00e3o pratica, utilizar as bandas el\u00e1sticas ou tripas de mico simples.<\/p>\n\n\n\n<p>Isto vai facilitar a puxada e ao mesmo tempo evitar aquela tremedeira na parada para apurar a mira. Esta facilidade na tra\u00e7\u00e3o dos el\u00e1sticos vai dar tamb\u00e9m mais confian\u00e7a no arremesso do proj\u00e9til, pois a estabilidade da postura ficar\u00e1 menos comprometida.<\/p>\n\n\n\n<p>Ao sentir mais eficiente, com mais habilidade, acertando mais os alvos, podemos ir aumentando a pot\u00eancia. Para quem usa tiras, poder\u00e1 ir aumentanto a largura da tira simples, pois isto ir\u00e1 aumentar a pot\u00eancia, exigindo um pouco mais de for\u00e7a na puxada.<\/p>\n\n\n\n<p>Quando estiver bem treinado, experimente as tiras duplas.<\/p>\n\n\n\n<p>Desta forma voc\u00ea ir\u00e1 obtendo mais for\u00e7a (pot\u00eancia) no tiro e ao mesmo tempo melhorando a sua habilidade com o estilingue, obtendo maior efici\u00eancia.<\/p>\n\n\n\n<p>Segundo alguns praticantes muito mais experientes que eu, o ideal \u00e9 treinar com bandas simples at\u00e9 ter um bom aproveitamento em tiros de 10 a 15 metros e ent\u00e3o come\u00e7ar a treinar com bandas duplas.<\/p>\n\n\n\n<h2 class=\"wp-block-heading\">Ofertas de sobreviv\u00eancia e buchcraft<\/h2>\n\n\n\n<div class=\"wp-block-columns is-layout-flex wp-container-core-columns-is-layout-9d6595d7 wp-block-columns-is-layout-flex\">\n<div class=\"wp-block-column is-layout-flow wp-block-column-is-layout-flow\"><div class=\"wp-block-image\">\n<figure class=\"aligncenter size-large\"><a href=\"https:\/\/shope.ee\/9p45ekYc9g\" target=\"_blank\" rel=\"noreferrer noopener\"><img loading=\"lazy\" decoding=\"async\" width=\"1024\" height=\"1024\" src=\"https:\/\/estilingueprofissional.com.br\/web\/wp-content\/uploads\/056-1024x1024.jpg\" alt=\"\" class=\"wp-image-297\" srcset=\"https:\/\/estilingueprofissional.com.br\/web\/wp-content\/uploads\/056-1024x1024.jpg 1024w, https:\/\/estilingueprofissional.com.br\/web\/wp-content\/uploads\/056-300x300.jpg 300w, https:\/\/estilingueprofissional.com.br\/web\/wp-content\/uploads\/056-150x150.jpg 150w, https:\/\/estilingueprofissional.com.br\/web\/wp-content\/uploads\/056-768x768.jpg 768w, https:\/\/estilingueprofissional.com.br\/web\/wp-content\/uploads\/056.jpg 1080w\" sizes=\"auto, (max-width: 1024px) 100vw, 1024px\" \/><\/a><figcaption class=\"wp-element-caption\"><a href=\"https:\/\/shope.ee\/9p45ekYc9g\" target=\"_blank\" rel=\"noreferrer noopener\">Clique para ver oferta<\/a><\/figcaption><\/figure>\n<\/div><\/div>\n\n\n\n<div class=\"wp-block-column is-layout-flow wp-block-column-is-layout-flow\"><div class=\"wp-block-image\">\n<figure class=\"aligncenter size-full\"><a href=\"https:\/\/shope.ee\/7zj9cZ8fYn\" target=\"_blank\" rel=\"noreferrer noopener\"><img loading=\"lazy\" decoding=\"async\" width=\"1000\" height=\"1000\" src=\"https:\/\/estilingueprofissional.com.br\/web\/wp-content\/uploads\/057.jpg\" alt=\"\" class=\"wp-image-296\" srcset=\"https:\/\/estilingueprofissional.com.br\/web\/wp-content\/uploads\/057.jpg 1000w, https:\/\/estilingueprofissional.com.br\/web\/wp-content\/uploads\/057-300x300.jpg 300w, https:\/\/estilingueprofissional.com.br\/web\/wp-content\/uploads\/057-150x150.jpg 150w, https:\/\/estilingueprofissional.com.br\/web\/wp-content\/uploads\/057-768x768.jpg 768w\" sizes=\"auto, (max-width: 1000px) 100vw, 1000px\" \/><\/a><figcaption class=\"wp-element-caption\"><a href=\"https:\/\/shope.ee\/7zj9cZ8fYn\" target=\"_blank\" rel=\"noreferrer noopener\">Clique para ver oferta<\/a><\/figcaption><\/figure>\n<\/div><\/div>\n\n\n\n<div class=\"wp-block-column is-layout-flow wp-block-column-is-layout-flow\"><div class=\"wp-block-image\">\n<figure class=\"aligncenter size-full\"><a href=\"https:\/\/shope.ee\/5peq9RBY9g\" target=\"_blank\" rel=\"noreferrer noopener\"><img loading=\"lazy\" decoding=\"async\" width=\"610\" height=\"610\" src=\"https:\/\/estilingueprofissional.com.br\/web\/wp-content\/uploads\/058.jpg\" alt=\"\" class=\"wp-image-295\" srcset=\"https:\/\/estilingueprofissional.com.br\/web\/wp-content\/uploads\/058.jpg 610w, https:\/\/estilingueprofissional.com.br\/web\/wp-content\/uploads\/058-300x300.jpg 300w, https:\/\/estilingueprofissional.com.br\/web\/wp-content\/uploads\/058-150x150.jpg 150w\" sizes=\"auto, (max-width: 610px) 100vw, 610px\" \/><\/a><figcaption class=\"wp-element-caption\"><a href=\"https:\/\/shope.ee\/5peq9RBY9g\" target=\"_blank\" rel=\"noreferrer noopener\">Clique para ver oferta<\/a><\/figcaption><\/figure>\n<\/div><\/div>\n\n\n\n<div class=\"wp-block-column is-layout-flow wp-block-column-is-layout-flow\"><div class=\"wp-block-image\">\n<figure class=\"aligncenter size-large\"><a href=\"https:\/\/shope.ee\/3fTSLv84FU\" target=\"_blank\" rel=\"noreferrer noopener\"><img loading=\"lazy\" decoding=\"async\" width=\"1024\" height=\"1024\" src=\"https:\/\/estilingueprofissional.com.br\/web\/wp-content\/uploads\/059-1024x1024.jpg\" alt=\"\" class=\"wp-image-294\" srcset=\"https:\/\/estilingueprofissional.com.br\/web\/wp-content\/uploads\/059-1024x1024.jpg 1024w, https:\/\/estilingueprofissional.com.br\/web\/wp-content\/uploads\/059-300x300.jpg 300w, https:\/\/estilingueprofissional.com.br\/web\/wp-content\/uploads\/059-150x150.jpg 150w, https:\/\/estilingueprofissional.com.br\/web\/wp-content\/uploads\/059-768x768.jpg 768w, https:\/\/estilingueprofissional.com.br\/web\/wp-content\/uploads\/059.jpg 1080w\" sizes=\"auto, (max-width: 1024px) 100vw, 1024px\" \/><\/a><figcaption class=\"wp-element-caption\"><a href=\"https:\/\/shope.ee\/3fTSLv84FU\" target=\"_blank\" rel=\"noreferrer noopener\">Clique para ver oferta<\/a><\/figcaption><\/figure>\n<\/div><\/div>\n<\/div>\n","protected":false},"excerpt":{"rendered":"<p>Ofertas especiais !! Veja como utilizar de forma mais favor\u00e1vel suas habilidades adotando maior ou menor pot\u00eancia de tiro Quando estamos iniciando e logo que come\u00e7amos a acertar o alvo repetidas vezes, passamos a achar que \u00e9 f\u00e1cil e imediatamente vamos aumentando a dist\u00e2ncia do alvo e j\u00e1 quereremos mais pot\u00eancia no arremesso do proj\u00e9til,&hellip; <br \/> <a class=\"read-more\" href=\"https:\/\/estilingueprofissional.com.br\/web\/forca-e-habilidade-com-estilingue\/\">Leia mais<\/a><\/p>\n","protected":false},"author":1,"featured_media":0,"parent":0,"menu_order":0,"comment_status":"closed","ping_status":"closed","template":"","meta":{"footnotes":""},"class_list":["post-347","page","type-page","status-publish","hentry"],"yoast_head":"<!-- This site is optimized with the Yoast SEO plugin v27.2 - https:\/\/yoast.com\/product\/yoast-seo-wordpress\/ -->\n<title>For\u00e7a e Habilidade com Estilingue - Estilingue Profissional<\/title>\n<meta name=\"robots\" content=\"index, follow, max-snippet:-1, max-image-preview:large, max-video-preview:-1\" \/>\n<link rel=\"canonical\" href=\"https:\/\/estilingueprofissional.com.br\/web\/forca-e-habilidade-com-estilingue\/\" \/>\n<meta property=\"og:locale\" content=\"pt_BR\" \/>\n<meta property=\"og:type\" content=\"article\" \/>\n<meta property=\"og:title\" content=\"For\u00e7a e Habilidade com Estilingue - Estilingue Profissional\" \/>\n<meta property=\"og:description\" content=\"Ofertas especiais !! Veja como utilizar de forma mais favor\u00e1vel suas habilidades adotando maior ou menor pot\u00eancia de tiro Quando estamos iniciando e logo que come\u00e7amos a acertar o alvo repetidas vezes, passamos a achar que \u00e9 f\u00e1cil e imediatamente vamos aumentando a dist\u00e2ncia do alvo e j\u00e1 quereremos mais pot\u00eancia no arremesso do proj\u00e9til,&hellip; Leia mais\" \/>\n<meta property=\"og:url\" content=\"https:\/\/estilingueprofissional.com.br\/web\/forca-e-habilidade-com-estilingue\/\" \/>\n<meta property=\"og:site_name\" content=\"Estilingue Profissional\" \/>\n<meta property=\"article:publisher\" content=\"https:\/\/www.facebook.com\/estilingueprofissional\" \/>\n<meta property=\"article:modified_time\" content=\"2024-06-02T18:37:22+00:00\" \/>\n<meta property=\"og:image\" content=\"https:\/\/estilingueprofissional.com.br\/web\/wp-content\/uploads\/040.jpg\" \/>\n<meta name=\"twitter:card\" content=\"summary_large_image\" \/>\n<meta name=\"twitter:label1\" content=\"Est. tempo de leitura\" \/>\n\t<meta name=\"twitter:data1\" content=\"2 minutos\" \/>\n<script type=\"application\/ld+json\" class=\"yoast-schema-graph\">{\"@context\":\"https:\/\/schema.org\",\"@graph\":[{\"@type\":\"WebPage\",\"@id\":\"https:\/\/estilingueprofissional.com.br\/web\/forca-e-habilidade-com-estilingue\/\",\"url\":\"https:\/\/estilingueprofissional.com.br\/web\/forca-e-habilidade-com-estilingue\/\",\"name\":\"For\u00e7a e Habilidade com Estilingue - Estilingue Profissional\",\"isPartOf\":{\"@id\":\"https:\/\/estilingueprofissional.com.br\/web\/#website\"},\"primaryImageOfPage\":{\"@id\":\"https:\/\/estilingueprofissional.com.br\/web\/forca-e-habilidade-com-estilingue\/#primaryimage\"},\"image\":{\"@id\":\"https:\/\/estilingueprofissional.com.br\/web\/forca-e-habilidade-com-estilingue\/#primaryimage\"},\"thumbnailUrl\":\"https:\/\/estilingueprofissional.com.br\/web\/wp-content\/uploads\/040.jpg\",\"datePublished\":\"2024-05-31T17:56:48+00:00\",\"dateModified\":\"2024-06-02T18:37:22+00:00\",\"breadcrumb\":{\"@id\":\"https:\/\/estilingueprofissional.com.br\/web\/forca-e-habilidade-com-estilingue\/#breadcrumb\"},\"inLanguage\":\"pt-BR\",\"potentialAction\":[{\"@type\":\"ReadAction\",\"target\":[\"https:\/\/estilingueprofissional.com.br\/web\/forca-e-habilidade-com-estilingue\/\"]}]},{\"@type\":\"ImageObject\",\"inLanguage\":\"pt-BR\",\"@id\":\"https:\/\/estilingueprofissional.com.br\/web\/forca-e-habilidade-com-estilingue\/#primaryimage\",\"url\":\"https:\/\/estilingueprofissional.com.br\/web\/wp-content\/uploads\/040.jpg\",\"contentUrl\":\"https:\/\/estilingueprofissional.com.br\/web\/wp-content\/uploads\/040.jpg\",\"width\":1024,\"height\":1024},{\"@type\":\"BreadcrumbList\",\"@id\":\"https:\/\/estilingueprofissional.com.br\/web\/forca-e-habilidade-com-estilingue\/#breadcrumb\",\"itemListElement\":[{\"@type\":\"ListItem\",\"position\":1,\"name\":\"In\u00edcio\",\"item\":\"https:\/\/estilingueprofissional.com.br\/web\/\"},{\"@type\":\"ListItem\",\"position\":2,\"name\":\"For\u00e7a e Habilidade com Estilingue\"}]},{\"@type\":\"WebSite\",\"@id\":\"https:\/\/estilingueprofissional.com.br\/web\/#website\",\"url\":\"https:\/\/estilingueprofissional.com.br\/web\/\",\"name\":\"Estilingue Profissional\",\"description\":\"\",\"potentialAction\":[{\"@type\":\"SearchAction\",\"target\":{\"@type\":\"EntryPoint\",\"urlTemplate\":\"https:\/\/estilingueprofissional.com.br\/web\/?s={search_term_string}\"},\"query-input\":{\"@type\":\"PropertyValueSpecification\",\"valueRequired\":true,\"valueName\":\"search_term_string\"}}],\"inLanguage\":\"pt-BR\"}]}<\/script>\n<!-- \/ Yoast SEO plugin. -->","yoast_head_json":{"title":"For\u00e7a e Habilidade com Estilingue - Estilingue Profissional","robots":{"index":"index","follow":"follow","max-snippet":"max-snippet:-1","max-image-preview":"max-image-preview:large","max-video-preview":"max-video-preview:-1"},"canonical":"https:\/\/estilingueprofissional.com.br\/web\/forca-e-habilidade-com-estilingue\/","og_locale":"pt_BR","og_type":"article","og_title":"For\u00e7a e Habilidade com Estilingue - Estilingue Profissional","og_description":"Ofertas especiais !! Veja como utilizar de forma mais favor\u00e1vel suas habilidades adotando maior ou menor pot\u00eancia de tiro Quando estamos iniciando e logo que come\u00e7amos a acertar o alvo repetidas vezes, passamos a achar que \u00e9 f\u00e1cil e imediatamente vamos aumentando a dist\u00e2ncia do alvo e j\u00e1 quereremos mais pot\u00eancia no arremesso do proj\u00e9til,&hellip; Leia mais","og_url":"https:\/\/estilingueprofissional.com.br\/web\/forca-e-habilidade-com-estilingue\/","og_site_name":"Estilingue Profissional","article_publisher":"https:\/\/www.facebook.com\/estilingueprofissional","article_modified_time":"2024-06-02T18:37:22+00:00","og_image":[{"url":"https:\/\/estilingueprofissional.com.br\/web\/wp-content\/uploads\/040.jpg","type":"","width":"","height":""}],"twitter_card":"summary_large_image","twitter_misc":{"Est. tempo de leitura":"2 minutos"},"schema":{"@context":"https:\/\/schema.org","@graph":[{"@type":"WebPage","@id":"https:\/\/estilingueprofissional.com.br\/web\/forca-e-habilidade-com-estilingue\/","url":"https:\/\/estilingueprofissional.com.br\/web\/forca-e-habilidade-com-estilingue\/","name":"For\u00e7a e Habilidade com Estilingue - Estilingue Profissional","isPartOf":{"@id":"https:\/\/estilingueprofissional.com.br\/web\/#website"},"primaryImageOfPage":{"@id":"https:\/\/estilingueprofissional.com.br\/web\/forca-e-habilidade-com-estilingue\/#primaryimage"},"image":{"@id":"https:\/\/estilingueprofissional.com.br\/web\/forca-e-habilidade-com-estilingue\/#primaryimage"},"thumbnailUrl":"https:\/\/estilingueprofissional.com.br\/web\/wp-content\/uploads\/040.jpg","datePublished":"2024-05-31T17:56:48+00:00","dateModified":"2024-06-02T18:37:22+00:00","breadcrumb":{"@id":"https:\/\/estilingueprofissional.com.br\/web\/forca-e-habilidade-com-estilingue\/#breadcrumb"},"inLanguage":"pt-BR","potentialAction":[{"@type":"ReadAction","target":["https:\/\/estilingueprofissional.com.br\/web\/forca-e-habilidade-com-estilingue\/"]}]},{"@type":"ImageObject","inLanguage":"pt-BR","@id":"https:\/\/estilingueprofissional.com.br\/web\/forca-e-habilidade-com-estilingue\/#primaryimage","url":"https:\/\/estilingueprofissional.com.br\/web\/wp-content\/uploads\/040.jpg","contentUrl":"https:\/\/estilingueprofissional.com.br\/web\/wp-content\/uploads\/040.jpg","width":1024,"height":1024},{"@type":"BreadcrumbList","@id":"https:\/\/estilingueprofissional.com.br\/web\/forca-e-habilidade-com-estilingue\/#breadcrumb","itemListElement":[{"@type":"ListItem","position":1,"name":"In\u00edcio","item":"https:\/\/estilingueprofissional.com.br\/web\/"},{"@type":"ListItem","position":2,"name":"For\u00e7a e Habilidade com Estilingue"}]},{"@type":"WebSite","@id":"https:\/\/estilingueprofissional.com.br\/web\/#website","url":"https:\/\/estilingueprofissional.com.br\/web\/","name":"Estilingue Profissional","description":"","potentialAction":[{"@type":"SearchAction","target":{"@type":"EntryPoint","urlTemplate":"https:\/\/estilingueprofissional.com.br\/web\/?s={search_term_string}"},"query-input":{"@type":"PropertyValueSpecification","valueRequired":true,"valueName":"search_term_string"}}],"inLanguage":"pt-BR"}]}},"_links":{"self":[{"href":"https:\/\/estilingueprofissional.com.br\/web\/wp-json\/wp\/v2\/pages\/347","targetHints":{"allow":["GET"]}}],"collection":[{"href":"https:\/\/estilingueprofissional.com.br\/web\/wp-json\/wp\/v2\/pages"}],"about":[{"href":"https:\/\/estilingueprofissional.com.br\/web\/wp-json\/wp\/v2\/types\/page"}],"author":[{"embeddable":true,"href":"https:\/\/estilingueprofissional.com.br\/web\/wp-json\/wp\/v2\/users\/1"}],"replies":[{"embeddable":true,"href":"https:\/\/estilingueprofissional.com.br\/web\/wp-json\/wp\/v2\/comments?post=347"}],"version-history":[{"count":3,"href":"https:\/\/estilingueprofissional.com.br\/web\/wp-json\/wp\/v2\/pages\/347\/revisions"}],"predecessor-version":[{"id":437,"href":"https:\/\/estilingueprofissional.com.br\/web\/wp-json\/wp\/v2\/pages\/347\/revisions\/437"}],"wp:attachment":[{"href":"https:\/\/estilingueprofissional.com.br\/web\/wp-json\/wp\/v2\/media?parent=347"}],"curies":[{"name":"wp","href":"https:\/\/api.w.org\/{rel}","templated":true}]}}