{"id":349,"date":"2024-05-31T15:02:48","date_gmt":"2024-05-31T18:02:48","guid":{"rendered":"https:\/\/estilingueprofissional.com.br\/web\/?page_id=349"},"modified":"2024-06-02T15:40:05","modified_gmt":"2024-06-02T18:40:05","slug":"municao-para-estilingue","status":"publish","type":"page","link":"https:\/\/estilingueprofissional.com.br\/web\/municao-para-estilingue\/","title":{"rendered":"Muni\u00e7\u00e3o para estilingue"},"content":{"rendered":"\n<h2 class=\"wp-block-heading\">Ofertas especiais !!<\/h2>\n\n\n\n<div class=\"wp-block-columns is-layout-flex wp-container-core-columns-is-layout-9d6595d7 wp-block-columns-is-layout-flex\">\n<div class=\"wp-block-column is-layout-flow wp-block-column-is-layout-flow\">\n<figure class=\"wp-block-image size-full\"><a href=\"https:\/\/shope.ee\/2Ahn0HagZl\" target=\"_blank\" rel=\"noreferrer noopener\"><img loading=\"lazy\" decoding=\"async\" width=\"1024\" height=\"1024\" src=\"https:\/\/estilingueprofissional.com.br\/web\/wp-content\/uploads\/040.jpg\" alt=\"\" class=\"wp-image-408\" srcset=\"https:\/\/estilingueprofissional.com.br\/web\/wp-content\/uploads\/040.jpg 1024w, https:\/\/estilingueprofissional.com.br\/web\/wp-content\/uploads\/040-300x300.jpg 300w, https:\/\/estilingueprofissional.com.br\/web\/wp-content\/uploads\/040-150x150.jpg 150w, https:\/\/estilingueprofissional.com.br\/web\/wp-content\/uploads\/040-768x768.jpg 768w\" sizes=\"auto, (max-width: 1024px) 100vw, 1024px\" \/><\/a><figcaption class=\"wp-element-caption\"><a href=\"https:\/\/shope.ee\/2Ahn0HagZl\" target=\"_blank\" rel=\"noreferrer noopener\">Clique para ver oferta<\/a><\/figcaption><\/figure>\n<\/div>\n\n\n\n<div class=\"wp-block-column is-layout-flow wp-block-column-is-layout-flow\">\n<figure class=\"wp-block-image size-large\"><a href=\"https:\/\/shope.ee\/8zUwkRXdnU\" target=\"_blank\" rel=\"noreferrer noopener\"><img loading=\"lazy\" decoding=\"async\" width=\"1024\" height=\"1024\" src=\"https:\/\/estilingueprofissional.com.br\/web\/wp-content\/uploads\/045-1024x1024.jpg\" alt=\"\" class=\"wp-image-409\" srcset=\"https:\/\/estilingueprofissional.com.br\/web\/wp-content\/uploads\/045-1024x1024.jpg 1024w, https:\/\/estilingueprofissional.com.br\/web\/wp-content\/uploads\/045-300x300.jpg 300w, https:\/\/estilingueprofissional.com.br\/web\/wp-content\/uploads\/045-150x150.jpg 150w, https:\/\/estilingueprofissional.com.br\/web\/wp-content\/uploads\/045-768x768.jpg 768w, https:\/\/estilingueprofissional.com.br\/web\/wp-content\/uploads\/045.jpg 1080w\" sizes=\"auto, (max-width: 1024px) 100vw, 1024px\" \/><\/a><figcaption class=\"wp-element-caption\"><a href=\"https:\/\/shope.ee\/8zUwkRXdnU\" target=\"_blank\" rel=\"noreferrer noopener\">Clique para ver oferta<\/a><\/figcaption><\/figure>\n<\/div>\n\n\n\n<div class=\"wp-block-column is-layout-flow wp-block-column-is-layout-flow\">\n<figure class=\"wp-block-image size-full\"><a href=\"https:\/\/shope.ee\/8es3PMKXL6\" target=\"_blank\" rel=\"noreferrer noopener\"><img loading=\"lazy\" decoding=\"async\" width=\"1000\" height=\"1000\" src=\"https:\/\/estilingueprofissional.com.br\/web\/wp-content\/uploads\/041.jpg\" alt=\"\" class=\"wp-image-410\" srcset=\"https:\/\/estilingueprofissional.com.br\/web\/wp-content\/uploads\/041.jpg 1000w, https:\/\/estilingueprofissional.com.br\/web\/wp-content\/uploads\/041-300x300.jpg 300w, https:\/\/estilingueprofissional.com.br\/web\/wp-content\/uploads\/041-150x150.jpg 150w, https:\/\/estilingueprofissional.com.br\/web\/wp-content\/uploads\/041-768x768.jpg 768w\" sizes=\"auto, (max-width: 1000px) 100vw, 1000px\" \/><\/a><figcaption class=\"wp-element-caption\"><a href=\"https:\/\/shope.ee\/8es3PMKXL6\" target=\"_blank\" rel=\"noreferrer noopener\">Clique para ver oferta<\/a><\/figcaption><\/figure>\n<\/div>\n\n\n\n<div class=\"wp-block-column is-layout-flow wp-block-column-is-layout-flow\">\n<figure class=\"wp-block-image size-large\"><a href=\"https:\/\/shope.ee\/1VOvqfl2Cu\" target=\"_blank\" rel=\"noreferrer noopener\"><img loading=\"lazy\" decoding=\"async\" width=\"1024\" height=\"1024\" src=\"https:\/\/estilingueprofissional.com.br\/web\/wp-content\/uploads\/047-1024x1024.jpg\" alt=\"\" class=\"wp-image-411\" srcset=\"https:\/\/estilingueprofissional.com.br\/web\/wp-content\/uploads\/047-1024x1024.jpg 1024w, https:\/\/estilingueprofissional.com.br\/web\/wp-content\/uploads\/047-300x300.jpg 300w, https:\/\/estilingueprofissional.com.br\/web\/wp-content\/uploads\/047-150x150.jpg 150w, https:\/\/estilingueprofissional.com.br\/web\/wp-content\/uploads\/047-768x768.jpg 768w, https:\/\/estilingueprofissional.com.br\/web\/wp-content\/uploads\/047.jpg 1080w\" sizes=\"auto, (max-width: 1024px) 100vw, 1024px\" \/><\/a><figcaption class=\"wp-element-caption\"><a href=\"https:\/\/shope.ee\/1VOvqfl2Cu\" target=\"_blank\" rel=\"noreferrer noopener\">Clique para ver oferta<\/a><\/figcaption><\/figure>\n<\/div>\n<\/div>\n\n\n\n<p>Podemos utilizar v\u00e1rios tipos de muni\u00e7\u00e3o no estilingue: pedras, esteras de a\u00e7o ou chumbo, bolinhas de gude, bolas de barro, etc&#8230; Estes proj\u00e9teis tamb\u00e9m podem ter pesos e formatos diferentes.<\/p>\n\n\n\n<p>\u00c9 preciso lembrar que independente de qual o tipo de muni\u00e7\u00e3o for utilizada, se voc\u00ea for treinar com alvo fixo, n\u00e3o esquecer de colocar um pano para amortecimento de impacto.<\/p>\n\n\n\n<p>Para iniciantes, acho que bolinhas de gude de 17 a 20mm. e esferas de a\u00e7o de 6 ou 8mm. s\u00e3o ideais. Considere que as bolinhas de gude tem boa durabilidade e s\u00e3o muito f\u00e1ceis de se encontrar. Note que estes tipos de proj\u00e9til ricocheteiam quando atingem uma superf\u00edcie dura, o que pode nos machucar, poristo a necessidade do amortecimento do impacto.<\/p>\n\n\n\n<p>Nos campeonatos s\u00e3o utilizadas esferas de argila, pois s\u00e3o mais seguras onde existe gente por perto, uma vez que elas se partem com mais facilidade ao atingirem seus alvos evitando que ricocheteiem.<\/p>\n\n\n\n<p>Tecnicamente falando, as esferas menores oferecem maior poder de penetra\u00e7\u00e3o mas com um curto alcance. Esta preocupa\u00e7\u00e3o est\u00e1 muito relacionada com o poder de destrui\u00e7\u00e3o de alvos.<\/p>\n\n\n\n<p>O pessoal mais experiente recomenda esferas de a\u00e7o de 20mm (note que n\u00e3o \u00e9 apenas maior e sim mais pesada tamb\u00e9m) para se obter um resultado de destrui\u00e7\u00e3o melhor considerando-se tiros de 15 a 20metros de dist\u00e2ncia.<\/p>\n\n\n\n<div class=\"wp-block-columns is-layout-flex wp-container-core-columns-is-layout-9d6595d7 wp-block-columns-is-layout-flex\">\n<div class=\"wp-block-column is-layout-flow wp-block-column-is-layout-flow\">\n<figure class=\"wp-block-image size-full\"><img loading=\"lazy\" decoding=\"async\" width=\"800\" height=\"533\" src=\"https:\/\/estilingueprofissional.com.br\/web\/wp-content\/uploads\/municao1.jpg\" alt=\"\" class=\"wp-image-350\" srcset=\"https:\/\/estilingueprofissional.com.br\/web\/wp-content\/uploads\/municao1.jpg 800w, https:\/\/estilingueprofissional.com.br\/web\/wp-content\/uploads\/municao1-300x200.jpg 300w, https:\/\/estilingueprofissional.com.br\/web\/wp-content\/uploads\/municao1-768x512.jpg 768w\" sizes=\"auto, (max-width: 800px) 100vw, 800px\" \/><\/figure>\n<\/div>\n\n\n\n<div class=\"wp-block-column is-layout-flow wp-block-column-is-layout-flow\">\n<figure class=\"wp-block-image size-full\"><img loading=\"lazy\" decoding=\"async\" width=\"800\" height=\"533\" src=\"https:\/\/estilingueprofissional.com.br\/web\/wp-content\/uploads\/municao2.jpg\" alt=\"\" class=\"wp-image-351\" srcset=\"https:\/\/estilingueprofissional.com.br\/web\/wp-content\/uploads\/municao2.jpg 800w, https:\/\/estilingueprofissional.com.br\/web\/wp-content\/uploads\/municao2-300x200.jpg 300w, https:\/\/estilingueprofissional.com.br\/web\/wp-content\/uploads\/municao2-768x512.jpg 768w\" sizes=\"auto, (max-width: 800px) 100vw, 800px\" \/><\/figure>\n<\/div>\n\n\n\n<div class=\"wp-block-column is-layout-flow wp-block-column-is-layout-flow\">\n<figure class=\"wp-block-image size-full\"><img loading=\"lazy\" decoding=\"async\" width=\"800\" height=\"533\" src=\"https:\/\/estilingueprofissional.com.br\/web\/wp-content\/uploads\/municao3.jpg\" alt=\"\" class=\"wp-image-352\" srcset=\"https:\/\/estilingueprofissional.com.br\/web\/wp-content\/uploads\/municao3.jpg 800w, https:\/\/estilingueprofissional.com.br\/web\/wp-content\/uploads\/municao3-300x200.jpg 300w, https:\/\/estilingueprofissional.com.br\/web\/wp-content\/uploads\/municao3-768x512.jpg 768w\" sizes=\"auto, (max-width: 800px) 100vw, 800px\" \/><\/figure>\n<\/div>\n\n\n\n<div class=\"wp-block-column is-layout-flow wp-block-column-is-layout-flow\">\n<figure class=\"wp-block-image size-full\"><img loading=\"lazy\" decoding=\"async\" width=\"800\" height=\"533\" src=\"https:\/\/estilingueprofissional.com.br\/web\/wp-content\/uploads\/municao4.jpg\" alt=\"\" class=\"wp-image-353\" srcset=\"https:\/\/estilingueprofissional.com.br\/web\/wp-content\/uploads\/municao4.jpg 800w, https:\/\/estilingueprofissional.com.br\/web\/wp-content\/uploads\/municao4-300x200.jpg 300w, https:\/\/estilingueprofissional.com.br\/web\/wp-content\/uploads\/municao4-768x512.jpg 768w\" sizes=\"auto, (max-width: 800px) 100vw, 800px\" \/><\/figure>\n<\/div>\n<\/div>\n\n\n\n<p>Uma boa alternativa, para se atingir um peso melhor s\u00e3o esferas de chumbo, que tem a vantagem de ricochetear com menor pot\u00eancia, uma vez que ao atingir um objeto r\u00edgido o chumbo se deforma (amassa) com mais facilidade, absorvendo boa parte de sua energia.<\/p>\n\n\n\n<p>O chumbo pode facilmente ser derretido e fundido e se voc\u00ea tiver um pouco de habilidade e as ferramentas certas poder\u00e1 fazer sua muni\u00e7\u00e3o no tamanho que desejar.<\/p>\n\n\n\n<p>A \u00fanica preocupa\u00e7\u00e3o \u00e9 que o chumbo n\u00e3o \u00e9 bio degrad\u00e1vel como o a\u00e7o e poder\u00e1 contaminar o meio ambiente.<\/p>\n\n\n\n<p>Considerando-se que n\u00e3o tenhamos estas alternativas de muni\u00e7\u00e3o, o que nos resta s\u00e3o as pedras naturais ou formadas por restos de constru\u00e7\u00e3o ou os pedriscos, normalmente existentes em beiras de rio. O ideal para se utilizar s\u00e3o os que tiverem a forma arredondada, pois v\u00e3o garantir um melhor resultado.<\/p>\n\n\n\n<h2 class=\"wp-block-heading\">PROMO\u00c7\u00d5ES ESPECIAIS<\/h2>\n\n\n\n<div class=\"wp-block-columns is-layout-flex wp-container-core-columns-is-layout-9d6595d7 wp-block-columns-is-layout-flex\">\n<div class=\"wp-block-column is-layout-flow wp-block-column-is-layout-flow\">\n<figure class=\"wp-block-image size-full\"><a href=\"https:\/\/shope.ee\/30Me6bRNnF\" target=\"_blank\" rel=\"noreferrer noopener\"><img loading=\"lazy\" decoding=\"async\" width=\"1024\" height=\"1024\" src=\"https:\/\/estilingueprofissional.com.br\/web\/wp-content\/uploads\/6002.jpg\" alt=\"\" class=\"wp-image-34\" srcset=\"https:\/\/estilingueprofissional.com.br\/web\/wp-content\/uploads\/6002.jpg 1024w, https:\/\/estilingueprofissional.com.br\/web\/wp-content\/uploads\/6002-300x300.jpg 300w, https:\/\/estilingueprofissional.com.br\/web\/wp-content\/uploads\/6002-150x150.jpg 150w, https:\/\/estilingueprofissional.com.br\/web\/wp-content\/uploads\/6002-768x768.jpg 768w\" sizes=\"auto, (max-width: 1024px) 100vw, 1024px\" \/><\/a><figcaption class=\"wp-element-caption\"><strong><a href=\"https:\/\/shope.ee\/30Me6bRNnF\">Clique para ver a oferta!<\/a><\/strong><\/figcaption><\/figure>\n<\/div>\n\n\n\n<div class=\"wp-block-column is-layout-flow wp-block-column-is-layout-flow\">\n<figure class=\"wp-block-image size-full\"><a href=\"https:\/\/shope.ee\/qI9VxGrEx\" target=\"_blank\" rel=\"noreferrer noopener\"><img loading=\"lazy\" decoding=\"async\" width=\"1024\" height=\"1024\" src=\"https:\/\/estilingueprofissional.com.br\/web\/wp-content\/uploads\/6001.jpg\" alt=\"\" class=\"wp-image-33\" srcset=\"https:\/\/estilingueprofissional.com.br\/web\/wp-content\/uploads\/6001.jpg 1024w, https:\/\/estilingueprofissional.com.br\/web\/wp-content\/uploads\/6001-300x300.jpg 300w, https:\/\/estilingueprofissional.com.br\/web\/wp-content\/uploads\/6001-150x150.jpg 150w, https:\/\/estilingueprofissional.com.br\/web\/wp-content\/uploads\/6001-768x768.jpg 768w\" sizes=\"auto, (max-width: 1024px) 100vw, 1024px\" \/><\/a><figcaption class=\"wp-element-caption\"><a href=\"https:\/\/shope.ee\/qI9VxGrEx\"><strong>Clique para ver a oferta!<\/strong><\/a><\/figcaption><\/figure>\n<\/div>\n\n\n\n<div class=\"wp-block-column is-layout-flow wp-block-column-is-layout-flow\">\n<figure class=\"wp-block-image size-full\"><a href=\"https:\/\/shope.ee\/6zwE78VEyg\" target=\"_blank\" rel=\"noreferrer noopener\"><img loading=\"lazy\" decoding=\"async\" width=\"960\" height=\"960\" src=\"https:\/\/estilingueprofissional.com.br\/web\/wp-content\/uploads\/7001.jpg\" alt=\"\" class=\"wp-image-35\" srcset=\"https:\/\/estilingueprofissional.com.br\/web\/wp-content\/uploads\/7001.jpg 960w, https:\/\/estilingueprofissional.com.br\/web\/wp-content\/uploads\/7001-300x300.jpg 300w, https:\/\/estilingueprofissional.com.br\/web\/wp-content\/uploads\/7001-150x150.jpg 150w, https:\/\/estilingueprofissional.com.br\/web\/wp-content\/uploads\/7001-768x768.jpg 768w\" sizes=\"auto, (max-width: 960px) 100vw, 960px\" \/><\/a><figcaption class=\"wp-element-caption\"><strong><a href=\"https:\/\/shope.ee\/6zwE78VEyg\">Clique para ver a oferta!<\/a><\/strong><\/figcaption><\/figure>\n<\/div>\n\n\n\n<div class=\"wp-block-column is-layout-flow wp-block-column-is-layout-flow\">\n<figure class=\"wp-block-image size-full\"><a href=\"https:\/\/s.shopee.com.br\/5pmgoN2hui\" target=\"_blank\" rel=\"noreferrer noopener\"><img loading=\"lazy\" decoding=\"async\" width=\"1000\" height=\"1000\" src=\"https:\/\/estilingueprofissional.com.br\/web\/wp-content\/uploads\/porta-flecha.jpg\" alt=\"\" class=\"wp-image-430\" srcset=\"https:\/\/estilingueprofissional.com.br\/web\/wp-content\/uploads\/porta-flecha.jpg 1000w, https:\/\/estilingueprofissional.com.br\/web\/wp-content\/uploads\/porta-flecha-300x300.jpg 300w, https:\/\/estilingueprofissional.com.br\/web\/wp-content\/uploads\/porta-flecha-150x150.jpg 150w, https:\/\/estilingueprofissional.com.br\/web\/wp-content\/uploads\/porta-flecha-768x768.jpg 768w\" sizes=\"auto, (max-width: 1000px) 100vw, 1000px\" \/><\/a><figcaption class=\"wp-element-caption\"><strong><a href=\"https:\/\/s.shopee.com.br\/5pmgoN2hui\" target=\"_blank\" rel=\"noreferrer noopener\">Clique para ver a oferta!<\/a><\/strong><\/figcaption><\/figure>\n<\/div>\n<\/div>\n","protected":false},"excerpt":{"rendered":"<p>Ofertas especiais !! Podemos utilizar v\u00e1rios tipos de muni\u00e7\u00e3o no estilingue: pedras, esteras de a\u00e7o ou chumbo, bolinhas de gude, bolas de barro, etc&#8230; Estes proj\u00e9teis tamb\u00e9m podem ter pesos e formatos diferentes. \u00c9 preciso lembrar que independente de qual o tipo de muni\u00e7\u00e3o for utilizada, se voc\u00ea for treinar com alvo fixo, n\u00e3o esquecer&hellip; <br \/> <a class=\"read-more\" href=\"https:\/\/estilingueprofissional.com.br\/web\/municao-para-estilingue\/\">Leia mais<\/a><\/p>\n","protected":false},"author":1,"featured_media":0,"parent":0,"menu_order":0,"comment_status":"closed","ping_status":"closed","template":"","meta":{"footnotes":""},"class_list":["post-349","page","type-page","status-publish","hentry"],"yoast_head":"<!-- This site is optimized with the Yoast SEO plugin v27.2 - https:\/\/yoast.com\/product\/yoast-seo-wordpress\/ -->\n<title>Muni\u00e7\u00e3o para estilingue - Estilingue Profissional<\/title>\n<meta name=\"robots\" content=\"index, follow, max-snippet:-1, max-image-preview:large, max-video-preview:-1\" \/>\n<link rel=\"canonical\" href=\"https:\/\/estilingueprofissional.com.br\/web\/municao-para-estilingue\/\" \/>\n<meta property=\"og:locale\" content=\"pt_BR\" \/>\n<meta property=\"og:type\" content=\"article\" \/>\n<meta property=\"og:title\" content=\"Muni\u00e7\u00e3o para estilingue - Estilingue Profissional\" \/>\n<meta property=\"og:description\" content=\"Ofertas especiais !! Podemos utilizar v\u00e1rios tipos de muni\u00e7\u00e3o no estilingue: pedras, esteras de a\u00e7o ou chumbo, bolinhas de gude, bolas de barro, etc&#8230; Estes proj\u00e9teis tamb\u00e9m podem ter pesos e formatos diferentes. \u00c9 preciso lembrar que independente de qual o tipo de muni\u00e7\u00e3o for utilizada, se voc\u00ea for treinar com alvo fixo, n\u00e3o esquecer&hellip; Leia mais\" \/>\n<meta property=\"og:url\" content=\"https:\/\/estilingueprofissional.com.br\/web\/municao-para-estilingue\/\" \/>\n<meta property=\"og:site_name\" content=\"Estilingue Profissional\" \/>\n<meta property=\"article:publisher\" content=\"https:\/\/www.facebook.com\/estilingueprofissional\" \/>\n<meta property=\"article:modified_time\" content=\"2024-06-02T18:40:05+00:00\" \/>\n<meta property=\"og:image\" content=\"https:\/\/estilingueprofissional.com.br\/web\/wp-content\/uploads\/040.jpg\" \/>\n<meta name=\"twitter:card\" content=\"summary_large_image\" \/>\n<meta name=\"twitter:label1\" content=\"Est. tempo de leitura\" \/>\n\t<meta name=\"twitter:data1\" content=\"2 minutos\" \/>\n<script type=\"application\/ld+json\" class=\"yoast-schema-graph\">{\"@context\":\"https:\/\/schema.org\",\"@graph\":[{\"@type\":\"WebPage\",\"@id\":\"https:\/\/estilingueprofissional.com.br\/web\/municao-para-estilingue\/\",\"url\":\"https:\/\/estilingueprofissional.com.br\/web\/municao-para-estilingue\/\",\"name\":\"Muni\u00e7\u00e3o para estilingue - Estilingue Profissional\",\"isPartOf\":{\"@id\":\"https:\/\/estilingueprofissional.com.br\/web\/#website\"},\"primaryImageOfPage\":{\"@id\":\"https:\/\/estilingueprofissional.com.br\/web\/municao-para-estilingue\/#primaryimage\"},\"image\":{\"@id\":\"https:\/\/estilingueprofissional.com.br\/web\/municao-para-estilingue\/#primaryimage\"},\"thumbnailUrl\":\"https:\/\/estilingueprofissional.com.br\/web\/wp-content\/uploads\/040.jpg\",\"datePublished\":\"2024-05-31T18:02:48+00:00\",\"dateModified\":\"2024-06-02T18:40:05+00:00\",\"breadcrumb\":{\"@id\":\"https:\/\/estilingueprofissional.com.br\/web\/municao-para-estilingue\/#breadcrumb\"},\"inLanguage\":\"pt-BR\",\"potentialAction\":[{\"@type\":\"ReadAction\",\"target\":[\"https:\/\/estilingueprofissional.com.br\/web\/municao-para-estilingue\/\"]}]},{\"@type\":\"ImageObject\",\"inLanguage\":\"pt-BR\",\"@id\":\"https:\/\/estilingueprofissional.com.br\/web\/municao-para-estilingue\/#primaryimage\",\"url\":\"https:\/\/estilingueprofissional.com.br\/web\/wp-content\/uploads\/040.jpg\",\"contentUrl\":\"https:\/\/estilingueprofissional.com.br\/web\/wp-content\/uploads\/040.jpg\",\"width\":1024,\"height\":1024},{\"@type\":\"BreadcrumbList\",\"@id\":\"https:\/\/estilingueprofissional.com.br\/web\/municao-para-estilingue\/#breadcrumb\",\"itemListElement\":[{\"@type\":\"ListItem\",\"position\":1,\"name\":\"In\u00edcio\",\"item\":\"https:\/\/estilingueprofissional.com.br\/web\/\"},{\"@type\":\"ListItem\",\"position\":2,\"name\":\"Muni\u00e7\u00e3o para estilingue\"}]},{\"@type\":\"WebSite\",\"@id\":\"https:\/\/estilingueprofissional.com.br\/web\/#website\",\"url\":\"https:\/\/estilingueprofissional.com.br\/web\/\",\"name\":\"Estilingue Profissional\",\"description\":\"\",\"potentialAction\":[{\"@type\":\"SearchAction\",\"target\":{\"@type\":\"EntryPoint\",\"urlTemplate\":\"https:\/\/estilingueprofissional.com.br\/web\/?s={search_term_string}\"},\"query-input\":{\"@type\":\"PropertyValueSpecification\",\"valueRequired\":true,\"valueName\":\"search_term_string\"}}],\"inLanguage\":\"pt-BR\"}]}<\/script>\n<!-- \/ Yoast SEO plugin. -->","yoast_head_json":{"title":"Muni\u00e7\u00e3o para estilingue - Estilingue Profissional","robots":{"index":"index","follow":"follow","max-snippet":"max-snippet:-1","max-image-preview":"max-image-preview:large","max-video-preview":"max-video-preview:-1"},"canonical":"https:\/\/estilingueprofissional.com.br\/web\/municao-para-estilingue\/","og_locale":"pt_BR","og_type":"article","og_title":"Muni\u00e7\u00e3o para estilingue - Estilingue Profissional","og_description":"Ofertas especiais !! Podemos utilizar v\u00e1rios tipos de muni\u00e7\u00e3o no estilingue: pedras, esteras de a\u00e7o ou chumbo, bolinhas de gude, bolas de barro, etc&#8230; Estes proj\u00e9teis tamb\u00e9m podem ter pesos e formatos diferentes. \u00c9 preciso lembrar que independente de qual o tipo de muni\u00e7\u00e3o for utilizada, se voc\u00ea for treinar com alvo fixo, n\u00e3o esquecer&hellip; Leia mais","og_url":"https:\/\/estilingueprofissional.com.br\/web\/municao-para-estilingue\/","og_site_name":"Estilingue Profissional","article_publisher":"https:\/\/www.facebook.com\/estilingueprofissional","article_modified_time":"2024-06-02T18:40:05+00:00","og_image":[{"url":"https:\/\/estilingueprofissional.com.br\/web\/wp-content\/uploads\/040.jpg","type":"","width":"","height":""}],"twitter_card":"summary_large_image","twitter_misc":{"Est. tempo de leitura":"2 minutos"},"schema":{"@context":"https:\/\/schema.org","@graph":[{"@type":"WebPage","@id":"https:\/\/estilingueprofissional.com.br\/web\/municao-para-estilingue\/","url":"https:\/\/estilingueprofissional.com.br\/web\/municao-para-estilingue\/","name":"Muni\u00e7\u00e3o para estilingue - Estilingue Profissional","isPartOf":{"@id":"https:\/\/estilingueprofissional.com.br\/web\/#website"},"primaryImageOfPage":{"@id":"https:\/\/estilingueprofissional.com.br\/web\/municao-para-estilingue\/#primaryimage"},"image":{"@id":"https:\/\/estilingueprofissional.com.br\/web\/municao-para-estilingue\/#primaryimage"},"thumbnailUrl":"https:\/\/estilingueprofissional.com.br\/web\/wp-content\/uploads\/040.jpg","datePublished":"2024-05-31T18:02:48+00:00","dateModified":"2024-06-02T18:40:05+00:00","breadcrumb":{"@id":"https:\/\/estilingueprofissional.com.br\/web\/municao-para-estilingue\/#breadcrumb"},"inLanguage":"pt-BR","potentialAction":[{"@type":"ReadAction","target":["https:\/\/estilingueprofissional.com.br\/web\/municao-para-estilingue\/"]}]},{"@type":"ImageObject","inLanguage":"pt-BR","@id":"https:\/\/estilingueprofissional.com.br\/web\/municao-para-estilingue\/#primaryimage","url":"https:\/\/estilingueprofissional.com.br\/web\/wp-content\/uploads\/040.jpg","contentUrl":"https:\/\/estilingueprofissional.com.br\/web\/wp-content\/uploads\/040.jpg","width":1024,"height":1024},{"@type":"BreadcrumbList","@id":"https:\/\/estilingueprofissional.com.br\/web\/municao-para-estilingue\/#breadcrumb","itemListElement":[{"@type":"ListItem","position":1,"name":"In\u00edcio","item":"https:\/\/estilingueprofissional.com.br\/web\/"},{"@type":"ListItem","position":2,"name":"Muni\u00e7\u00e3o para estilingue"}]},{"@type":"WebSite","@id":"https:\/\/estilingueprofissional.com.br\/web\/#website","url":"https:\/\/estilingueprofissional.com.br\/web\/","name":"Estilingue Profissional","description":"","potentialAction":[{"@type":"SearchAction","target":{"@type":"EntryPoint","urlTemplate":"https:\/\/estilingueprofissional.com.br\/web\/?s={search_term_string}"},"query-input":{"@type":"PropertyValueSpecification","valueRequired":true,"valueName":"search_term_string"}}],"inLanguage":"pt-BR"}]}},"_links":{"self":[{"href":"https:\/\/estilingueprofissional.com.br\/web\/wp-json\/wp\/v2\/pages\/349","targetHints":{"allow":["GET"]}}],"collection":[{"href":"https:\/\/estilingueprofissional.com.br\/web\/wp-json\/wp\/v2\/pages"}],"about":[{"href":"https:\/\/estilingueprofissional.com.br\/web\/wp-json\/wp\/v2\/types\/page"}],"author":[{"embeddable":true,"href":"https:\/\/estilingueprofissional.com.br\/web\/wp-json\/wp\/v2\/users\/1"}],"replies":[{"embeddable":true,"href":"https:\/\/estilingueprofissional.com.br\/web\/wp-json\/wp\/v2\/comments?post=349"}],"version-history":[{"count":3,"href":"https:\/\/estilingueprofissional.com.br\/web\/wp-json\/wp\/v2\/pages\/349\/revisions"}],"predecessor-version":[{"id":439,"href":"https:\/\/estilingueprofissional.com.br\/web\/wp-json\/wp\/v2\/pages\/349\/revisions\/439"}],"wp:attachment":[{"href":"https:\/\/estilingueprofissional.com.br\/web\/wp-json\/wp\/v2\/media?parent=349"}],"curies":[{"name":"wp","href":"https:\/\/api.w.org\/{rel}","templated":true}]}}