{"id":355,"date":"2024-05-31T17:26:06","date_gmt":"2024-05-31T20:26:06","guid":{"rendered":"https:\/\/estilingueprofissional.com.br\/web\/?page_id=355"},"modified":"2024-08-05T16:45:01","modified_gmt":"2024-08-05T19:45:01","slug":"como-fazer-um-estilingue-potente","status":"publish","type":"page","link":"https:\/\/estilingueprofissional.com.br\/web\/como-fazer-um-estilingue-potente\/","title":{"rendered":"Como fazer um estilingue potente"},"content":{"rendered":"\n<h2 class=\"wp-block-heading\">Veja nossas promo\u00e7\u00f5es!<\/h2>\n\n\n\n<div class=\"wp-block-columns is-layout-flex wp-container-core-columns-is-layout-9d6595d7 wp-block-columns-is-layout-flex\">\n<div class=\"wp-block-column is-layout-flow wp-block-column-is-layout-flow\">\n<figure class=\"wp-block-image size-full\"><a href=\"https:\/\/shope.ee\/30DlHykaOm\" target=\"_blank\" rel=\"noreferrer noopener\"><img loading=\"lazy\" decoding=\"async\" width=\"699\" height=\"699\" src=\"https:\/\/estilingueprofissional.com.br\/web\/wp-content\/uploads\/052.jpeg\" alt=\"\" class=\"wp-image-413\" srcset=\"https:\/\/estilingueprofissional.com.br\/web\/wp-content\/uploads\/052.jpeg 699w, https:\/\/estilingueprofissional.com.br\/web\/wp-content\/uploads\/052-300x300.jpeg 300w, https:\/\/estilingueprofissional.com.br\/web\/wp-content\/uploads\/052-150x150.jpeg 150w\" sizes=\"auto, (max-width: 699px) 100vw, 699px\" \/><\/a><figcaption class=\"wp-element-caption\"><a href=\"https:\/\/shope.ee\/30DlHykaOm\" target=\"_blank\" rel=\"noreferrer noopener\">Clique para ver oferta<\/a><\/figcaption><\/figure>\n<\/div>\n\n\n\n<div class=\"wp-block-column is-layout-flow wp-block-column-is-layout-flow\">\n<figure class=\"wp-block-image size-full\"><a href=\"https:\/\/shope.ee\/8es83B5dHU\" target=\"_blank\" rel=\"noreferrer noopener\"><img loading=\"lazy\" decoding=\"async\" width=\"769\" height=\"769\" src=\"https:\/\/estilingueprofissional.com.br\/web\/wp-content\/uploads\/053.jpeg\" alt=\"\" class=\"wp-image-414\" srcset=\"https:\/\/estilingueprofissional.com.br\/web\/wp-content\/uploads\/053.jpeg 769w, https:\/\/estilingueprofissional.com.br\/web\/wp-content\/uploads\/053-300x300.jpeg 300w, https:\/\/estilingueprofissional.com.br\/web\/wp-content\/uploads\/053-150x150.jpeg 150w\" sizes=\"auto, (max-width: 769px) 100vw, 769px\" \/><\/a><figcaption class=\"wp-element-caption\"><a href=\"https:\/\/shope.ee\/8es83B5dHU\" target=\"_blank\" rel=\"noreferrer noopener\">Clique para ver oferta<\/a><\/figcaption><\/figure>\n<\/div>\n\n\n\n<div class=\"wp-block-column is-layout-flow wp-block-column-is-layout-flow\">\n<figure class=\"wp-block-image size-full\"><a href=\"https:\/\/shope.ee\/20LE7xV94C\" target=\"_blank\" rel=\"noreferrer noopener\"><img loading=\"lazy\" decoding=\"async\" width=\"600\" height=\"600\" src=\"https:\/\/estilingueprofissional.com.br\/web\/wp-content\/uploads\/054.jpeg\" alt=\"\" class=\"wp-image-415\" srcset=\"https:\/\/estilingueprofissional.com.br\/web\/wp-content\/uploads\/054.jpeg 600w, https:\/\/estilingueprofissional.com.br\/web\/wp-content\/uploads\/054-300x300.jpeg 300w, https:\/\/estilingueprofissional.com.br\/web\/wp-content\/uploads\/054-150x150.jpeg 150w\" sizes=\"auto, (max-width: 600px) 100vw, 600px\" \/><\/a><figcaption class=\"wp-element-caption\"><a href=\"https:\/\/shope.ee\/20LE7xV94C\" target=\"_blank\" rel=\"noreferrer noopener\">Clique para ver oferta<\/a><\/figcaption><\/figure>\n<\/div>\n\n\n\n<div class=\"wp-block-column is-layout-flow wp-block-column-is-layout-flow\">\n<figure class=\"wp-block-image size-full\"><a href=\"https:\/\/shope.ee\/6KUDOxJ7dR\" target=\"_blank\" rel=\"noreferrer noopener\"><img loading=\"lazy\" decoding=\"async\" width=\"769\" height=\"769\" src=\"https:\/\/estilingueprofissional.com.br\/web\/wp-content\/uploads\/055.jpeg\" alt=\"\" class=\"wp-image-416\" srcset=\"https:\/\/estilingueprofissional.com.br\/web\/wp-content\/uploads\/055.jpeg 769w, https:\/\/estilingueprofissional.com.br\/web\/wp-content\/uploads\/055-300x300.jpeg 300w, https:\/\/estilingueprofissional.com.br\/web\/wp-content\/uploads\/055-150x150.jpeg 150w\" sizes=\"auto, (max-width: 769px) 100vw, 769px\" \/><\/a><figcaption class=\"wp-element-caption\"><a href=\"https:\/\/shope.ee\/6KUDOxJ7dR\" target=\"_blank\" rel=\"noreferrer noopener\">Clique para ver oferta<\/a><\/figcaption><\/figure>\n<\/div>\n<\/div>\n\n\n\n<p>Neste tutorial vou mostrar como fazer um estilingue potente sem perder a precis\u00e3o. \u00c9 evidente que a sua parte \u00e9 utilizar recursos e t\u00e9cnicas para obter um tiro limpo e preciso, por\u00e9m, se voc\u00ea \u00e9 um iniciante, acredito que neste momento voc\u00ea deve se preocupar em melhorar a sua performance para depois se preocupar com pot\u00eancia.&nbsp;<\/p>\n\n\n\n<p>Como sempre recomendo que se utilize uma forquilha artesanal e j\u00e1 que vamos querer um conjunto que possa proporcionar bons resultados, confira todos os detalhes para que esta forquilha tenha boa ergonomia al\u00e9m de ser feita com madeira resistente.<\/p>\n\n\n\n<p>Resolvida esta primeira parte, vamos falar um pouco sobre que fita el\u00e1stica ou tubo el\u00e1stico que iremos usar.<\/p>\n\n\n\n<p>Esta quest\u00e3o deve ser resolvida com calma, pois voc\u00ea ter\u00e1 que conciliar o seu estilo de arremesso com os el\u00e1sticos utilizados.<\/p>\n\n\n\n<p>Segundo o pessoal mais experiente neste esporte, o ideal para se conseguir mais pot\u00eancia \u00e9 utilizar faixas el\u00e1sticas ao inv\u00e9s de tubos el\u00e1sticos. As faixas s\u00e3o mais flex\u00edveis e suportam uma expans\u00e3o maior, al\u00e9m de podermos dosar o resultado final definindo as medidas de corte das extremidades combinando com o comprimento. Em alguns casos s\u00e3o utilizadas faixas duplas ou triplas para aumentar a pot\u00eancia do estilingue.<\/p>\n\n\n\n<p>Existem v\u00e1rias marcas de faixas el\u00e1sticas, no entanto as mais recomendadas s\u00e3o as da marca Thera Band, sendo a Thera Band Gold a preferida, quando o assunto \u00e9 pot\u00eancia.<\/p>\n\n\n\n<div class=\"wp-block-columns is-layout-flex wp-container-core-columns-is-layout-9d6595d7 wp-block-columns-is-layout-flex\">\n<div class=\"wp-block-column is-layout-flow wp-block-column-is-layout-flow\">\n<figure class=\"wp-block-image size-full\"><img loading=\"lazy\" decoding=\"async\" width=\"800\" height=\"533\" src=\"https:\/\/estilingueprofissional.com.br\/web\/wp-content\/uploads\/corte-de-faixa-1.jpg\" alt=\"\" class=\"wp-image-356\" srcset=\"https:\/\/estilingueprofissional.com.br\/web\/wp-content\/uploads\/corte-de-faixa-1.jpg 800w, https:\/\/estilingueprofissional.com.br\/web\/wp-content\/uploads\/corte-de-faixa-1-300x200.jpg 300w, https:\/\/estilingueprofissional.com.br\/web\/wp-content\/uploads\/corte-de-faixa-1-768x512.jpg 768w\" sizes=\"auto, (max-width: 800px) 100vw, 800px\" \/><\/figure>\n<\/div>\n\n\n\n<div class=\"wp-block-column is-layout-flow wp-block-column-is-layout-flow\">\n<figure class=\"wp-block-image size-full\"><img loading=\"lazy\" decoding=\"async\" width=\"800\" height=\"533\" src=\"https:\/\/estilingueprofissional.com.br\/web\/wp-content\/uploads\/corte-de-faixa-2.jpg\" alt=\"\" class=\"wp-image-357\" srcset=\"https:\/\/estilingueprofissional.com.br\/web\/wp-content\/uploads\/corte-de-faixa-2.jpg 800w, https:\/\/estilingueprofissional.com.br\/web\/wp-content\/uploads\/corte-de-faixa-2-300x200.jpg 300w, https:\/\/estilingueprofissional.com.br\/web\/wp-content\/uploads\/corte-de-faixa-2-768x512.jpg 768w\" sizes=\"auto, (max-width: 800px) 100vw, 800px\" \/><\/figure>\n<\/div>\n\n\n\n<div class=\"wp-block-column is-layout-flow wp-block-column-is-layout-flow\">\n<figure class=\"wp-block-image size-full\"><img loading=\"lazy\" decoding=\"async\" width=\"800\" height=\"533\" src=\"https:\/\/estilingueprofissional.com.br\/web\/wp-content\/uploads\/corte-de-faixa-3.jpg\" alt=\"\" class=\"wp-image-358\" srcset=\"https:\/\/estilingueprofissional.com.br\/web\/wp-content\/uploads\/corte-de-faixa-3.jpg 800w, https:\/\/estilingueprofissional.com.br\/web\/wp-content\/uploads\/corte-de-faixa-3-300x200.jpg 300w, https:\/\/estilingueprofissional.com.br\/web\/wp-content\/uploads\/corte-de-faixa-3-768x512.jpg 768w\" sizes=\"auto, (max-width: 800px) 100vw, 800px\" \/><\/figure>\n<\/div>\n\n\n\n<div class=\"wp-block-column is-layout-flow wp-block-column-is-layout-flow\">\n<figure class=\"wp-block-image size-full\"><img loading=\"lazy\" decoding=\"async\" width=\"800\" height=\"533\" src=\"https:\/\/estilingueprofissional.com.br\/web\/wp-content\/uploads\/corte-de-faixa-4.jpg\" alt=\"\" class=\"wp-image-359\" srcset=\"https:\/\/estilingueprofissional.com.br\/web\/wp-content\/uploads\/corte-de-faixa-4.jpg 800w, https:\/\/estilingueprofissional.com.br\/web\/wp-content\/uploads\/corte-de-faixa-4-300x200.jpg 300w, https:\/\/estilingueprofissional.com.br\/web\/wp-content\/uploads\/corte-de-faixa-4-768x512.jpg 768w\" sizes=\"auto, (max-width: 800px) 100vw, 800px\" \/><\/figure>\n<\/div>\n<\/div>\n\n\n\n<p>Para fazer um corte correto voc\u00ea dever\u00e1 ter em m\u00e3os os seguintes acess\u00f3rios:<\/p>\n\n\n\n<ul class=\"wp-block-list\">\n<li>base de corte ou vidro do tipo tampa de fog\u00e3o;<\/li>\n\n\n\n<li>l\u00e2mina de corte circular<\/li>\n\n\n\n<li>r\u00e9gua de metal ou com canto vivo &#8211; para n\u00e3o se cortar com a l\u00e2mina circular.<\/li>\n\n\n\n<li>faixa Thera Band Gold.<\/li>\n<\/ul>\n\n\n\n<p><strong>OBS.:<\/strong>&nbsp;n\u00e3o utilize estilete convencional para o corte de faixa el\u00e1stica, pois qualquer pequena falha \u00e9 o suficiente para estragar todo o trabalho.<\/p>\n\n\n\n<p>Al\u00e9m disto \u00e9 preciso ter um pouco de conhecimento para saber qual o comprimento e as larguras ideais para fazer o corte das faixas, de forma que voc\u00ea consiga ter o melhor aproveitamento poss\u00edvel quando for fazer o arremesso das muni\u00e7\u00f5es.<br>E por falar em muni\u00e7\u00f5es, elas tamb\u00e9m fazem parte do contexto quando falamos nas faixas el\u00e1sticas de estilingues, potentes ou n\u00e3o.<\/p>\n\n\n\n<p>Tamb\u00e9m tem que se levar em conta o seu estilo de atirador. Voc\u00ea faz a postura convencional utilizando o ponto de ancoragem no maxilar? Ou para dar maior pot\u00eancia voc\u00ea prefere lan\u00e7ar atirando em butterfly?<\/p>\n\n\n\n<p>Se voc\u00ea n\u00e3o tem uma no\u00e7\u00e3o exata de como preparar o corte de suas faixas el\u00e1sticas, por favor d\u00ea uma olhada no link abaixo para obter ajuda no c\u00e1lculo do corte:<\/p>\n\n\n\n<p><a href=\"http:\/\/www.slingshotchannel.com\/band_calc.html\" target=\"_blank\" rel=\"noreferrer noopener\">http:\/\/www.slingshotchannel.com\/band_calc.html<\/a><\/p>\n\n\n\n<h2 class=\"wp-block-heading\">Ofertas de sobreviv\u00eancia e buchcraft<\/h2>\n\n\n\n<div class=\"wp-block-columns is-layout-flex wp-container-core-columns-is-layout-9d6595d7 wp-block-columns-is-layout-flex\">\n<div class=\"wp-block-column is-layout-flow wp-block-column-is-layout-flow\"><div class=\"wp-block-image\">\n<figure class=\"aligncenter size-full\"><a href=\"https:\/\/s.shopee.com.br\/7zsrQFybDw\" target=\"_blank\" rel=\"noreferrer noopener\"><img loading=\"lazy\" decoding=\"async\" width=\"1024\" height=\"1024\" src=\"https:\/\/estilingueprofissional.com.br\/web\/wp-content\/uploads\/parafusadeira.jpg\" alt=\"Parafusadeira Snel sem fio\" class=\"wp-image-475\" srcset=\"https:\/\/estilingueprofissional.com.br\/web\/wp-content\/uploads\/parafusadeira.jpg 1024w, https:\/\/estilingueprofissional.com.br\/web\/wp-content\/uploads\/parafusadeira-300x300.jpg 300w, https:\/\/estilingueprofissional.com.br\/web\/wp-content\/uploads\/parafusadeira-150x150.jpg 150w, https:\/\/estilingueprofissional.com.br\/web\/wp-content\/uploads\/parafusadeira-768x768.jpg 768w\" sizes=\"auto, (max-width: 1024px) 100vw, 1024px\" \/><\/a><figcaption class=\"wp-element-caption\"><a href=\"https:\/\/s.shopee.com.br\/7zsrQFybDw\" target=\"_blank\" rel=\"noreferrer noopener\">Clique para ver oferta<\/a><\/figcaption><\/figure>\n<\/div><\/div>\n\n\n\n<div class=\"wp-block-column is-layout-flow wp-block-column-is-layout-flow\"><div class=\"wp-block-image\">\n<figure class=\"aligncenter size-full\"><a href=\"https:\/\/s.shopee.com.br\/qZuFp0XC\" target=\"_blank\" rel=\"noreferrer noopener\"><img loading=\"lazy\" decoding=\"async\" width=\"800\" height=\"800\" src=\"https:\/\/estilingueprofissional.com.br\/web\/wp-content\/uploads\/barbeador.jpg\" alt=\"Barbeador El\u00e9trico \/ M\u00e1quina De Barba El\u00e9trica Recarreg\u00e1vel Para Barba Masculina\" class=\"wp-image-483\" srcset=\"https:\/\/estilingueprofissional.com.br\/web\/wp-content\/uploads\/barbeador.jpg 800w, https:\/\/estilingueprofissional.com.br\/web\/wp-content\/uploads\/barbeador-300x300.jpg 300w, https:\/\/estilingueprofissional.com.br\/web\/wp-content\/uploads\/barbeador-150x150.jpg 150w, https:\/\/estilingueprofissional.com.br\/web\/wp-content\/uploads\/barbeador-768x768.jpg 768w\" sizes=\"auto, (max-width: 800px) 100vw, 800px\" \/><\/a><figcaption class=\"wp-element-caption\"><a href=\"https:\/\/s.shopee.com.br\/qZuFp0XC\">Clique para ver oferta<\/a><\/figcaption><\/figure>\n<\/div><\/div>\n\n\n\n<div class=\"wp-block-column is-layout-flow wp-block-column-is-layout-flow\"><div class=\"wp-block-image\">\n<figure class=\"aligncenter size-full\"><a href=\"https:\/\/shope.ee\/5peq9RBY9g\" target=\"_blank\" rel=\"noreferrer noopener\"><img loading=\"lazy\" decoding=\"async\" width=\"610\" height=\"610\" src=\"https:\/\/estilingueprofissional.com.br\/web\/wp-content\/uploads\/058.jpg\" alt=\"\" class=\"wp-image-295\" srcset=\"https:\/\/estilingueprofissional.com.br\/web\/wp-content\/uploads\/058.jpg 610w, https:\/\/estilingueprofissional.com.br\/web\/wp-content\/uploads\/058-300x300.jpg 300w, https:\/\/estilingueprofissional.com.br\/web\/wp-content\/uploads\/058-150x150.jpg 150w\" sizes=\"auto, (max-width: 610px) 100vw, 610px\" \/><\/a><figcaption class=\"wp-element-caption\"><a href=\"https:\/\/shope.ee\/5peq9RBY9g\" target=\"_blank\" rel=\"noreferrer noopener\">Clique para ver oferta<\/a><\/figcaption><\/figure>\n<\/div><\/div>\n\n\n\n<div class=\"wp-block-column is-layout-flow wp-block-column-is-layout-flow\"><div class=\"wp-block-image\">\n<figure class=\"aligncenter size-full\"><a href=\"https:\/\/s.shopee.com.br\/2LEUekYRPs\" target=\"_blank\" rel=\"noreferrer noopener\"><img loading=\"lazy\" decoding=\"async\" width=\"558\" height=\"558\" src=\"https:\/\/estilingueprofissional.com.br\/web\/wp-content\/uploads\/celular-readmi-13c.jpg\" alt=\"celular Xiaomi Redmi 13C\" class=\"wp-image-470\" srcset=\"https:\/\/estilingueprofissional.com.br\/web\/wp-content\/uploads\/celular-readmi-13c.jpg 558w, https:\/\/estilingueprofissional.com.br\/web\/wp-content\/uploads\/celular-readmi-13c-300x300.jpg 300w, https:\/\/estilingueprofissional.com.br\/web\/wp-content\/uploads\/celular-readmi-13c-150x150.jpg 150w\" sizes=\"auto, (max-width: 558px) 100vw, 558px\" \/><\/a><figcaption class=\"wp-element-caption\"><a href=\"https:\/\/s.shopee.com.br\/2LEUekYRPs\" target=\"_blank\" rel=\"noreferrer noopener\">Clique para ver oferta<\/a><\/figcaption><\/figure>\n<\/div><\/div>\n<\/div>\n","protected":false},"excerpt":{"rendered":"<p>Veja nossas promo\u00e7\u00f5es! Neste tutorial vou mostrar como fazer um estilingue potente sem perder a precis\u00e3o. \u00c9 evidente que a sua parte \u00e9 utilizar recursos e t\u00e9cnicas para obter um tiro limpo e preciso, por\u00e9m, se voc\u00ea \u00e9 um iniciante, acredito que neste momento voc\u00ea deve se preocupar em melhorar a sua performance para depois&hellip; <br \/> <a class=\"read-more\" href=\"https:\/\/estilingueprofissional.com.br\/web\/como-fazer-um-estilingue-potente\/\">Leia mais<\/a><\/p>\n","protected":false},"author":1,"featured_media":0,"parent":0,"menu_order":0,"comment_status":"closed","ping_status":"closed","template":"","meta":{"footnotes":""},"class_list":["post-355","page","type-page","status-publish","hentry"],"yoast_head":"<!-- This site is optimized with the Yoast SEO plugin v27.2 - https:\/\/yoast.com\/product\/yoast-seo-wordpress\/ -->\n<title>Como fazer um estilingue potente - Estilingue Profissional<\/title>\n<meta name=\"robots\" content=\"index, follow, max-snippet:-1, max-image-preview:large, max-video-preview:-1\" \/>\n<link rel=\"canonical\" href=\"https:\/\/estilingueprofissional.com.br\/web\/como-fazer-um-estilingue-potente\/\" \/>\n<meta property=\"og:locale\" content=\"pt_BR\" \/>\n<meta property=\"og:type\" content=\"article\" \/>\n<meta property=\"og:title\" content=\"Como fazer um estilingue potente - Estilingue Profissional\" \/>\n<meta property=\"og:description\" content=\"Veja nossas promo\u00e7\u00f5es! Neste tutorial vou mostrar como fazer um estilingue potente sem perder a precis\u00e3o. \u00c9 evidente que a sua parte \u00e9 utilizar recursos e t\u00e9cnicas para obter um tiro limpo e preciso, por\u00e9m, se voc\u00ea \u00e9 um iniciante, acredito que neste momento voc\u00ea deve se preocupar em melhorar a sua performance para depois&hellip; Leia mais\" \/>\n<meta property=\"og:url\" content=\"https:\/\/estilingueprofissional.com.br\/web\/como-fazer-um-estilingue-potente\/\" \/>\n<meta property=\"og:site_name\" content=\"Estilingue Profissional\" \/>\n<meta property=\"article:publisher\" content=\"https:\/\/www.facebook.com\/estilingueprofissional\" \/>\n<meta property=\"article:modified_time\" content=\"2024-08-05T19:45:01+00:00\" \/>\n<meta property=\"og:image\" content=\"https:\/\/estilingueprofissional.com.br\/web\/wp-content\/uploads\/052.jpeg\" \/>\n<meta name=\"twitter:card\" content=\"summary_large_image\" \/>\n<meta name=\"twitter:label1\" content=\"Est. tempo de leitura\" \/>\n\t<meta name=\"twitter:data1\" content=\"5 minutos\" \/>\n<script type=\"application\/ld+json\" class=\"yoast-schema-graph\">{\"@context\":\"https:\/\/schema.org\",\"@graph\":[{\"@type\":\"WebPage\",\"@id\":\"https:\/\/estilingueprofissional.com.br\/web\/como-fazer-um-estilingue-potente\/\",\"url\":\"https:\/\/estilingueprofissional.com.br\/web\/como-fazer-um-estilingue-potente\/\",\"name\":\"Como fazer um estilingue potente - Estilingue Profissional\",\"isPartOf\":{\"@id\":\"https:\/\/estilingueprofissional.com.br\/web\/#website\"},\"primaryImageOfPage\":{\"@id\":\"https:\/\/estilingueprofissional.com.br\/web\/como-fazer-um-estilingue-potente\/#primaryimage\"},\"image\":{\"@id\":\"https:\/\/estilingueprofissional.com.br\/web\/como-fazer-um-estilingue-potente\/#primaryimage\"},\"thumbnailUrl\":\"https:\/\/estilingueprofissional.com.br\/web\/wp-content\/uploads\/052.jpeg\",\"datePublished\":\"2024-05-31T20:26:06+00:00\",\"dateModified\":\"2024-08-05T19:45:01+00:00\",\"breadcrumb\":{\"@id\":\"https:\/\/estilingueprofissional.com.br\/web\/como-fazer-um-estilingue-potente\/#breadcrumb\"},\"inLanguage\":\"pt-BR\",\"potentialAction\":[{\"@type\":\"ReadAction\",\"target\":[\"https:\/\/estilingueprofissional.com.br\/web\/como-fazer-um-estilingue-potente\/\"]}]},{\"@type\":\"ImageObject\",\"inLanguage\":\"pt-BR\",\"@id\":\"https:\/\/estilingueprofissional.com.br\/web\/como-fazer-um-estilingue-potente\/#primaryimage\",\"url\":\"https:\/\/estilingueprofissional.com.br\/web\/wp-content\/uploads\/052.jpeg\",\"contentUrl\":\"https:\/\/estilingueprofissional.com.br\/web\/wp-content\/uploads\/052.jpeg\",\"width\":699,\"height\":699},{\"@type\":\"BreadcrumbList\",\"@id\":\"https:\/\/estilingueprofissional.com.br\/web\/como-fazer-um-estilingue-potente\/#breadcrumb\",\"itemListElement\":[{\"@type\":\"ListItem\",\"position\":1,\"name\":\"In\u00edcio\",\"item\":\"https:\/\/estilingueprofissional.com.br\/web\/\"},{\"@type\":\"ListItem\",\"position\":2,\"name\":\"Como fazer um estilingue potente\"}]},{\"@type\":\"WebSite\",\"@id\":\"https:\/\/estilingueprofissional.com.br\/web\/#website\",\"url\":\"https:\/\/estilingueprofissional.com.br\/web\/\",\"name\":\"Estilingue Profissional\",\"description\":\"\",\"potentialAction\":[{\"@type\":\"SearchAction\",\"target\":{\"@type\":\"EntryPoint\",\"urlTemplate\":\"https:\/\/estilingueprofissional.com.br\/web\/?s={search_term_string}\"},\"query-input\":{\"@type\":\"PropertyValueSpecification\",\"valueRequired\":true,\"valueName\":\"search_term_string\"}}],\"inLanguage\":\"pt-BR\"}]}<\/script>\n<!-- \/ Yoast SEO plugin. -->","yoast_head_json":{"title":"Como fazer um estilingue potente - Estilingue Profissional","robots":{"index":"index","follow":"follow","max-snippet":"max-snippet:-1","max-image-preview":"max-image-preview:large","max-video-preview":"max-video-preview:-1"},"canonical":"https:\/\/estilingueprofissional.com.br\/web\/como-fazer-um-estilingue-potente\/","og_locale":"pt_BR","og_type":"article","og_title":"Como fazer um estilingue potente - Estilingue Profissional","og_description":"Veja nossas promo\u00e7\u00f5es! Neste tutorial vou mostrar como fazer um estilingue potente sem perder a precis\u00e3o. \u00c9 evidente que a sua parte \u00e9 utilizar recursos e t\u00e9cnicas para obter um tiro limpo e preciso, por\u00e9m, se voc\u00ea \u00e9 um iniciante, acredito que neste momento voc\u00ea deve se preocupar em melhorar a sua performance para depois&hellip; Leia mais","og_url":"https:\/\/estilingueprofissional.com.br\/web\/como-fazer-um-estilingue-potente\/","og_site_name":"Estilingue Profissional","article_publisher":"https:\/\/www.facebook.com\/estilingueprofissional","article_modified_time":"2024-08-05T19:45:01+00:00","og_image":[{"url":"https:\/\/estilingueprofissional.com.br\/web\/wp-content\/uploads\/052.jpeg","type":"","width":"","height":""}],"twitter_card":"summary_large_image","twitter_misc":{"Est. tempo de leitura":"5 minutos"},"schema":{"@context":"https:\/\/schema.org","@graph":[{"@type":"WebPage","@id":"https:\/\/estilingueprofissional.com.br\/web\/como-fazer-um-estilingue-potente\/","url":"https:\/\/estilingueprofissional.com.br\/web\/como-fazer-um-estilingue-potente\/","name":"Como fazer um estilingue potente - Estilingue Profissional","isPartOf":{"@id":"https:\/\/estilingueprofissional.com.br\/web\/#website"},"primaryImageOfPage":{"@id":"https:\/\/estilingueprofissional.com.br\/web\/como-fazer-um-estilingue-potente\/#primaryimage"},"image":{"@id":"https:\/\/estilingueprofissional.com.br\/web\/como-fazer-um-estilingue-potente\/#primaryimage"},"thumbnailUrl":"https:\/\/estilingueprofissional.com.br\/web\/wp-content\/uploads\/052.jpeg","datePublished":"2024-05-31T20:26:06+00:00","dateModified":"2024-08-05T19:45:01+00:00","breadcrumb":{"@id":"https:\/\/estilingueprofissional.com.br\/web\/como-fazer-um-estilingue-potente\/#breadcrumb"},"inLanguage":"pt-BR","potentialAction":[{"@type":"ReadAction","target":["https:\/\/estilingueprofissional.com.br\/web\/como-fazer-um-estilingue-potente\/"]}]},{"@type":"ImageObject","inLanguage":"pt-BR","@id":"https:\/\/estilingueprofissional.com.br\/web\/como-fazer-um-estilingue-potente\/#primaryimage","url":"https:\/\/estilingueprofissional.com.br\/web\/wp-content\/uploads\/052.jpeg","contentUrl":"https:\/\/estilingueprofissional.com.br\/web\/wp-content\/uploads\/052.jpeg","width":699,"height":699},{"@type":"BreadcrumbList","@id":"https:\/\/estilingueprofissional.com.br\/web\/como-fazer-um-estilingue-potente\/#breadcrumb","itemListElement":[{"@type":"ListItem","position":1,"name":"In\u00edcio","item":"https:\/\/estilingueprofissional.com.br\/web\/"},{"@type":"ListItem","position":2,"name":"Como fazer um estilingue potente"}]},{"@type":"WebSite","@id":"https:\/\/estilingueprofissional.com.br\/web\/#website","url":"https:\/\/estilingueprofissional.com.br\/web\/","name":"Estilingue Profissional","description":"","potentialAction":[{"@type":"SearchAction","target":{"@type":"EntryPoint","urlTemplate":"https:\/\/estilingueprofissional.com.br\/web\/?s={search_term_string}"},"query-input":{"@type":"PropertyValueSpecification","valueRequired":true,"valueName":"search_term_string"}}],"inLanguage":"pt-BR"}]}},"_links":{"self":[{"href":"https:\/\/estilingueprofissional.com.br\/web\/wp-json\/wp\/v2\/pages\/355","targetHints":{"allow":["GET"]}}],"collection":[{"href":"https:\/\/estilingueprofissional.com.br\/web\/wp-json\/wp\/v2\/pages"}],"about":[{"href":"https:\/\/estilingueprofissional.com.br\/web\/wp-json\/wp\/v2\/types\/page"}],"author":[{"embeddable":true,"href":"https:\/\/estilingueprofissional.com.br\/web\/wp-json\/wp\/v2\/users\/1"}],"replies":[{"embeddable":true,"href":"https:\/\/estilingueprofissional.com.br\/web\/wp-json\/wp\/v2\/comments?post=355"}],"version-history":[{"count":4,"href":"https:\/\/estilingueprofissional.com.br\/web\/wp-json\/wp\/v2\/pages\/355\/revisions"}],"predecessor-version":[{"id":489,"href":"https:\/\/estilingueprofissional.com.br\/web\/wp-json\/wp\/v2\/pages\/355\/revisions\/489"}],"wp:attachment":[{"href":"https:\/\/estilingueprofissional.com.br\/web\/wp-json\/wp\/v2\/media?parent=355"}],"curies":[{"name":"wp","href":"https:\/\/api.w.org\/{rel}","templated":true}]}}