{"id":361,"date":"2024-05-31T17:37:22","date_gmt":"2024-05-31T20:37:22","guid":{"rendered":"https:\/\/estilingueprofissional.com.br\/web\/?page_id=361"},"modified":"2024-06-02T11:17:15","modified_gmt":"2024-06-02T14:17:15","slug":"como-acertar-o-alvo-com-estilingue","status":"publish","type":"page","link":"https:\/\/estilingueprofissional.com.br\/web\/como-acertar-o-alvo-com-estilingue\/","title":{"rendered":"Como Acertar o Alvo com Estilingue"},"content":{"rendered":"\n<h2 class=\"wp-block-heading\">Faixas el\u00e1sticas em oferta!<\/h2>\n\n\n\n<div class=\"wp-block-columns is-layout-flex wp-container-core-columns-is-layout-9d6595d7 wp-block-columns-is-layout-flex\">\n<div class=\"wp-block-column is-layout-flow wp-block-column-is-layout-flow\">\n<figure class=\"wp-block-image size-large\"><a href=\"https:\/\/shope.ee\/89vpvBLcY4\" target=\"_blank\" rel=\"noreferrer noopener\"><img loading=\"lazy\" decoding=\"async\" width=\"1024\" height=\"1024\" src=\"https:\/\/estilingueprofissional.com.br\/web\/wp-content\/uploads\/048-1024x1024.jpg\" alt=\"\" class=\"wp-image-290\" srcset=\"https:\/\/estilingueprofissional.com.br\/web\/wp-content\/uploads\/048-1024x1024.jpg 1024w, https:\/\/estilingueprofissional.com.br\/web\/wp-content\/uploads\/048-300x300.jpg 300w, https:\/\/estilingueprofissional.com.br\/web\/wp-content\/uploads\/048-150x150.jpg 150w, https:\/\/estilingueprofissional.com.br\/web\/wp-content\/uploads\/048-768x768.jpg 768w, https:\/\/estilingueprofissional.com.br\/web\/wp-content\/uploads\/048.jpg 1080w\" sizes=\"auto, (max-width: 1024px) 100vw, 1024px\" \/><\/a><figcaption class=\"wp-element-caption\"><strong><a href=\"https:\/\/shope.ee\/89vpvBLcY4\" target=\"_blank\" rel=\"noreferrer noopener\">Clique para ver oferta<\/a><\/strong><\/figcaption><\/figure>\n<\/div>\n\n\n\n<div class=\"wp-block-column is-layout-flow wp-block-column-is-layout-flow\">\n<figure class=\"wp-block-image size-full\"><a href=\"https:\/\/shope.ee\/1At0bX3Crd\" target=\"_blank\" rel=\"noreferrer noopener\"><img loading=\"lazy\" decoding=\"async\" width=\"932\" height=\"932\" src=\"https:\/\/estilingueprofissional.com.br\/web\/wp-content\/uploads\/049.jpg\" alt=\"\" class=\"wp-image-291\" srcset=\"https:\/\/estilingueprofissional.com.br\/web\/wp-content\/uploads\/049.jpg 932w, https:\/\/estilingueprofissional.com.br\/web\/wp-content\/uploads\/049-300x300.jpg 300w, https:\/\/estilingueprofissional.com.br\/web\/wp-content\/uploads\/049-150x150.jpg 150w, https:\/\/estilingueprofissional.com.br\/web\/wp-content\/uploads\/049-768x768.jpg 768w\" sizes=\"auto, (max-width: 932px) 100vw, 932px\" \/><\/a><figcaption class=\"wp-element-caption\"><a href=\"https:\/\/shope.ee\/1At0bX3Crd\" target=\"_blank\" rel=\"noreferrer noopener\">Clique para ver oferta<\/a><\/figcaption><\/figure>\n<\/div>\n\n\n\n<div class=\"wp-block-column is-layout-flow wp-block-column-is-layout-flow\">\n<figure class=\"wp-block-image size-large\"><a href=\"https:\/\/shope.ee\/a8FO77Qn\" target=\"_blank\" rel=\"noreferrer noopener\"><img loading=\"lazy\" decoding=\"async\" width=\"1024\" height=\"1024\" src=\"https:\/\/estilingueprofissional.com.br\/web\/wp-content\/uploads\/050-1024x1024.jpg\" alt=\"\" class=\"wp-image-292\" srcset=\"https:\/\/estilingueprofissional.com.br\/web\/wp-content\/uploads\/050-1024x1024.jpg 1024w, https:\/\/estilingueprofissional.com.br\/web\/wp-content\/uploads\/050-300x300.jpg 300w, https:\/\/estilingueprofissional.com.br\/web\/wp-content\/uploads\/050-150x150.jpg 150w, https:\/\/estilingueprofissional.com.br\/web\/wp-content\/uploads\/050-768x768.jpg 768w, https:\/\/estilingueprofissional.com.br\/web\/wp-content\/uploads\/050.jpg 1080w\" sizes=\"auto, (max-width: 1024px) 100vw, 1024px\" \/><\/a><figcaption class=\"wp-element-caption\"><a href=\"https:\/\/shope.ee\/a8FO77Qn\" target=\"_blank\" rel=\"noreferrer noopener\">Clique para ver oferta<\/a><\/figcaption><\/figure>\n<\/div>\n\n\n\n<div class=\"wp-block-column is-layout-flow wp-block-column-is-layout-flow\">\n<figure class=\"wp-block-image size-large\"><a href=\"https:\/\/shope.ee\/9pGPQy3kqG\" target=\"_blank\" rel=\"noreferrer noopener\"><img loading=\"lazy\" decoding=\"async\" width=\"1024\" height=\"1024\" src=\"https:\/\/estilingueprofissional.com.br\/web\/wp-content\/uploads\/051-1024x1024.jpg\" alt=\"\" class=\"wp-image-293\" srcset=\"https:\/\/estilingueprofissional.com.br\/web\/wp-content\/uploads\/051-1024x1024.jpg 1024w, https:\/\/estilingueprofissional.com.br\/web\/wp-content\/uploads\/051-300x300.jpg 300w, https:\/\/estilingueprofissional.com.br\/web\/wp-content\/uploads\/051-150x150.jpg 150w, https:\/\/estilingueprofissional.com.br\/web\/wp-content\/uploads\/051-768x768.jpg 768w, https:\/\/estilingueprofissional.com.br\/web\/wp-content\/uploads\/051.jpg 1080w\" sizes=\"auto, (max-width: 1024px) 100vw, 1024px\" \/><\/a><figcaption class=\"wp-element-caption\"><a href=\"https:\/\/shope.ee\/9pGPQy3kqG\" target=\"_blank\" rel=\"noreferrer noopener\">Clique para ver oferta<\/a><\/figcaption><\/figure>\n<\/div>\n<\/div>\n\n\n\n\n<p>Todos n\u00f3s, quando praticamos algum esporte que envolve tiro, naturalmente a finalidade \u00e9 atirar fazendo mira e acertar o alvo. E qual \u00e9 a melhor forma de se conseguir fazer isto? O que nos leva a acertar o alvo v\u00e1rias e v\u00e1rias vezes seguidas?<\/p>\n\n\n\n<p>A palavra correta \u00e9: disciplina.<br>Lembra-se quando voc\u00ea come\u00e7ou a aprender tabuadas na aula de matem\u00e1tica? Era muito dif\u00edcil n\u00e3o era? Mas alguns dias repetindo que 2&#215;2 \u00e9 igual a 4 voc\u00ea nunca mais esqueceu, n\u00e3o \u00e9 mesmo?Pois \u00e9, atos repetitivos nos levam a melhorar e em muitos casos, a chegar a perfei\u00e7\u00e3o.<br>Pois para acertar o alvo com tiros de estilingue, ou com outro qualquer objeto para esta finalidade, nada mais \u00e9 necess\u00e1rio que executar o ato de atirar mirando repetidamente, buscando corrigir poss\u00edveis erros.<\/p>\n\n\n\n<p>\u00c9 preciso se auto educar observando uma sequ\u00eancia de pequenas necessidades para tornar o tiro eficaz.<\/p>\n\n\n\n<p>Vejamos ent\u00e3o:<\/p>\n\n\n\n<p>1 &#8211; ter em m\u00e3os um estilingue que atenda as suas medidas;<br>2 &#8211; o ideal \u00e9 come\u00e7ar treinando a uma dist\u00e2ncia do alvo por volta de 3 metros ;<br>3 &#8211; o alvo deve ter mais ou menos 20 x 20 cm, estar a 1,00 at\u00e9 1,20 m. de altura. No in\u00edcio apenas tente acertar o alvo como um todo e n\u00e3o insista em acertar na mosca. (ponto central do alvo). Por seguran\u00e7a \u00e9 necess\u00e1rio que por tr\u00e1s do alvo seja colocado um pano para amortecer o impacto da muni\u00e7\u00e3o;<br>4 &#8211; utilizar muni\u00e7\u00e3o esf\u00e9rica, sugiro bolas de gude de 20 mm, por serem f\u00e1ceis de se encontrar e por n\u00e3o causarem efeitos nocivos ao meio ambiente.<\/p>\n\n\n\n<p>Antes de come\u00e7ar a treinar sugiro que leia o&nbsp;<a href=\"https:\/\/estilingueprofissional.com.br\/postura-e-ponto-de-ancoragem.html\">nosso artigo<\/a>&nbsp;ou&nbsp;<a href=\"https:\/\/estilingueprofissional.com.br\/videos-estilingue.html\">assista ao v\u00eddeo<\/a>&nbsp;sobre t\u00e9cnicas de tiro com estilingue.<\/p>\n\n\n\n<p>Comece a treinar e procure se auto corrigir. Mantenha sempre uma postura adequada e n\u00e3o mude o ponto de ancoragem da sua puxada. Com estas pr\u00e1ticas pode ter certeza de que em pouco tempo voc\u00ea estar\u00e1 acertando o alvo com maior facilidade.<br>Ap\u00f3s um pouco de treino, quando perceber que j\u00e1 h\u00e1 uma certa intimidade com seu estilingue e j\u00e1 consegue acertar o alvo com alguma frequ\u00eancia, entre 3 e 5 metros, podemos passar ao pr\u00f3ximo passo:<\/p>\n\n\n\n<p><strong>Como mirar bem no estilingue<\/strong><\/p>\n\n\n\n<p>Se voc\u00ea praticou da forma indicada, j\u00e1 percebeu que mirar com o estilingue \u00e9 algo muito instintivo.<br>Vou passar uma s\u00e9rie de pequenos detalhes que devem ser observados e que ajudar\u00e3o no processo de aperfei\u00e7oamento em mirar com estilingue nos treinos de tiro ao alvo.<br>Estas dicas que vou passar fazem parte de algumas coisas que observei quando eu mesmo treinava e espero que ajude voc\u00ea tamb\u00e9m.<\/p>\n\n\n\n<p>Ao fazer a postura defronte ao alvo, esses itens abaixo devem ser observados:<\/p>\n\n\n\n<p>1 &#8211; a primeira coisa a ser vista \u00e9 se a forquilha est\u00e1 em paralelo com o alvo. Considere como se o alvo fosse uma parede a sua frente e a forquilha tem que estar em paralelo com esta parede;<br>2 &#8211; os el\u00e1sticos devem formar um \u00e2ngulo de 90 graus em rela\u00e7\u00e3o \u00e0 forquilha;<br>3 &#8211; a muni\u00e7\u00e3o deve apontar para o centro da forquilha;<br>4 &#8211; a sua m\u00e3o \u00e9 que deve ir em dire\u00e7\u00e3o ao seu rosto para fazer o ponto de ancoragem.<\/p>\n\n\n\n<p>Caso prefira, assista ao v\u00eddeo:&nbsp;<a href=\"https:\/\/estilingueprofissional.com.br\/videos-estilingue.html\">T\u00e9cnicas de tiro com estilingue<\/a>.<\/p>\n\n\n\n<p>Com estas pequenas observa\u00e7\u00f5es, consegui evitar tiros errados e perigosos, pois as vezes os el\u00e1sticos estavam desalinhados e a muni\u00e7\u00e3o acabava batendo na forquilha, ou o tiro saia completamente fora da dire\u00e7\u00e3o desejada.<\/p>\n\n\n\n<p>N\u00e3o vai adiantar nada estar com uma boa postura, fazer todos estes itens acima e na hora da ancoragem voc\u00ea levar a cabe\u00e7a para o lado, no sentido de sua m\u00e3o. A sua m\u00e3o \u00e9 que deve ir no sentido de seu rosto. Note que quando fazemos a postura e olhamos para o alvo, nosso c\u00e9rebro j\u00e1 fez a mira, ou seja, ele j\u00e1 localizou o que deve acertar e isso \u00e9 feito atrav\u00e9s da vis\u00e3o. Se voc\u00ea mexer a cabe\u00e7a evidentemente o seu ponto de vis\u00e3o, ou seja, a sua mira ser\u00e1 afetada e o tiro sair\u00e1 errado. Boa sorte!!<\/p>\n\n\n\n<div class=\"wp-block-columns is-layout-flex wp-container-core-columns-is-layout-9d6595d7 wp-block-columns-is-layout-flex\">\n<div class=\"wp-block-column is-layout-flow wp-block-column-is-layout-flow\">\n<figure class=\"wp-block-image size-full\"><img loading=\"lazy\" decoding=\"async\" width=\"800\" height=\"533\" src=\"https:\/\/estilingueprofissional.com.br\/web\/wp-content\/uploads\/acertar-alvo-1.jpg\" alt=\"\" class=\"wp-image-362\" srcset=\"https:\/\/estilingueprofissional.com.br\/web\/wp-content\/uploads\/acertar-alvo-1.jpg 800w, https:\/\/estilingueprofissional.com.br\/web\/wp-content\/uploads\/acertar-alvo-1-300x200.jpg 300w, https:\/\/estilingueprofissional.com.br\/web\/wp-content\/uploads\/acertar-alvo-1-768x512.jpg 768w\" sizes=\"auto, (max-width: 800px) 100vw, 800px\" \/><\/figure>\n<\/div>\n\n\n\n<div class=\"wp-block-column is-layout-flow wp-block-column-is-layout-flow\">\n<figure class=\"wp-block-image size-full\"><img loading=\"lazy\" decoding=\"async\" width=\"800\" height=\"533\" src=\"https:\/\/estilingueprofissional.com.br\/web\/wp-content\/uploads\/acertar-alvo-2.jpg\" alt=\"\" class=\"wp-image-363\" srcset=\"https:\/\/estilingueprofissional.com.br\/web\/wp-content\/uploads\/acertar-alvo-2.jpg 800w, https:\/\/estilingueprofissional.com.br\/web\/wp-content\/uploads\/acertar-alvo-2-300x200.jpg 300w, https:\/\/estilingueprofissional.com.br\/web\/wp-content\/uploads\/acertar-alvo-2-768x512.jpg 768w\" sizes=\"auto, (max-width: 800px) 100vw, 800px\" \/><\/figure>\n<\/div>\n\n\n\n<div class=\"wp-block-column is-layout-flow wp-block-column-is-layout-flow\">\n<figure class=\"wp-block-image size-full\"><img loading=\"lazy\" decoding=\"async\" width=\"800\" height=\"533\" src=\"https:\/\/estilingueprofissional.com.br\/web\/wp-content\/uploads\/acertar-alvo-3.jpg\" alt=\"\" class=\"wp-image-364\" srcset=\"https:\/\/estilingueprofissional.com.br\/web\/wp-content\/uploads\/acertar-alvo-3.jpg 800w, https:\/\/estilingueprofissional.com.br\/web\/wp-content\/uploads\/acertar-alvo-3-300x200.jpg 300w, https:\/\/estilingueprofissional.com.br\/web\/wp-content\/uploads\/acertar-alvo-3-768x512.jpg 768w\" sizes=\"auto, (max-width: 800px) 100vw, 800px\" \/><\/figure>\n<\/div>\n\n\n\n<div class=\"wp-block-column is-layout-flow wp-block-column-is-layout-flow\">\n<figure class=\"wp-block-image size-full\"><img loading=\"lazy\" decoding=\"async\" width=\"800\" height=\"533\" src=\"https:\/\/estilingueprofissional.com.br\/web\/wp-content\/uploads\/acertar-alvo-4.jpg\" alt=\"\" class=\"wp-image-365\" srcset=\"https:\/\/estilingueprofissional.com.br\/web\/wp-content\/uploads\/acertar-alvo-4.jpg 800w, https:\/\/estilingueprofissional.com.br\/web\/wp-content\/uploads\/acertar-alvo-4-300x200.jpg 300w, https:\/\/estilingueprofissional.com.br\/web\/wp-content\/uploads\/acertar-alvo-4-768x512.jpg 768w\" sizes=\"auto, (max-width: 800px) 100vw, 800px\" \/><\/figure>\n<\/div>\n<\/div>\n\n\n\n<div class=\"wp-block-columns is-layout-flex wp-container-core-columns-is-layout-9d6595d7 wp-block-columns-is-layout-flex\">\n<div class=\"wp-block-column is-layout-flow wp-block-column-is-layout-flow\">\n<figure class=\"wp-block-image size-full\"><img loading=\"lazy\" decoding=\"async\" width=\"800\" height=\"533\" src=\"https:\/\/estilingueprofissional.com.br\/web\/wp-content\/uploads\/acertar-alvo-5.jpg\" alt=\"\" class=\"wp-image-366\" srcset=\"https:\/\/estilingueprofissional.com.br\/web\/wp-content\/uploads\/acertar-alvo-5.jpg 800w, https:\/\/estilingueprofissional.com.br\/web\/wp-content\/uploads\/acertar-alvo-5-300x200.jpg 300w, https:\/\/estilingueprofissional.com.br\/web\/wp-content\/uploads\/acertar-alvo-5-768x512.jpg 768w\" sizes=\"auto, (max-width: 800px) 100vw, 800px\" \/><\/figure>\n<\/div>\n\n\n\n<div class=\"wp-block-column is-layout-flow wp-block-column-is-layout-flow\">\n<figure class=\"wp-block-image size-full\"><img loading=\"lazy\" decoding=\"async\" width=\"800\" height=\"533\" src=\"https:\/\/estilingueprofissional.com.br\/web\/wp-content\/uploads\/acertar-alvo-6.jpg\" alt=\"\" class=\"wp-image-367\" srcset=\"https:\/\/estilingueprofissional.com.br\/web\/wp-content\/uploads\/acertar-alvo-6.jpg 800w, https:\/\/estilingueprofissional.com.br\/web\/wp-content\/uploads\/acertar-alvo-6-300x200.jpg 300w, https:\/\/estilingueprofissional.com.br\/web\/wp-content\/uploads\/acertar-alvo-6-768x512.jpg 768w\" sizes=\"auto, (max-width: 800px) 100vw, 800px\" \/><\/figure>\n<\/div>\n\n\n\n<div class=\"wp-block-column is-layout-flow wp-block-column-is-layout-flow\">\n<figure class=\"wp-block-image size-full\"><img loading=\"lazy\" decoding=\"async\" width=\"800\" height=\"533\" src=\"https:\/\/estilingueprofissional.com.br\/web\/wp-content\/uploads\/acertar-alvo-7.jpg\" alt=\"\" class=\"wp-image-368\" srcset=\"https:\/\/estilingueprofissional.com.br\/web\/wp-content\/uploads\/acertar-alvo-7.jpg 800w, https:\/\/estilingueprofissional.com.br\/web\/wp-content\/uploads\/acertar-alvo-7-300x200.jpg 300w, https:\/\/estilingueprofissional.com.br\/web\/wp-content\/uploads\/acertar-alvo-7-768x512.jpg 768w\" sizes=\"auto, (max-width: 800px) 100vw, 800px\" \/><\/figure>\n<\/div>\n\n\n\n<div class=\"wp-block-column is-layout-flow wp-block-column-is-layout-flow\">\n<figure class=\"wp-block-image size-full\"><img loading=\"lazy\" decoding=\"async\" width=\"800\" height=\"533\" src=\"https:\/\/estilingueprofissional.com.br\/web\/wp-content\/uploads\/acertar-alvo-8.jpg\" alt=\"\" class=\"wp-image-369\" srcset=\"https:\/\/estilingueprofissional.com.br\/web\/wp-content\/uploads\/acertar-alvo-8.jpg 800w, https:\/\/estilingueprofissional.com.br\/web\/wp-content\/uploads\/acertar-alvo-8-300x200.jpg 300w, https:\/\/estilingueprofissional.com.br\/web\/wp-content\/uploads\/acertar-alvo-8-768x512.jpg 768w\" sizes=\"auto, (max-width: 800px) 100vw, 800px\" \/><\/figure>\n<\/div>\n<\/div>\n","protected":false},"excerpt":{"rendered":"<p>Faixas el\u00e1sticas em oferta! Todos n\u00f3s, quando praticamos algum esporte que envolve tiro, naturalmente a finalidade \u00e9 atirar fazendo mira e acertar o alvo. E qual \u00e9 a melhor forma de se conseguir fazer isto? O que nos leva a acertar o alvo v\u00e1rias e v\u00e1rias vezes seguidas? A palavra correta \u00e9: disciplina.Lembra-se quando voc\u00ea&hellip; <br \/> <a class=\"read-more\" href=\"https:\/\/estilingueprofissional.com.br\/web\/como-acertar-o-alvo-com-estilingue\/\">Leia mais<\/a><\/p>\n","protected":false},"author":1,"featured_media":0,"parent":0,"menu_order":0,"comment_status":"closed","ping_status":"closed","template":"","meta":{"footnotes":""},"class_list":["post-361","page","type-page","status-publish","hentry"],"yoast_head":"<!-- This site is optimized with the Yoast SEO plugin v27.2 - https:\/\/yoast.com\/product\/yoast-seo-wordpress\/ -->\n<title>Como Acertar o Alvo com Estilingue - Estilingue Profissional<\/title>\n<meta name=\"robots\" content=\"index, follow, max-snippet:-1, max-image-preview:large, max-video-preview:-1\" \/>\n<link rel=\"canonical\" href=\"https:\/\/estilingueprofissional.com.br\/web\/como-acertar-o-alvo-com-estilingue\/\" \/>\n<meta property=\"og:locale\" content=\"pt_BR\" \/>\n<meta property=\"og:type\" content=\"article\" \/>\n<meta property=\"og:title\" content=\"Como Acertar o Alvo com Estilingue - Estilingue Profissional\" \/>\n<meta property=\"og:description\" content=\"Faixas el\u00e1sticas em oferta! Todos n\u00f3s, quando praticamos algum esporte que envolve tiro, naturalmente a finalidade \u00e9 atirar fazendo mira e acertar o alvo. E qual \u00e9 a melhor forma de se conseguir fazer isto? O que nos leva a acertar o alvo v\u00e1rias e v\u00e1rias vezes seguidas? A palavra correta \u00e9: disciplina.Lembra-se quando voc\u00ea&hellip; Leia mais\" \/>\n<meta property=\"og:url\" content=\"https:\/\/estilingueprofissional.com.br\/web\/como-acertar-o-alvo-com-estilingue\/\" \/>\n<meta property=\"og:site_name\" content=\"Estilingue Profissional\" \/>\n<meta property=\"article:publisher\" content=\"https:\/\/www.facebook.com\/estilingueprofissional\" \/>\n<meta property=\"article:modified_time\" content=\"2024-06-02T14:17:15+00:00\" \/>\n<meta property=\"og:image\" content=\"https:\/\/estilingueprofissional.com.br\/web\/wp-content\/uploads\/048-1024x1024.jpg\" \/>\n<meta name=\"twitter:card\" content=\"summary_large_image\" \/>\n<meta name=\"twitter:label1\" content=\"Est. tempo de leitura\" \/>\n\t<meta name=\"twitter:data1\" content=\"4 minutos\" \/>\n<script type=\"application\/ld+json\" class=\"yoast-schema-graph\">{\"@context\":\"https:\/\/schema.org\",\"@graph\":[{\"@type\":\"WebPage\",\"@id\":\"https:\/\/estilingueprofissional.com.br\/web\/como-acertar-o-alvo-com-estilingue\/\",\"url\":\"https:\/\/estilingueprofissional.com.br\/web\/como-acertar-o-alvo-com-estilingue\/\",\"name\":\"Como Acertar o Alvo com Estilingue - Estilingue Profissional\",\"isPartOf\":{\"@id\":\"https:\/\/estilingueprofissional.com.br\/web\/#website\"},\"primaryImageOfPage\":{\"@id\":\"https:\/\/estilingueprofissional.com.br\/web\/como-acertar-o-alvo-com-estilingue\/#primaryimage\"},\"image\":{\"@id\":\"https:\/\/estilingueprofissional.com.br\/web\/como-acertar-o-alvo-com-estilingue\/#primaryimage\"},\"thumbnailUrl\":\"https:\/\/estilingueprofissional.com.br\/web\/wp-content\/uploads\/048-1024x1024.jpg\",\"datePublished\":\"2024-05-31T20:37:22+00:00\",\"dateModified\":\"2024-06-02T14:17:15+00:00\",\"breadcrumb\":{\"@id\":\"https:\/\/estilingueprofissional.com.br\/web\/como-acertar-o-alvo-com-estilingue\/#breadcrumb\"},\"inLanguage\":\"pt-BR\",\"potentialAction\":[{\"@type\":\"ReadAction\",\"target\":[\"https:\/\/estilingueprofissional.com.br\/web\/como-acertar-o-alvo-com-estilingue\/\"]}]},{\"@type\":\"ImageObject\",\"inLanguage\":\"pt-BR\",\"@id\":\"https:\/\/estilingueprofissional.com.br\/web\/como-acertar-o-alvo-com-estilingue\/#primaryimage\",\"url\":\"https:\/\/estilingueprofissional.com.br\/web\/wp-content\/uploads\/048.jpg\",\"contentUrl\":\"https:\/\/estilingueprofissional.com.br\/web\/wp-content\/uploads\/048.jpg\",\"width\":1080,\"height\":1080,\"caption\":\"xr:d:DAFRFO1d6ko:5,j:40068112104,t:22110512\"},{\"@type\":\"BreadcrumbList\",\"@id\":\"https:\/\/estilingueprofissional.com.br\/web\/como-acertar-o-alvo-com-estilingue\/#breadcrumb\",\"itemListElement\":[{\"@type\":\"ListItem\",\"position\":1,\"name\":\"In\u00edcio\",\"item\":\"https:\/\/estilingueprofissional.com.br\/web\/\"},{\"@type\":\"ListItem\",\"position\":2,\"name\":\"Como Acertar o Alvo com Estilingue\"}]},{\"@type\":\"WebSite\",\"@id\":\"https:\/\/estilingueprofissional.com.br\/web\/#website\",\"url\":\"https:\/\/estilingueprofissional.com.br\/web\/\",\"name\":\"Estilingue Profissional\",\"description\":\"\",\"potentialAction\":[{\"@type\":\"SearchAction\",\"target\":{\"@type\":\"EntryPoint\",\"urlTemplate\":\"https:\/\/estilingueprofissional.com.br\/web\/?s={search_term_string}\"},\"query-input\":{\"@type\":\"PropertyValueSpecification\",\"valueRequired\":true,\"valueName\":\"search_term_string\"}}],\"inLanguage\":\"pt-BR\"}]}<\/script>\n<!-- \/ Yoast SEO plugin. -->","yoast_head_json":{"title":"Como Acertar o Alvo com Estilingue - Estilingue Profissional","robots":{"index":"index","follow":"follow","max-snippet":"max-snippet:-1","max-image-preview":"max-image-preview:large","max-video-preview":"max-video-preview:-1"},"canonical":"https:\/\/estilingueprofissional.com.br\/web\/como-acertar-o-alvo-com-estilingue\/","og_locale":"pt_BR","og_type":"article","og_title":"Como Acertar o Alvo com Estilingue - Estilingue Profissional","og_description":"Faixas el\u00e1sticas em oferta! Todos n\u00f3s, quando praticamos algum esporte que envolve tiro, naturalmente a finalidade \u00e9 atirar fazendo mira e acertar o alvo. E qual \u00e9 a melhor forma de se conseguir fazer isto? O que nos leva a acertar o alvo v\u00e1rias e v\u00e1rias vezes seguidas? A palavra correta \u00e9: disciplina.Lembra-se quando voc\u00ea&hellip; Leia mais","og_url":"https:\/\/estilingueprofissional.com.br\/web\/como-acertar-o-alvo-com-estilingue\/","og_site_name":"Estilingue Profissional","article_publisher":"https:\/\/www.facebook.com\/estilingueprofissional","article_modified_time":"2024-06-02T14:17:15+00:00","og_image":[{"url":"https:\/\/estilingueprofissional.com.br\/web\/wp-content\/uploads\/048-1024x1024.jpg","type":"","width":"","height":""}],"twitter_card":"summary_large_image","twitter_misc":{"Est. tempo de leitura":"4 minutos"},"schema":{"@context":"https:\/\/schema.org","@graph":[{"@type":"WebPage","@id":"https:\/\/estilingueprofissional.com.br\/web\/como-acertar-o-alvo-com-estilingue\/","url":"https:\/\/estilingueprofissional.com.br\/web\/como-acertar-o-alvo-com-estilingue\/","name":"Como Acertar o Alvo com Estilingue - Estilingue Profissional","isPartOf":{"@id":"https:\/\/estilingueprofissional.com.br\/web\/#website"},"primaryImageOfPage":{"@id":"https:\/\/estilingueprofissional.com.br\/web\/como-acertar-o-alvo-com-estilingue\/#primaryimage"},"image":{"@id":"https:\/\/estilingueprofissional.com.br\/web\/como-acertar-o-alvo-com-estilingue\/#primaryimage"},"thumbnailUrl":"https:\/\/estilingueprofissional.com.br\/web\/wp-content\/uploads\/048-1024x1024.jpg","datePublished":"2024-05-31T20:37:22+00:00","dateModified":"2024-06-02T14:17:15+00:00","breadcrumb":{"@id":"https:\/\/estilingueprofissional.com.br\/web\/como-acertar-o-alvo-com-estilingue\/#breadcrumb"},"inLanguage":"pt-BR","potentialAction":[{"@type":"ReadAction","target":["https:\/\/estilingueprofissional.com.br\/web\/como-acertar-o-alvo-com-estilingue\/"]}]},{"@type":"ImageObject","inLanguage":"pt-BR","@id":"https:\/\/estilingueprofissional.com.br\/web\/como-acertar-o-alvo-com-estilingue\/#primaryimage","url":"https:\/\/estilingueprofissional.com.br\/web\/wp-content\/uploads\/048.jpg","contentUrl":"https:\/\/estilingueprofissional.com.br\/web\/wp-content\/uploads\/048.jpg","width":1080,"height":1080,"caption":"xr:d:DAFRFO1d6ko:5,j:40068112104,t:22110512"},{"@type":"BreadcrumbList","@id":"https:\/\/estilingueprofissional.com.br\/web\/como-acertar-o-alvo-com-estilingue\/#breadcrumb","itemListElement":[{"@type":"ListItem","position":1,"name":"In\u00edcio","item":"https:\/\/estilingueprofissional.com.br\/web\/"},{"@type":"ListItem","position":2,"name":"Como Acertar o Alvo com Estilingue"}]},{"@type":"WebSite","@id":"https:\/\/estilingueprofissional.com.br\/web\/#website","url":"https:\/\/estilingueprofissional.com.br\/web\/","name":"Estilingue Profissional","description":"","potentialAction":[{"@type":"SearchAction","target":{"@type":"EntryPoint","urlTemplate":"https:\/\/estilingueprofissional.com.br\/web\/?s={search_term_string}"},"query-input":{"@type":"PropertyValueSpecification","valueRequired":true,"valueName":"search_term_string"}}],"inLanguage":"pt-BR"}]}},"_links":{"self":[{"href":"https:\/\/estilingueprofissional.com.br\/web\/wp-json\/wp\/v2\/pages\/361","targetHints":{"allow":["GET"]}}],"collection":[{"href":"https:\/\/estilingueprofissional.com.br\/web\/wp-json\/wp\/v2\/pages"}],"about":[{"href":"https:\/\/estilingueprofissional.com.br\/web\/wp-json\/wp\/v2\/types\/page"}],"author":[{"embeddable":true,"href":"https:\/\/estilingueprofissional.com.br\/web\/wp-json\/wp\/v2\/users\/1"}],"replies":[{"embeddable":true,"href":"https:\/\/estilingueprofissional.com.br\/web\/wp-json\/wp\/v2\/comments?post=361"}],"version-history":[{"count":2,"href":"https:\/\/estilingueprofissional.com.br\/web\/wp-json\/wp\/v2\/pages\/361\/revisions"}],"predecessor-version":[{"id":403,"href":"https:\/\/estilingueprofissional.com.br\/web\/wp-json\/wp\/v2\/pages\/361\/revisions\/403"}],"wp:attachment":[{"href":"https:\/\/estilingueprofissional.com.br\/web\/wp-json\/wp\/v2\/media?parent=361"}],"curies":[{"name":"wp","href":"https:\/\/api.w.org\/{rel}","templated":true}]}}