{"id":446,"date":"2024-06-02T16:00:04","date_gmt":"2024-06-02T19:00:04","guid":{"rendered":"https:\/\/estilingueprofissional.com.br\/web\/?page_id=446"},"modified":"2024-06-02T17:23:58","modified_gmt":"2024-06-02T20:23:58","slug":"loja-de-estilingues","status":"publish","type":"page","link":"https:\/\/estilingueprofissional.com.br\/web\/loja-de-estilingues\/","title":{"rendered":"Loja de estilingues"},"content":{"rendered":"\n<h2 class=\"wp-block-heading\">Ofertas especiais !!<\/h2>\n\n\n\n<div class=\"wp-block-columns is-layout-flex wp-container-core-columns-is-layout-9d6595d7 wp-block-columns-is-layout-flex\">\n<div class=\"wp-block-column is-layout-flow wp-block-column-is-layout-flow\">\n<figure class=\"wp-block-image size-full\"><a href=\"https:\/\/shope.ee\/2Ahn0HagZl\" target=\"_blank\" rel=\"noreferrer noopener\"><img loading=\"lazy\" decoding=\"async\" width=\"1024\" height=\"1024\" src=\"https:\/\/estilingueprofissional.com.br\/web\/wp-content\/uploads\/040.jpg\" alt=\"\" class=\"wp-image-408\" srcset=\"https:\/\/estilingueprofissional.com.br\/web\/wp-content\/uploads\/040.jpg 1024w, https:\/\/estilingueprofissional.com.br\/web\/wp-content\/uploads\/040-300x300.jpg 300w, https:\/\/estilingueprofissional.com.br\/web\/wp-content\/uploads\/040-150x150.jpg 150w, https:\/\/estilingueprofissional.com.br\/web\/wp-content\/uploads\/040-768x768.jpg 768w\" sizes=\"auto, (max-width: 1024px) 100vw, 1024px\" \/><\/a><figcaption class=\"wp-element-caption\"><a href=\"https:\/\/shope.ee\/2Ahn0HagZl\" target=\"_blank\" rel=\"noreferrer noopener\">Clique para ver oferta<\/a><\/figcaption><\/figure>\n<\/div>\n\n\n\n<div class=\"wp-block-column is-layout-flow wp-block-column-is-layout-flow\">\n<figure class=\"wp-block-image size-large\"><a href=\"https:\/\/shope.ee\/8zUwkRXdnU\" target=\"_blank\" rel=\"noreferrer noopener\"><img loading=\"lazy\" decoding=\"async\" width=\"1024\" height=\"1024\" src=\"https:\/\/estilingueprofissional.com.br\/web\/wp-content\/uploads\/045-1024x1024.jpg\" alt=\"\" class=\"wp-image-409\" srcset=\"https:\/\/estilingueprofissional.com.br\/web\/wp-content\/uploads\/045-1024x1024.jpg 1024w, https:\/\/estilingueprofissional.com.br\/web\/wp-content\/uploads\/045-300x300.jpg 300w, https:\/\/estilingueprofissional.com.br\/web\/wp-content\/uploads\/045-150x150.jpg 150w, https:\/\/estilingueprofissional.com.br\/web\/wp-content\/uploads\/045-768x768.jpg 768w, https:\/\/estilingueprofissional.com.br\/web\/wp-content\/uploads\/045.jpg 1080w\" sizes=\"auto, (max-width: 1024px) 100vw, 1024px\" \/><\/a><figcaption class=\"wp-element-caption\"><a href=\"https:\/\/shope.ee\/8zUwkRXdnU\" target=\"_blank\" rel=\"noreferrer noopener\">Clique para ver oferta<\/a><\/figcaption><\/figure>\n<\/div>\n\n\n\n<div class=\"wp-block-column is-layout-flow wp-block-column-is-layout-flow\">\n<figure class=\"wp-block-image size-full\"><a href=\"https:\/\/shope.ee\/8es3PMKXL6\" target=\"_blank\" rel=\"noreferrer noopener\"><img loading=\"lazy\" decoding=\"async\" width=\"1000\" height=\"1000\" src=\"https:\/\/estilingueprofissional.com.br\/web\/wp-content\/uploads\/041.jpg\" alt=\"\" class=\"wp-image-410\" srcset=\"https:\/\/estilingueprofissional.com.br\/web\/wp-content\/uploads\/041.jpg 1000w, https:\/\/estilingueprofissional.com.br\/web\/wp-content\/uploads\/041-300x300.jpg 300w, https:\/\/estilingueprofissional.com.br\/web\/wp-content\/uploads\/041-150x150.jpg 150w, https:\/\/estilingueprofissional.com.br\/web\/wp-content\/uploads\/041-768x768.jpg 768w\" sizes=\"auto, (max-width: 1000px) 100vw, 1000px\" \/><\/a><figcaption class=\"wp-element-caption\"><a href=\"https:\/\/shope.ee\/8es3PMKXL6\" target=\"_blank\" rel=\"noreferrer noopener\">Clique para ver oferta<\/a><\/figcaption><\/figure>\n<\/div>\n\n\n\n<div class=\"wp-block-column is-layout-flow wp-block-column-is-layout-flow\">\n<figure class=\"wp-block-image size-large\"><a href=\"https:\/\/shope.ee\/1VOvqfl2Cu\" target=\"_blank\" rel=\"noreferrer noopener\"><img loading=\"lazy\" decoding=\"async\" width=\"1024\" height=\"1024\" src=\"https:\/\/estilingueprofissional.com.br\/web\/wp-content\/uploads\/047-1024x1024.jpg\" alt=\"\" class=\"wp-image-411\" srcset=\"https:\/\/estilingueprofissional.com.br\/web\/wp-content\/uploads\/047-1024x1024.jpg 1024w, https:\/\/estilingueprofissional.com.br\/web\/wp-content\/uploads\/047-300x300.jpg 300w, https:\/\/estilingueprofissional.com.br\/web\/wp-content\/uploads\/047-150x150.jpg 150w, https:\/\/estilingueprofissional.com.br\/web\/wp-content\/uploads\/047-768x768.jpg 768w, https:\/\/estilingueprofissional.com.br\/web\/wp-content\/uploads\/047.jpg 1080w\" sizes=\"auto, (max-width: 1024px) 100vw, 1024px\" \/><\/a><figcaption class=\"wp-element-caption\"><a href=\"https:\/\/shope.ee\/1VOvqfl2Cu\" target=\"_blank\" rel=\"noreferrer noopener\">Clique para ver oferta<\/a><\/figcaption><\/figure>\n<\/div>\n<\/div>\n\n\n\n<h2 class=\"wp-block-heading has-text-align-center\">Estilingue Modelo Baby com Tripa de Mico<\/h2>\n\n\n\n<div class=\"wp-block-columns is-layout-flex wp-container-core-columns-is-layout-9d6595d7 wp-block-columns-is-layout-flex\">\n<div class=\"wp-block-column is-layout-flow wp-block-column-is-layout-flow\">\n<h3 class=\"wp-block-heading\">Tubular (tripa de mico 6mm.)<\/h3>\n\n\n\n<h2 class=\"wp-block-heading\">De R$ 119,90 por R$ 99,90<\/h2>\n\n\n\n<p>Forquilha em madeira maci\u00e7a&nbsp;<strong>modelo &#8220;Baby&#8221;<\/strong>&nbsp;montada com borracha tubular de alta qualidade.<br>D\u00favidas? Cel.:&nbsp;<a href=\"https:\/\/api.whatsapp.com\/send?phone=5512991005311\">12 99100-5311<\/a><\/p>\n<\/div>\n\n\n\n<div class=\"wp-block-column is-layout-flow wp-block-column-is-layout-flow\">\n<figure class=\"wp-block-image size-full\"><img loading=\"lazy\" decoding=\"async\" width=\"750\" height=\"500\" src=\"https:\/\/estilingueprofissional.com.br\/web\/wp-content\/uploads\/baby-promocao-tripa-de-mico.jpg\" alt=\"\" class=\"wp-image-447\" srcset=\"https:\/\/estilingueprofissional.com.br\/web\/wp-content\/uploads\/baby-promocao-tripa-de-mico.jpg 750w, https:\/\/estilingueprofissional.com.br\/web\/wp-content\/uploads\/baby-promocao-tripa-de-mico-300x200.jpg 300w\" sizes=\"auto, (max-width: 750px) 100vw, 750px\" \/><\/figure>\n<\/div>\n<\/div>\n\n\n\n<h2 class=\"wp-block-heading has-text-align-center\">Estilingue Modelo Baby com Faixa El\u00e1stica<\/h2>\n\n\n\n<div class=\"wp-block-columns is-layout-flex wp-container-core-columns-is-layout-9d6595d7 wp-block-columns-is-layout-flex\">\n<div class=\"wp-block-column is-layout-flow wp-block-column-is-layout-flow\">\n<h2 class=\"wp-block-heading\">De R$ 129,90 por R$ 109,90<\/h2>\n\n\n\n<p>Forquilha em madeira maci\u00e7a de alta qualidade&nbsp;<strong>modelo &#8220;Baby&#8221;<\/strong>&nbsp;montada com faixa el\u00e1stica importada&nbsp;<strong>(THERABAND GOLD)<\/strong>&nbsp;(25cm x 2cm X 1.5cm).<br>D\u00favidas? Cel.:&nbsp;<a href=\"https:\/\/api.whatsapp.com\/send?phone=5512991005311\">12 99100-5311<\/a><\/p>\n<\/div>\n\n\n\n<div class=\"wp-block-column is-layout-flow wp-block-column-is-layout-flow\">\n<figure class=\"wp-block-image size-full\"><img loading=\"lazy\" decoding=\"async\" width=\"750\" height=\"500\" src=\"https:\/\/estilingueprofissional.com.br\/web\/wp-content\/uploads\/baby-promocao-faixa-dankung.jpg\" alt=\"\" class=\"wp-image-450\" srcset=\"https:\/\/estilingueprofissional.com.br\/web\/wp-content\/uploads\/baby-promocao-faixa-dankung.jpg 750w, https:\/\/estilingueprofissional.com.br\/web\/wp-content\/uploads\/baby-promocao-faixa-dankung-300x200.jpg 300w\" sizes=\"auto, (max-width: 750px) 100vw, 750px\" \/><\/figure>\n<\/div>\n<\/div>\n\n\n\n<h2 class=\"wp-block-heading has-text-align-center\">Estilingue Modelo Super 90<\/h2>\n\n\n\n<div class=\"wp-block-columns is-layout-flex wp-container-core-columns-is-layout-9d6595d7 wp-block-columns-is-layout-flex\">\n<div class=\"wp-block-column is-layout-flow wp-block-column-is-layout-flow\">\n<h2 class=\"wp-block-heading\">De R$ 175,00 por R$ 149,90<\/h2>\n\n\n\n<p>Forquilha robusta em madeira maci\u00e7a de alta resist\u00eancia (15cm x 10cm x 1,8cm) que permite excelente pegada contando com a maciez do revestimento em Paracord 550 (aprox. 2,20m.).<br>D\u00favidas? Cel.:&nbsp;<a href=\"https:\/\/api.whatsapp.com\/send?phone=5512991005311\">12 99100-5311&nbsp;<\/a><\/p>\n<\/div>\n\n\n\n<div class=\"wp-block-column is-layout-flow wp-block-column-is-layout-flow\">\n<figure class=\"wp-block-image size-large\"><img loading=\"lazy\" decoding=\"async\" width=\"1024\" height=\"1024\" src=\"https:\/\/estilingueprofissional.com.br\/web\/wp-content\/uploads\/estilingue-super-90-sobrevivencialismo-1024x1024.jpg\" alt=\"\" class=\"wp-image-451\" srcset=\"https:\/\/estilingueprofissional.com.br\/web\/wp-content\/uploads\/estilingue-super-90-sobrevivencialismo-1024x1024.jpg 1024w, https:\/\/estilingueprofissional.com.br\/web\/wp-content\/uploads\/estilingue-super-90-sobrevivencialismo-300x300.jpg 300w, https:\/\/estilingueprofissional.com.br\/web\/wp-content\/uploads\/estilingue-super-90-sobrevivencialismo-150x150.jpg 150w, https:\/\/estilingueprofissional.com.br\/web\/wp-content\/uploads\/estilingue-super-90-sobrevivencialismo-768x768.jpg 768w, https:\/\/estilingueprofissional.com.br\/web\/wp-content\/uploads\/estilingue-super-90-sobrevivencialismo.jpg 1080w\" sizes=\"auto, (max-width: 1024px) 100vw, 1024px\" \/><\/figure>\n<\/div>\n<\/div>\n\n\n\n<h2 class=\"wp-block-heading has-text-align-center\">Estilingue Big Boss Slim<\/h2>\n\n\n\n<div class=\"wp-block-columns is-layout-flex wp-container-core-columns-is-layout-9d6595d7 wp-block-columns-is-layout-flex\">\n<div class=\"wp-block-column is-layout-flow wp-block-column-is-layout-flow\">\n<h2 class=\"wp-block-heading\">De R$ 150,00 por R$ 119,90<\/h2>\n\n\n\n<p>Forquilha em madeira maci\u00e7a de alta resist\u00eancia (garapeira\/cumar\u00fa) (15cm x 10cm x 1,8cm) que permite excelente pegada.<br>D\u00favidas? Cel.:&nbsp;<a href=\"https:\/\/api.whatsapp.com\/send?phone=5512991005311\">12 99100-5311&nbsp;<\/a><\/p>\n<\/div>\n\n\n\n<div class=\"wp-block-column is-layout-flow wp-block-column-is-layout-flow\">\n<figure class=\"wp-block-image size-full\"><img loading=\"lazy\" decoding=\"async\" width=\"750\" height=\"500\" src=\"https:\/\/estilingueprofissional.com.br\/web\/wp-content\/uploads\/estilingue-profissional-big-boss-slim.jpg\" alt=\"\" class=\"wp-image-452\" srcset=\"https:\/\/estilingueprofissional.com.br\/web\/wp-content\/uploads\/estilingue-profissional-big-boss-slim.jpg 750w, https:\/\/estilingueprofissional.com.br\/web\/wp-content\/uploads\/estilingue-profissional-big-boss-slim-300x200.jpg 300w\" sizes=\"auto, (max-width: 750px) 100vw, 750px\" \/><\/figure>\n<\/div>\n<\/div>\n\n\n\n<h2 class=\"wp-block-heading\">Ofertas de sobreviv\u00eancia e buchcraft<\/h2>\n\n\n\n<div class=\"wp-block-columns is-layout-flex wp-container-core-columns-is-layout-9d6595d7 wp-block-columns-is-layout-flex\">\n<div class=\"wp-block-column is-layout-flow wp-block-column-is-layout-flow\"><div class=\"wp-block-image\">\n<figure class=\"aligncenter size-large\"><a href=\"https:\/\/shope.ee\/9p45ekYc9g\" target=\"_blank\" rel=\"noreferrer noopener\"><img loading=\"lazy\" decoding=\"async\" width=\"1024\" height=\"1024\" src=\"https:\/\/estilingueprofissional.com.br\/web\/wp-content\/uploads\/056-1024x1024.jpg\" alt=\"\" class=\"wp-image-297\" srcset=\"https:\/\/estilingueprofissional.com.br\/web\/wp-content\/uploads\/056-1024x1024.jpg 1024w, https:\/\/estilingueprofissional.com.br\/web\/wp-content\/uploads\/056-300x300.jpg 300w, https:\/\/estilingueprofissional.com.br\/web\/wp-content\/uploads\/056-150x150.jpg 150w, https:\/\/estilingueprofissional.com.br\/web\/wp-content\/uploads\/056-768x768.jpg 768w, https:\/\/estilingueprofissional.com.br\/web\/wp-content\/uploads\/056.jpg 1080w\" sizes=\"auto, (max-width: 1024px) 100vw, 1024px\" \/><\/a><figcaption class=\"wp-element-caption\"><a href=\"https:\/\/shope.ee\/9p45ekYc9g\" target=\"_blank\" rel=\"noreferrer noopener\">Clique para ver oferta<\/a><\/figcaption><\/figure>\n<\/div><\/div>\n\n\n\n<div class=\"wp-block-column is-layout-flow wp-block-column-is-layout-flow\"><div class=\"wp-block-image\">\n<figure class=\"aligncenter size-full\"><a href=\"https:\/\/shope.ee\/7zj9cZ8fYn\" target=\"_blank\" rel=\"noreferrer noopener\"><img loading=\"lazy\" decoding=\"async\" width=\"1000\" height=\"1000\" src=\"https:\/\/estilingueprofissional.com.br\/web\/wp-content\/uploads\/057.jpg\" alt=\"\" class=\"wp-image-296\" srcset=\"https:\/\/estilingueprofissional.com.br\/web\/wp-content\/uploads\/057.jpg 1000w, https:\/\/estilingueprofissional.com.br\/web\/wp-content\/uploads\/057-300x300.jpg 300w, https:\/\/estilingueprofissional.com.br\/web\/wp-content\/uploads\/057-150x150.jpg 150w, https:\/\/estilingueprofissional.com.br\/web\/wp-content\/uploads\/057-768x768.jpg 768w\" sizes=\"auto, (max-width: 1000px) 100vw, 1000px\" \/><\/a><figcaption class=\"wp-element-caption\"><a href=\"https:\/\/shope.ee\/7zj9cZ8fYn\" target=\"_blank\" rel=\"noreferrer noopener\">Clique para ver oferta<\/a><\/figcaption><\/figure>\n<\/div><\/div>\n\n\n\n<div class=\"wp-block-column is-layout-flow wp-block-column-is-layout-flow\"><div class=\"wp-block-image\">\n<figure class=\"aligncenter size-full\"><a href=\"https:\/\/shope.ee\/5peq9RBY9g\" target=\"_blank\" rel=\"noreferrer noopener\"><img loading=\"lazy\" decoding=\"async\" width=\"610\" height=\"610\" src=\"https:\/\/estilingueprofissional.com.br\/web\/wp-content\/uploads\/058.jpg\" alt=\"\" class=\"wp-image-295\" srcset=\"https:\/\/estilingueprofissional.com.br\/web\/wp-content\/uploads\/058.jpg 610w, https:\/\/estilingueprofissional.com.br\/web\/wp-content\/uploads\/058-300x300.jpg 300w, https:\/\/estilingueprofissional.com.br\/web\/wp-content\/uploads\/058-150x150.jpg 150w\" sizes=\"auto, (max-width: 610px) 100vw, 610px\" \/><\/a><figcaption class=\"wp-element-caption\"><a href=\"https:\/\/shope.ee\/5peq9RBY9g\" target=\"_blank\" rel=\"noreferrer noopener\">Clique para ver oferta<\/a><\/figcaption><\/figure>\n<\/div><\/div>\n\n\n\n<div class=\"wp-block-column is-layout-flow wp-block-column-is-layout-flow\"><div class=\"wp-block-image\">\n<figure class=\"aligncenter size-large\"><a href=\"https:\/\/shope.ee\/3fTSLv84FU\" target=\"_blank\" rel=\"noreferrer noopener\"><img loading=\"lazy\" decoding=\"async\" width=\"1024\" height=\"1024\" src=\"https:\/\/estilingueprofissional.com.br\/web\/wp-content\/uploads\/059-1024x1024.jpg\" alt=\"\" class=\"wp-image-294\" srcset=\"https:\/\/estilingueprofissional.com.br\/web\/wp-content\/uploads\/059-1024x1024.jpg 1024w, https:\/\/estilingueprofissional.com.br\/web\/wp-content\/uploads\/059-300x300.jpg 300w, https:\/\/estilingueprofissional.com.br\/web\/wp-content\/uploads\/059-150x150.jpg 150w, https:\/\/estilingueprofissional.com.br\/web\/wp-content\/uploads\/059-768x768.jpg 768w, https:\/\/estilingueprofissional.com.br\/web\/wp-content\/uploads\/059.jpg 1080w\" sizes=\"auto, (max-width: 1024px) 100vw, 1024px\" \/><\/a><figcaption class=\"wp-element-caption\"><a href=\"https:\/\/shope.ee\/3fTSLv84FU\" target=\"_blank\" rel=\"noreferrer noopener\">Clique para ver oferta<\/a><\/figcaption><\/figure>\n<\/div><\/div>\n<\/div>\n","protected":false},"excerpt":{"rendered":"<p>Ofertas especiais !! Estilingue Modelo Baby com Tripa de Mico Tubular (tripa de mico 6mm.) De R$ 119,90 por R$ 99,90 Forquilha em madeira maci\u00e7a&nbsp;modelo &#8220;Baby&#8221;&nbsp;montada com borracha tubular de alta qualidade.D\u00favidas? Cel.:&nbsp;12 99100-5311 Estilingue Modelo Baby com Faixa El\u00e1stica De R$ 129,90 por R$ 109,90 Forquilha em madeira maci\u00e7a de alta qualidade&nbsp;modelo &#8220;Baby&#8221;&nbsp;montada com&hellip; <br \/> <a class=\"read-more\" href=\"https:\/\/estilingueprofissional.com.br\/web\/loja-de-estilingues\/\">Leia mais<\/a><\/p>\n","protected":false},"author":1,"featured_media":0,"parent":0,"menu_order":0,"comment_status":"closed","ping_status":"closed","template":"","meta":{"footnotes":""},"class_list":["post-446","page","type-page","status-publish","hentry"],"yoast_head":"<!-- This site is optimized with the Yoast SEO plugin v27.2 - https:\/\/yoast.com\/product\/yoast-seo-wordpress\/ -->\n<title>Loja de estilingues - Estilingue Profissional<\/title>\n<meta name=\"robots\" content=\"index, follow, max-snippet:-1, max-image-preview:large, max-video-preview:-1\" \/>\n<link rel=\"canonical\" href=\"https:\/\/estilingueprofissional.com.br\/web\/loja-de-estilingues\/\" \/>\n<meta property=\"og:locale\" content=\"pt_BR\" \/>\n<meta property=\"og:type\" content=\"article\" \/>\n<meta property=\"og:title\" content=\"Loja de estilingues - Estilingue Profissional\" \/>\n<meta property=\"og:description\" content=\"Ofertas especiais !! Estilingue Modelo Baby com Tripa de Mico Tubular (tripa de mico 6mm.) De R$ 119,90 por R$ 99,90 Forquilha em madeira maci\u00e7a&nbsp;modelo &#8220;Baby&#8221;&nbsp;montada com borracha tubular de alta qualidade.D\u00favidas? Cel.:&nbsp;12 99100-5311 Estilingue Modelo Baby com Faixa El\u00e1stica De R$ 129,90 por R$ 109,90 Forquilha em madeira maci\u00e7a de alta qualidade&nbsp;modelo &#8220;Baby&#8221;&nbsp;montada com&hellip; Leia mais\" \/>\n<meta property=\"og:url\" content=\"https:\/\/estilingueprofissional.com.br\/web\/loja-de-estilingues\/\" \/>\n<meta property=\"og:site_name\" content=\"Estilingue Profissional\" \/>\n<meta property=\"article:publisher\" content=\"https:\/\/www.facebook.com\/estilingueprofissional\" \/>\n<meta property=\"article:modified_time\" content=\"2024-06-02T20:23:58+00:00\" \/>\n<meta property=\"og:image\" content=\"https:\/\/estilingueprofissional.com.br\/web\/wp-content\/uploads\/040.jpg\" \/>\n<meta name=\"twitter:card\" content=\"summary_large_image\" \/>\n<meta name=\"twitter:label1\" content=\"Est. tempo de leitura\" \/>\n\t<meta name=\"twitter:data1\" content=\"1 minuto\" \/>\n<script type=\"application\/ld+json\" class=\"yoast-schema-graph\">{\"@context\":\"https:\/\/schema.org\",\"@graph\":[{\"@type\":\"WebPage\",\"@id\":\"https:\/\/estilingueprofissional.com.br\/web\/loja-de-estilingues\/\",\"url\":\"https:\/\/estilingueprofissional.com.br\/web\/loja-de-estilingues\/\",\"name\":\"Loja de estilingues - Estilingue Profissional\",\"isPartOf\":{\"@id\":\"https:\/\/estilingueprofissional.com.br\/web\/#website\"},\"primaryImageOfPage\":{\"@id\":\"https:\/\/estilingueprofissional.com.br\/web\/loja-de-estilingues\/#primaryimage\"},\"image\":{\"@id\":\"https:\/\/estilingueprofissional.com.br\/web\/loja-de-estilingues\/#primaryimage\"},\"thumbnailUrl\":\"https:\/\/estilingueprofissional.com.br\/web\/wp-content\/uploads\/040.jpg\",\"datePublished\":\"2024-06-02T19:00:04+00:00\",\"dateModified\":\"2024-06-02T20:23:58+00:00\",\"breadcrumb\":{\"@id\":\"https:\/\/estilingueprofissional.com.br\/web\/loja-de-estilingues\/#breadcrumb\"},\"inLanguage\":\"pt-BR\",\"potentialAction\":[{\"@type\":\"ReadAction\",\"target\":[\"https:\/\/estilingueprofissional.com.br\/web\/loja-de-estilingues\/\"]}]},{\"@type\":\"ImageObject\",\"inLanguage\":\"pt-BR\",\"@id\":\"https:\/\/estilingueprofissional.com.br\/web\/loja-de-estilingues\/#primaryimage\",\"url\":\"https:\/\/estilingueprofissional.com.br\/web\/wp-content\/uploads\/040.jpg\",\"contentUrl\":\"https:\/\/estilingueprofissional.com.br\/web\/wp-content\/uploads\/040.jpg\",\"width\":1024,\"height\":1024},{\"@type\":\"BreadcrumbList\",\"@id\":\"https:\/\/estilingueprofissional.com.br\/web\/loja-de-estilingues\/#breadcrumb\",\"itemListElement\":[{\"@type\":\"ListItem\",\"position\":1,\"name\":\"In\u00edcio\",\"item\":\"https:\/\/estilingueprofissional.com.br\/web\/\"},{\"@type\":\"ListItem\",\"position\":2,\"name\":\"Loja de estilingues\"}]},{\"@type\":\"WebSite\",\"@id\":\"https:\/\/estilingueprofissional.com.br\/web\/#website\",\"url\":\"https:\/\/estilingueprofissional.com.br\/web\/\",\"name\":\"Estilingue Profissional\",\"description\":\"\",\"potentialAction\":[{\"@type\":\"SearchAction\",\"target\":{\"@type\":\"EntryPoint\",\"urlTemplate\":\"https:\/\/estilingueprofissional.com.br\/web\/?s={search_term_string}\"},\"query-input\":{\"@type\":\"PropertyValueSpecification\",\"valueRequired\":true,\"valueName\":\"search_term_string\"}}],\"inLanguage\":\"pt-BR\"}]}<\/script>\n<!-- \/ Yoast SEO plugin. -->","yoast_head_json":{"title":"Loja de estilingues - Estilingue Profissional","robots":{"index":"index","follow":"follow","max-snippet":"max-snippet:-1","max-image-preview":"max-image-preview:large","max-video-preview":"max-video-preview:-1"},"canonical":"https:\/\/estilingueprofissional.com.br\/web\/loja-de-estilingues\/","og_locale":"pt_BR","og_type":"article","og_title":"Loja de estilingues - Estilingue Profissional","og_description":"Ofertas especiais !! Estilingue Modelo Baby com Tripa de Mico Tubular (tripa de mico 6mm.) De R$ 119,90 por R$ 99,90 Forquilha em madeira maci\u00e7a&nbsp;modelo &#8220;Baby&#8221;&nbsp;montada com borracha tubular de alta qualidade.D\u00favidas? Cel.:&nbsp;12 99100-5311 Estilingue Modelo Baby com Faixa El\u00e1stica De R$ 129,90 por R$ 109,90 Forquilha em madeira maci\u00e7a de alta qualidade&nbsp;modelo &#8220;Baby&#8221;&nbsp;montada com&hellip; Leia mais","og_url":"https:\/\/estilingueprofissional.com.br\/web\/loja-de-estilingues\/","og_site_name":"Estilingue Profissional","article_publisher":"https:\/\/www.facebook.com\/estilingueprofissional","article_modified_time":"2024-06-02T20:23:58+00:00","og_image":[{"url":"https:\/\/estilingueprofissional.com.br\/web\/wp-content\/uploads\/040.jpg","type":"","width":"","height":""}],"twitter_card":"summary_large_image","twitter_misc":{"Est. tempo de leitura":"1 minuto"},"schema":{"@context":"https:\/\/schema.org","@graph":[{"@type":"WebPage","@id":"https:\/\/estilingueprofissional.com.br\/web\/loja-de-estilingues\/","url":"https:\/\/estilingueprofissional.com.br\/web\/loja-de-estilingues\/","name":"Loja de estilingues - Estilingue Profissional","isPartOf":{"@id":"https:\/\/estilingueprofissional.com.br\/web\/#website"},"primaryImageOfPage":{"@id":"https:\/\/estilingueprofissional.com.br\/web\/loja-de-estilingues\/#primaryimage"},"image":{"@id":"https:\/\/estilingueprofissional.com.br\/web\/loja-de-estilingues\/#primaryimage"},"thumbnailUrl":"https:\/\/estilingueprofissional.com.br\/web\/wp-content\/uploads\/040.jpg","datePublished":"2024-06-02T19:00:04+00:00","dateModified":"2024-06-02T20:23:58+00:00","breadcrumb":{"@id":"https:\/\/estilingueprofissional.com.br\/web\/loja-de-estilingues\/#breadcrumb"},"inLanguage":"pt-BR","potentialAction":[{"@type":"ReadAction","target":["https:\/\/estilingueprofissional.com.br\/web\/loja-de-estilingues\/"]}]},{"@type":"ImageObject","inLanguage":"pt-BR","@id":"https:\/\/estilingueprofissional.com.br\/web\/loja-de-estilingues\/#primaryimage","url":"https:\/\/estilingueprofissional.com.br\/web\/wp-content\/uploads\/040.jpg","contentUrl":"https:\/\/estilingueprofissional.com.br\/web\/wp-content\/uploads\/040.jpg","width":1024,"height":1024},{"@type":"BreadcrumbList","@id":"https:\/\/estilingueprofissional.com.br\/web\/loja-de-estilingues\/#breadcrumb","itemListElement":[{"@type":"ListItem","position":1,"name":"In\u00edcio","item":"https:\/\/estilingueprofissional.com.br\/web\/"},{"@type":"ListItem","position":2,"name":"Loja de estilingues"}]},{"@type":"WebSite","@id":"https:\/\/estilingueprofissional.com.br\/web\/#website","url":"https:\/\/estilingueprofissional.com.br\/web\/","name":"Estilingue Profissional","description":"","potentialAction":[{"@type":"SearchAction","target":{"@type":"EntryPoint","urlTemplate":"https:\/\/estilingueprofissional.com.br\/web\/?s={search_term_string}"},"query-input":{"@type":"PropertyValueSpecification","valueRequired":true,"valueName":"search_term_string"}}],"inLanguage":"pt-BR"}]}},"_links":{"self":[{"href":"https:\/\/estilingueprofissional.com.br\/web\/wp-json\/wp\/v2\/pages\/446","targetHints":{"allow":["GET"]}}],"collection":[{"href":"https:\/\/estilingueprofissional.com.br\/web\/wp-json\/wp\/v2\/pages"}],"about":[{"href":"https:\/\/estilingueprofissional.com.br\/web\/wp-json\/wp\/v2\/types\/page"}],"author":[{"embeddable":true,"href":"https:\/\/estilingueprofissional.com.br\/web\/wp-json\/wp\/v2\/users\/1"}],"replies":[{"embeddable":true,"href":"https:\/\/estilingueprofissional.com.br\/web\/wp-json\/wp\/v2\/comments?post=446"}],"version-history":[{"count":2,"href":"https:\/\/estilingueprofissional.com.br\/web\/wp-json\/wp\/v2\/pages\/446\/revisions"}],"predecessor-version":[{"id":453,"href":"https:\/\/estilingueprofissional.com.br\/web\/wp-json\/wp\/v2\/pages\/446\/revisions\/453"}],"wp:attachment":[{"href":"https:\/\/estilingueprofissional.com.br\/web\/wp-json\/wp\/v2\/media?parent=446"}],"curies":[{"name":"wp","href":"https:\/\/api.w.org\/{rel}","templated":true}]}}